

{"id":91214,"date":"2024-07-26T16:33:01","date_gmt":"2024-07-26T16:33:01","guid":{"rendered":"https:\/\/new.aavesa.com\/produs\/baranybor-es-sarki-roka-szorme-kabat-2055\/"},"modified":"2025-11-17T06:27:18","modified_gmt":"2025-11-17T06:27:18","slug":"baranybor-es-sarki-roka-szorme-kabat-2055","status":"publish","type":"product","link":"https:\/\/aavesa.com\/hu\/product\/baranybor-es-sarki-roka-szorme-kabat-2055\/","title":{"rendered":"B\u00e1r\u00e1nyb\u0151r \u00e9s sarki r\u00f3ka sz\u0151rme kab\u00e1t 2055"},"content":{"rendered":"<p>Ez a term\u00e9szetes b\u00e1r\u00e1ny- \u00e9s sarki r\u00f3ka sz\u0151rmebunda egy st\u00edlusos \u00e9s tart\u00f3s kab\u00e1t, amely az \u00e9v leghidegebb napjain is melegen tart. Az \u00f6lt\u00f6z\u00e9kek k\u00f6nnyebben \u00f6sszeilleszthet\u0151k lesznek, \u00e9s a mer\u00e9sz megjelen\u00e9sek a szesz\u00e9lyes id\u0151j\u00e1r\u00e1s ellen\u00e9re is sikeresen befejez\u0151dnek ezzel a modern diz\u00e1jnnal rendelkez\u0151 n\u0151i kab\u00e1ttal. A kab\u00e1t klipszekkel \u00e9s a der\u00e9kn\u00e1l l\u00e9v\u0151 zsin\u00f3rral z\u00e1r\u00f3dik. A kab\u00e1t meleg kapucnival \u00e9s barna sz\u0151rme r\u00e9szletekkel van ell\u00e1tva, amelyek n\u00f6velik a k\u00e9nyelmet \u00e9s n\u0151ies \u00e9s eredeti megjelen\u00e9st biztos\u00edtanak. Modell\u00fcnk 176 cm magas, 36-os m\u00e9retet visel, a term\u00e9k hossza 95 cm.    <\/p>\n","protected":false},"excerpt":{"rendered":"<p>Ez a term\u00e9szetes b\u00e1r\u00e1ny- \u00e9s sarki r\u00f3ka sz\u0151rmebunda egy st\u00edlusos \u00e9s tart\u00f3s kab\u00e1t, amely az \u00e9v leghidegebb napjain is melegen tart. Az \u00f6lt\u00f6z\u00e9kek k\u00f6nnyebben \u00f6sszeilleszthet\u0151k lesznek, \u00e9s a mer\u00e9sz megjelen\u00e9sek a szesz\u00e9lyes id\u0151j\u00e1r\u00e1s ellen\u00e9re is sikeresen befejez\u0151dnek ezzel a modern diz\u00e1jnnal rendelkez\u0151 n\u0151i kab\u00e1ttal. A kab\u00e1t klipszekkel \u00e9s a der\u00e9kn\u00e1l l\u00e9v\u0151 zsin\u00f3rral z\u00e1r\u00f3dik. A kab\u00e1t [&hellip;]<\/p>\n","protected":false},"featured_media":91215,"comment_status":"closed","ping_status":"closed","template":"","meta":{"_acf_changed":false,"om_disable_all_campaigns":false,"inline_featured_image":false,"_monsterinsights_skip_tracking":false,"_monsterinsights_sitenote_active":false,"_monsterinsights_sitenote_note":"","_monsterinsights_sitenote_category":0},"product_brand":[],"product_cat":[833,779,741,765],"product_tag":[],"class_list":{"0":"post-91214","1":"product","2":"type-product","3":"status-publish","4":"has-post-thumbnail","6":"product_cat-2022-2023-as-kollekcio","7":"product_cat-noi-shearling-kabatok","8":"product_cat-nok","9":"product_cat-roka-szorme","11":"first","12":"outofstock","13":"taxable","14":"shipping-taxable","15":"product-type-variable","16":"has-default-attributes","17":"wvs-archive-product-wrapper"},"acf":{"categorie_feed":""},"aioseo_notices":[],"_links":{"self":[{"href":"https:\/\/aavesa.com\/hu\/wp-json\/wp\/v2\/product\/91214","targetHints":{"allow":["GET"]}}],"collection":[{"href":"https:\/\/aavesa.com\/hu\/wp-json\/wp\/v2\/product"}],"about":[{"href":"https:\/\/aavesa.com\/hu\/wp-json\/wp\/v2\/types\/product"}],"replies":[{"embeddable":true,"href":"https:\/\/aavesa.com\/hu\/wp-json\/wp\/v2\/comments?post=91214"}],"wp:featuredmedia":[{"embeddable":true,"href":"https:\/\/aavesa.com\/hu\/wp-json\/wp\/v2\/media\/91215"}],"wp:attachment":[{"href":"https:\/\/aavesa.com\/hu\/wp-json\/wp\/v2\/media?parent=91214"}],"wp:term":[{"taxonomy":"product_brand","embeddable":true,"href":"https:\/\/aavesa.com\/hu\/wp-json\/wp\/v2\/product_brand?post=91214"},{"taxonomy":"product_cat","embeddable":true,"href":"https:\/\/aavesa.com\/hu\/wp-json\/wp\/v2\/product_cat?post=91214"},{"taxonomy":"product_tag","embeddable":true,"href":"https:\/\/aavesa.com\/hu\/wp-json\/wp\/v2\/product_tag?post=91214"}],"curies":[{"name":"wp","href":"https:\/\/api.w.org\/{rel}","templated":true}]}}