

{"id":91228,"date":"2024-07-26T16:33:00","date_gmt":"2024-07-26T16:33:00","guid":{"rendered":"https:\/\/new.aavesa.com\/produs\/bor-baranybor-kabat-382\/"},"modified":"2025-11-17T06:27:23","modified_gmt":"2025-11-17T06:27:23","slug":"bor-baranybor-kabat-382","status":"publish","type":"product","link":"https:\/\/aavesa.com\/hu\/product\/bor-baranybor-kabat-382\/","title":{"rendered":"B\u0151r b\u00e1r\u00e1nyb\u0151r kab\u00e1t 382"},"content":{"rendered":"<p>Ez a val\u00f3di szarvasb\u0151rb\u0151l k\u00e9sz\u00fclt f\u00e9rfi b\u0151rkab\u00e1t egy olyan ruhadarab, amelyet neh\u00e9z kihagyni. A klasszikus \u00e9s f\u00e9rfias kialak\u00edt\u00e1s, valamint a kiv\u00e1l\u00f3 min\u0151s\u00e9g\u0171 anyagok garant\u00e1lj\u00e1k a tart\u00f3ss\u00e1got, de a fokozott k\u00e9nyelmet is. A term\u00e9szetes sz\u0151rmebunda a legihletettebb v\u00e1laszt\u00e1s, ha az \u00e9v leghidegebb napjain is ugyanolyan nyugodtan szeretn\u00e9d viselni az \u00f6lt\u00f6z\u00e9kedet. A kab\u00e1t 2 gombsorral \u00e9s t\u00e1gas zsebekkel van ell\u00e1tva, bel\u00fcl pedig b\u00e1r\u00e1nysz\u0151rm\u00e9vel van b\u00e9lelve a m\u00e9g nagyobb k\u00e9nyelem \u00e9rdek\u00e9ben. Modell\u00fcnk 183 cm magas, 48-as m\u00e9retet visel, a term\u00e9k hossza pedig 83 cm.    <\/p>\n","protected":false},"excerpt":{"rendered":"<p>Ez a val\u00f3di szarvasb\u0151rb\u0151l k\u00e9sz\u00fclt f\u00e9rfi b\u0151rkab\u00e1t egy olyan ruhadarab, amelyet neh\u00e9z kihagyni. A klasszikus \u00e9s f\u00e9rfias kialak\u00edt\u00e1s, valamint a kiv\u00e1l\u00f3 min\u0151s\u00e9g\u0171 anyagok garant\u00e1lj\u00e1k a tart\u00f3ss\u00e1got, de a fokozott k\u00e9nyelmet is. A term\u00e9szetes sz\u0151rmebunda a legihletettebb v\u00e1laszt\u00e1s, ha az \u00e9v leghidegebb napjain is ugyanolyan nyugodtan szeretn\u00e9d viselni az \u00f6lt\u00f6z\u00e9kedet. A kab\u00e1t 2 gombsorral \u00e9s t\u00e1gas [&hellip;]<\/p>\n","protected":false},"featured_media":91229,"comment_status":"closed","ping_status":"closed","template":"","meta":{"_acf_changed":false,"om_disable_all_campaigns":false,"inline_featured_image":false,"_monsterinsights_skip_tracking":false,"_monsterinsights_sitenote_active":false,"_monsterinsights_sitenote_note":"","_monsterinsights_sitenote_category":0},"product_brand":[],"product_cat":[833,725,777],"product_tag":[],"class_list":{"0":"post-91228","1":"product","2":"type-product","3":"status-publish","4":"has-post-thumbnail","6":"product_cat-2022-2023-as-kollekcio","7":"product_cat-ferfiak","8":"product_cat-shearling-kabatok-ferfiaknak-ferfiak","10":"first","11":"instock","12":"taxable","13":"shipping-taxable","14":"purchasable","15":"product-type-variable","16":"has-default-attributes","17":"wvs-archive-product-wrapper"},"acf":{"categorie_feed":""},"aioseo_notices":[],"_links":{"self":[{"href":"https:\/\/aavesa.com\/hu\/wp-json\/wp\/v2\/product\/91228","targetHints":{"allow":["GET"]}}],"collection":[{"href":"https:\/\/aavesa.com\/hu\/wp-json\/wp\/v2\/product"}],"about":[{"href":"https:\/\/aavesa.com\/hu\/wp-json\/wp\/v2\/types\/product"}],"replies":[{"embeddable":true,"href":"https:\/\/aavesa.com\/hu\/wp-json\/wp\/v2\/comments?post=91228"}],"wp:featuredmedia":[{"embeddable":true,"href":"https:\/\/aavesa.com\/hu\/wp-json\/wp\/v2\/media\/91229"}],"wp:attachment":[{"href":"https:\/\/aavesa.com\/hu\/wp-json\/wp\/v2\/media?parent=91228"}],"wp:term":[{"taxonomy":"product_brand","embeddable":true,"href":"https:\/\/aavesa.com\/hu\/wp-json\/wp\/v2\/product_brand?post=91228"},{"taxonomy":"product_cat","embeddable":true,"href":"https:\/\/aavesa.com\/hu\/wp-json\/wp\/v2\/product_cat?post=91228"},{"taxonomy":"product_tag","embeddable":true,"href":"https:\/\/aavesa.com\/hu\/wp-json\/wp\/v2\/product_tag?post=91228"}],"curies":[{"name":"wp","href":"https:\/\/api.w.org\/{rel}","templated":true}]}}