

{"id":91233,"date":"2024-07-26T16:33:01","date_gmt":"2024-07-26T16:33:01","guid":{"rendered":"https:\/\/new.aavesa.com\/produs\/please-provide-the-text-youd-like-translated-for-the-merino-shearling-jacket-2043-and-ill-help-with-the-translation\/"},"modified":"2026-04-10T15:02:47","modified_gmt":"2026-04-10T17:02:47","slug":"please-provide-the-text-youd-like-translated-for-the-merino-shearling-jacket-2043-and-ill-help-with-the-translation","status":"publish","type":"product","link":"https:\/\/aavesa.com\/hu\/product\/please-provide-the-text-youd-like-translated-for-the-merino-shearling-jacket-2043-and-ill-help-with-the-translation\/","title":{"rendered":"Merino b\u00e1r\u00e1nyb\u0151r kab\u00e1t 2043"},"content":{"rendered":"<p>Val\u00f3di sz\u0151rmekab\u00e1t modern diz\u00e1jnnal, amely a hideg napokat csak t\u00e1voli eml\u00e9kk\u00e9 teszi. A val\u00f3di bunda egy nagyon tart\u00f3s anyag, amely kiv\u00e9telesen j\u00f3l szigetel m\u00e9g akkor is, ha odakint fagy van. Ennek a sz\u0151rmekab\u00e1tnak a szab\u00e1sa alkalmass\u00e1 teszi a mindennapi \u00f6lt\u00f6z\u00e9kek kieg\u00e9sz\u00edt\u00e9s\u00e9re, de a jelenlegi trendeknek megfelel\u0151, nonkonformist\u00e1bb \u00f6lt\u00f6z\u00e9kek l\u00e9trehoz\u00e1s\u00e1ra is. Ez a kab\u00e1t t\u00f6bb sz\u00ednben is kaphat\u00f3, \u00edgy b\u00e1rmilyen megjelen\u00e9shez k\u00f6nnyen p\u00e1ros\u00edthat\u00f3: sz\u00fcrke, barna vagy fekete. Modell\u00fcnk 176 cm magas \u00e9s 36-os m\u00e9retet visel fekete sz\u00ednben, illetve 175 cm magas \u00e9s 40-es m\u00e9retet visel barna sz\u00ednben. A term\u00e9k hossza 57 cm.     <\/p>\n","protected":false},"excerpt":{"rendered":"<p>Val\u00f3di sz\u0151rmekab\u00e1t modern diz\u00e1jnnal, amely a hideg napokat csak t\u00e1voli eml\u00e9kk\u00e9 teszi. A val\u00f3di bunda egy nagyon tart\u00f3s anyag, amely kiv\u00e9telesen j\u00f3l szigetel m\u00e9g akkor is, ha odakint fagy van. Ennek a sz\u0151rmekab\u00e1tnak a szab\u00e1sa alkalmass\u00e1 teszi a mindennapi \u00f6lt\u00f6z\u00e9kek kieg\u00e9sz\u00edt\u00e9s\u00e9re, de a jelenlegi trendeknek megfelel\u0151, nonkonformist\u00e1bb \u00f6lt\u00f6z\u00e9kek l\u00e9trehoz\u00e1s\u00e1ra is. Ez a kab\u00e1t t\u00f6bb sz\u00ednben [&hellip;]<\/p>\n","protected":false},"featured_media":91234,"comment_status":"closed","ping_status":"closed","template":"","meta":{"_acf_changed":false,"om_disable_all_campaigns":false,"inline_featured_image":false,"_monsterinsights_skip_tracking":false,"_monsterinsights_sitenote_active":false,"_monsterinsights_sitenote_note":"","_monsterinsights_sitenote_category":0},"product_brand":[],"product_cat":[833,952,773,741],"product_tag":[],"class_list":{"0":"post-91233","1":"product","2":"type-product","3":"status-publish","4":"has-post-thumbnail","6":"product_cat-2022-2023-as-kollekcio","7":"product_cat-ferfi-es-noi-pehelypaplan-dzsekik-a-luxus-es-a-melegseg-vegso-kevereke","8":"product_cat-noi-shearling-dzsekik","9":"product_cat-nok","11":"first","12":"instock","13":"taxable","14":"shipping-taxable","15":"purchasable","16":"product-type-variable","17":"has-default-attributes","18":"wvs-archive-product-wrapper"},"acf":{"categorie_feed":""},"aioseo_notices":[],"_links":{"self":[{"href":"https:\/\/aavesa.com\/hu\/wp-json\/wp\/v2\/product\/91233","targetHints":{"allow":["GET"]}}],"collection":[{"href":"https:\/\/aavesa.com\/hu\/wp-json\/wp\/v2\/product"}],"about":[{"href":"https:\/\/aavesa.com\/hu\/wp-json\/wp\/v2\/types\/product"}],"replies":[{"embeddable":true,"href":"https:\/\/aavesa.com\/hu\/wp-json\/wp\/v2\/comments?post=91233"}],"wp:featuredmedia":[{"embeddable":true,"href":"https:\/\/aavesa.com\/hu\/wp-json\/wp\/v2\/media\/91234"}],"wp:attachment":[{"href":"https:\/\/aavesa.com\/hu\/wp-json\/wp\/v2\/media?parent=91233"}],"wp:term":[{"taxonomy":"product_brand","embeddable":true,"href":"https:\/\/aavesa.com\/hu\/wp-json\/wp\/v2\/product_brand?post=91233"},{"taxonomy":"product_cat","embeddable":true,"href":"https:\/\/aavesa.com\/hu\/wp-json\/wp\/v2\/product_cat?post=91233"},{"taxonomy":"product_tag","embeddable":true,"href":"https:\/\/aavesa.com\/hu\/wp-json\/wp\/v2\/product_tag?post=91233"}],"curies":[{"name":"wp","href":"https:\/\/api.w.org\/{rel}","templated":true}]}}