

{"id":91246,"date":"2024-07-26T16:33:00","date_gmt":"2024-07-26T16:33:00","guid":{"rendered":"https:\/\/new.aavesa.com\/produs\/merino-baranybor-kabat-2052\/"},"modified":"2026-04-13T09:16:55","modified_gmt":"2026-04-13T11:16:55","slug":"merino-baranybor-kabat-2052","status":"publish","type":"product","link":"https:\/\/aavesa.com\/hu\/product\/merino-baranybor-kabat-2052\/","title":{"rendered":"Merin\u00f3 b\u00e1r\u00e1nyb\u0151r kab\u00e1t 2052"},"content":{"rendered":"<p>Egy meleg, term\u00e9szetes sz\u0151rmebunda minden n\u0151 sz\u00e1m\u00e1ra igazi csemege. Ez a term\u00e9szetes b\u00e1r\u00e1nysz\u0151rm\u00e9b\u0151l k\u00e9sz\u00fclt n\u0151i kab\u00e1t modern \u00e9s eleg\u00e1ns kialak\u00edt\u00e1s\u00e1val t\u0171nik ki. Ez a n\u0151i bunda egy min\u0151s\u00e9gi ruhadarab, amely k\u00e9nyelmes, m\u00e9gis praktikus, sokoldal\u00fa \u00e9s tart\u00f3s. A gombok seg\u00edts\u00e9g\u00e9vel k\u00f6nnyen z\u00e1rhat\u00f3, a kab\u00e1t pedig nagym\u00e9ret\u0171 zsebekkel rendelkezik, amelyek p\u00e1rn\u00e1zott sz\u00e9lekkel vannak ell\u00e1tva az extra melegs\u00e9g \u00e9rdek\u00e9ben. A meleg b\u00e1r\u00e1nysz\u0151rm\u00e9nek k\u00f6sz\u00f6nhet\u0151en a nyak ter\u00fclete is v\u00e9dve lesz. Modell\u00fcnk 176 cm magas, \u00e9s 36-os m\u00e9retet visel b\u00e9zs sz\u00ednben, illetve 175 cm magas, \u00e9s 40-es m\u00e9retet visel fekete sz\u00ednben. A term\u00e9k hossza 95 cm.      <\/p>\n","protected":false},"excerpt":{"rendered":"<p>Egy meleg, term\u00e9szetes sz\u0151rmebunda minden n\u0151 sz\u00e1m\u00e1ra igazi csemege. Ez a term\u00e9szetes b\u00e1r\u00e1nysz\u0151rm\u00e9b\u0151l k\u00e9sz\u00fclt n\u0151i kab\u00e1t modern \u00e9s eleg\u00e1ns kialak\u00edt\u00e1s\u00e1val t\u0171nik ki. Ez a n\u0151i bunda egy min\u0151s\u00e9gi ruhadarab, amely k\u00e9nyelmes, m\u00e9gis praktikus, sokoldal\u00fa \u00e9s tart\u00f3s. A gombok seg\u00edts\u00e9g\u00e9vel k\u00f6nnyen z\u00e1rhat\u00f3, a kab\u00e1t pedig nagym\u00e9ret\u0171 zsebekkel rendelkezik, amelyek p\u00e1rn\u00e1zott sz\u00e9lekkel vannak ell\u00e1tva az extra melegs\u00e9g [&hellip;]<\/p>\n","protected":false},"featured_media":91247,"comment_status":"closed","ping_status":"closed","template":"","meta":{"_acf_changed":false,"om_disable_all_campaigns":false,"inline_featured_image":false,"_monsterinsights_skip_tracking":false,"_monsterinsights_sitenote_active":false,"_monsterinsights_sitenote_note":"","_monsterinsights_sitenote_category":0},"product_brand":[],"product_cat":[833,778,779,741],"product_tag":[],"class_list":{"0":"post-91246","1":"product","2":"type-product","3":"status-publish","4":"has-post-thumbnail","6":"product_cat-2022-2023-as-kollekcio","7":"product_cat-baranybor-kabatok-hu","8":"product_cat-noi-shearling-kabatok","9":"product_cat-nok","11":"first","12":"instock","13":"taxable","14":"shipping-taxable","15":"purchasable","16":"product-type-variable","17":"has-default-attributes","18":"wvs-archive-product-wrapper"},"acf":{"categorie_feed":""},"aioseo_notices":[],"_links":{"self":[{"href":"https:\/\/aavesa.com\/hu\/wp-json\/wp\/v2\/product\/91246","targetHints":{"allow":["GET"]}}],"collection":[{"href":"https:\/\/aavesa.com\/hu\/wp-json\/wp\/v2\/product"}],"about":[{"href":"https:\/\/aavesa.com\/hu\/wp-json\/wp\/v2\/types\/product"}],"replies":[{"embeddable":true,"href":"https:\/\/aavesa.com\/hu\/wp-json\/wp\/v2\/comments?post=91246"}],"wp:featuredmedia":[{"embeddable":true,"href":"https:\/\/aavesa.com\/hu\/wp-json\/wp\/v2\/media\/91247"}],"wp:attachment":[{"href":"https:\/\/aavesa.com\/hu\/wp-json\/wp\/v2\/media?parent=91246"}],"wp:term":[{"taxonomy":"product_brand","embeddable":true,"href":"https:\/\/aavesa.com\/hu\/wp-json\/wp\/v2\/product_brand?post=91246"},{"taxonomy":"product_cat","embeddable":true,"href":"https:\/\/aavesa.com\/hu\/wp-json\/wp\/v2\/product_cat?post=91246"},{"taxonomy":"product_tag","embeddable":true,"href":"https:\/\/aavesa.com\/hu\/wp-json\/wp\/v2\/product_tag?post=91246"}],"curies":[{"name":"wp","href":"https:\/\/api.w.org\/{rel}","templated":true}]}}