

{"id":91253,"date":"2024-07-26T16:33:00","date_gmt":"2024-07-26T16:33:00","guid":{"rendered":"https:\/\/new.aavesa.com\/produs\/kapucnis-nyulszorme-kabat-hm028\/"},"modified":"2025-11-17T06:27:25","modified_gmt":"2025-11-17T06:27:25","slug":"kapucnis-nyulszorme-kabat-hm028","status":"publish","type":"product","link":"https:\/\/aavesa.com\/hu\/product\/kapucnis-nyulszorme-kabat-hm028\/","title":{"rendered":"Kapucnis ny\u00falsz\u0151rme kab\u00e1t HM028"},"content":{"rendered":"<p>A melegs\u00e9gnek \u00e9s a k\u00e9nyelemnek nem kell kompromisszumot jelentenie a st\u00edlus ter\u00e9n. Ez a <a rel=\"nofollow\" href=\"https:\/\/aavesa.com\/hu\/nok\/vidra-bundak-vidra-zsekik\/\">term\u00e9szetes kapucnis nercbunda<\/a> minden napot igazi \u00e9lm\u00e9nny\u00e9 var\u00e1zsol, f\u00fcggetlen\u00fcl att\u00f3l, hogy milyen alacsony a kinti h\u0151m\u00e9rs\u00e9klet. A kifinomult \u00e9s f\u00e9ny\u0171z\u0151 n\u0151i nercbunda t\u00f6bb mint egy v\u00e1s\u00e1rl\u00e1s, hossz\u00fa t\u00e1v\u00fa befektet\u00e9s. Vigyen szem\u00e9lyis\u00e9get minden \u00f6lt\u00f6z\u00e9k\u00e9be, \u00e9s fokozza megjelen\u00e9s\u00e9t egy k\u00fcl\u00f6nleges bunda visel\u00e9s\u00e9vel. A kab\u00e1t kapucnival van ell\u00e1tva, \u00e1rnyalata pedig ol\u00edva, egy olyan sz\u00edn, amely mindig kiemeli \u00d6nt. Modell\u00fcnk 175 cm magas, 40-es m\u00e9retet visel, a term\u00e9k hossza pedig 60 cm.     <\/p>\n","protected":false},"excerpt":{"rendered":"<p>A melegs\u00e9gnek \u00e9s a k\u00e9nyelemnek nem kell kompromisszumot jelentenie a st\u00edlus ter\u00e9n. Ez a term\u00e9szetes kapucnis nercbunda minden napot igazi \u00e9lm\u00e9nny\u00e9 var\u00e1zsol, f\u00fcggetlen\u00fcl att\u00f3l, hogy milyen alacsony a kinti h\u0151m\u00e9rs\u00e9klet. A kifinomult \u00e9s f\u00e9ny\u0171z\u0151 n\u0151i nercbunda t\u00f6bb mint egy v\u00e1s\u00e1rl\u00e1s, hossz\u00fa t\u00e1v\u00fa befektet\u00e9s. Vigyen szem\u00e9lyis\u00e9get minden \u00f6lt\u00f6z\u00e9k\u00e9be, \u00e9s fokozza megjelen\u00e9s\u00e9t egy k\u00fcl\u00f6nleges bunda visel\u00e9s\u00e9vel. A [&hellip;]<\/p>\n","protected":false},"featured_media":91254,"comment_status":"closed","ping_status":"closed","template":"","meta":{"_acf_changed":false,"om_disable_all_campaigns":false,"inline_featured_image":false,"_monsterinsights_skip_tracking":false,"_monsterinsights_sitenote_active":false,"_monsterinsights_sitenote_note":"","_monsterinsights_sitenote_category":0},"product_brand":[],"product_cat":[833,766,769,741,770],"product_tag":[],"class_list":{"0":"post-91253","1":"product","2":"type-product","3":"status-publish","4":"has-post-thumbnail","6":"product_cat-2022-2023-as-kollekcio","7":"product_cat-bundas-kabatok-es-bundas-dzsekik-noknek","8":"product_cat-nerc-szorme","9":"product_cat-nok","10":"product_cat-vidra-bundak-vidra-zsekik","12":"first","13":"instock","14":"taxable","15":"shipping-taxable","16":"purchasable","17":"product-type-variable","18":"has-default-attributes","19":"wvs-archive-product-wrapper"},"acf":{"categorie_feed":""},"aioseo_notices":[],"_links":{"self":[{"href":"https:\/\/aavesa.com\/hu\/wp-json\/wp\/v2\/product\/91253","targetHints":{"allow":["GET"]}}],"collection":[{"href":"https:\/\/aavesa.com\/hu\/wp-json\/wp\/v2\/product"}],"about":[{"href":"https:\/\/aavesa.com\/hu\/wp-json\/wp\/v2\/types\/product"}],"replies":[{"embeddable":true,"href":"https:\/\/aavesa.com\/hu\/wp-json\/wp\/v2\/comments?post=91253"}],"wp:featuredmedia":[{"embeddable":true,"href":"https:\/\/aavesa.com\/hu\/wp-json\/wp\/v2\/media\/91254"}],"wp:attachment":[{"href":"https:\/\/aavesa.com\/hu\/wp-json\/wp\/v2\/media?parent=91253"}],"wp:term":[{"taxonomy":"product_brand","embeddable":true,"href":"https:\/\/aavesa.com\/hu\/wp-json\/wp\/v2\/product_brand?post=91253"},{"taxonomy":"product_cat","embeddable":true,"href":"https:\/\/aavesa.com\/hu\/wp-json\/wp\/v2\/product_cat?post=91253"},{"taxonomy":"product_tag","embeddable":true,"href":"https:\/\/aavesa.com\/hu\/wp-json\/wp\/v2\/product_tag?post=91253"}],"curies":[{"name":"wp","href":"https:\/\/api.w.org\/{rel}","templated":true}]}}