

{"id":91258,"date":"2024-07-26T16:33:00","date_gmt":"2024-07-26T16:33:00","guid":{"rendered":"https:\/\/new.aavesa.com\/produs\/kapucnis-baranybor-es-roka-szorme-kabat-2053\/"},"modified":"2026-04-13T09:16:55","modified_gmt":"2026-04-13T11:16:55","slug":"kapucnis-baranybor-es-roka-szorme-kabat-2053","status":"publish","type":"product","link":"https:\/\/aavesa.com\/hu\/product\/kapucnis-baranybor-es-roka-szorme-kabat-2053\/","title":{"rendered":"Kapucnis b\u00e1r\u00e1nyb\u0151r \u00e9s r\u00f3ka sz\u0151rme kab\u00e1t 2053"},"content":{"rendered":"<p>A meleg t\u00e9li <a href=\"https:\/\/aavesa.com\/hu\/nok\/noi-shearling-kabatok\/\">kapucnis juh\u00e1sz- \u00e9s r\u00f3kabunda<\/a> hossz\u00fa t\u00e1v\u00fa befektet\u00e9s, amely hossz\u00fa \u00e9veken \u00e1t \u00f6r\u00f6met okoz majd a leghidegebb napokon is. Ez a n\u0151i term\u00e9szetes b\u00e1r\u00e1nyb\u0151r \u00e9s sarki r\u00f3ka sz\u0151rme kab\u00e1t st\u00edlusos \u00e9s vastag, t\u00f6k\u00e9letes a hideg \u00e9vszakhoz ill\u0151 megjelen\u00e9s kieg\u00e9sz\u00edt\u00e9s\u00e9re. A b\u00e1r\u00e1nysz\u0151rme szigetel \u00e9s meleget biztos\u00edt, m\u00edg a r\u00f3kasz\u0151rme hosszabb fonala megv\u00e9di a kezeket \u00e9s a fejet a kem\u00e9ny sz\u00e9lt\u0151l. A kab\u00e1t cipz\u00e1rral \u00e9s a der\u00e9kvonalat hangs\u00falyoz\u00f3 \u00f6vvel z\u00e1r\u00f3dik. A kapucni p\u00e1rn\u00e1zott \u00e9s meleg. A sz\u00fcrke \u00e9s a fekete \u00e1rnyalatai t\u00f6k\u00e9letesen kieg\u00e9sz\u00edtik b\u00e1rmelyik \u00f6lt\u00f6z\u00e9ket. Modell\u00fcnk 176 cm magas \u00e9s 36-os m\u00e9retet visel fekete sz\u00ednben, illetve 175 cm magas \u00e9s 40-es m\u00e9retet visel sz\u00fcrke sz\u00ednben. A term\u00e9k hossza 100 cm.     <\/p>\n","protected":false},"excerpt":{"rendered":"<p>A meleg t\u00e9li kapucnis juh\u00e1sz- \u00e9s r\u00f3kabunda hossz\u00fa t\u00e1v\u00fa befektet\u00e9s, amely hossz\u00fa \u00e9veken \u00e1t \u00f6r\u00f6met okoz majd a leghidegebb napokon is. Ez a n\u0151i term\u00e9szetes b\u00e1r\u00e1nyb\u0151r \u00e9s sarki r\u00f3ka sz\u0151rme kab\u00e1t st\u00edlusos \u00e9s vastag, t\u00f6k\u00e9letes a hideg \u00e9vszakhoz ill\u0151 megjelen\u00e9s kieg\u00e9sz\u00edt\u00e9s\u00e9re. A b\u00e1r\u00e1nysz\u0151rme szigetel \u00e9s meleget biztos\u00edt, m\u00edg a r\u00f3kasz\u0151rme hosszabb fonala megv\u00e9di a kezeket [&hellip;]<\/p>\n","protected":false},"featured_media":91259,"comment_status":"closed","ping_status":"closed","template":"","meta":{"_acf_changed":false,"om_disable_all_campaigns":false,"inline_featured_image":false,"_monsterinsights_skip_tracking":false,"_monsterinsights_sitenote_active":false,"_monsterinsights_sitenote_note":"","_monsterinsights_sitenote_category":0},"product_brand":[],"product_cat":[833,778,779,741,765],"product_tag":[],"class_list":{"0":"post-91258","1":"product","2":"type-product","3":"status-publish","4":"has-post-thumbnail","6":"product_cat-2022-2023-as-kollekcio","7":"product_cat-baranybor-kabatok-hu","8":"product_cat-noi-shearling-kabatok","9":"product_cat-nok","10":"product_cat-roka-szorme","12":"first","13":"instock","14":"taxable","15":"shipping-taxable","16":"purchasable","17":"product-type-variable","18":"has-default-attributes","19":"wvs-archive-product-wrapper"},"acf":{"categorie_feed":""},"aioseo_notices":[],"_links":{"self":[{"href":"https:\/\/aavesa.com\/hu\/wp-json\/wp\/v2\/product\/91258","targetHints":{"allow":["GET"]}}],"collection":[{"href":"https:\/\/aavesa.com\/hu\/wp-json\/wp\/v2\/product"}],"about":[{"href":"https:\/\/aavesa.com\/hu\/wp-json\/wp\/v2\/types\/product"}],"replies":[{"embeddable":true,"href":"https:\/\/aavesa.com\/hu\/wp-json\/wp\/v2\/comments?post=91258"}],"wp:featuredmedia":[{"embeddable":true,"href":"https:\/\/aavesa.com\/hu\/wp-json\/wp\/v2\/media\/91259"}],"wp:attachment":[{"href":"https:\/\/aavesa.com\/hu\/wp-json\/wp\/v2\/media?parent=91258"}],"wp:term":[{"taxonomy":"product_brand","embeddable":true,"href":"https:\/\/aavesa.com\/hu\/wp-json\/wp\/v2\/product_brand?post=91258"},{"taxonomy":"product_cat","embeddable":true,"href":"https:\/\/aavesa.com\/hu\/wp-json\/wp\/v2\/product_cat?post=91258"},{"taxonomy":"product_tag","embeddable":true,"href":"https:\/\/aavesa.com\/hu\/wp-json\/wp\/v2\/product_tag?post=91258"}],"curies":[{"name":"wp","href":"https:\/\/api.w.org\/{rel}","templated":true}]}}