

{"id":91267,"date":"2024-07-26T16:32:38","date_gmt":"2024-07-26T16:32:38","guid":{"rendered":"https:\/\/new.aavesa.com\/produs\/termeszetes-baranybor-dzseki-ferfiaknak-3024\/"},"modified":"2025-11-17T06:27:23","modified_gmt":"2025-11-17T06:27:23","slug":"termeszetes-baranybor-dzseki-ferfiaknak-3024","status":"publish","type":"product","link":"https:\/\/aavesa.com\/hu\/product\/termeszetes-baranybor-dzseki-ferfiaknak-3024\/","title":{"rendered":"Term\u00e9szetes b\u00e1r\u00e1nyb\u0151r dzseki f\u00e9rfiaknak 3024"},"content":{"rendered":"<p>A val\u00f3di b\u0151r a legkeresettebb anyag a kop\u00e1s\u00e1ll\u00f3s\u00e1ga \u00e9s k\u00fcl\u00f6nleges megjelen\u00e9se miatt. Ez a <a href=\"https:\/\/aavesa.com\/hu\/ferfiak\/borkabatok-ferfiaknak\/\">term\u00e9szetes b\u00e1r\u00e1nyb\u0151r f\u00e9rfi dzseki<\/a> egy k\u00e9nyelmes, praktikus \u00e9s modern ruhadarab, amely minden \u00f6lt\u00f6zk\u00f6d\u00e9si d\u00f6nt\u00e9st megk\u00f6nny\u00edt.  Egyszer\u0171 \u00e9s eleg\u00e1ns diz\u00e1jnja lehet\u0151v\u00e9 teszi, hogy ezt az eredeti b\u00e1r\u00e1nyb\u0151r dzsekit b\u00e1rmilyen napi \u00f6lt\u00f6zethez p\u00e1ros\u00edtsd, \u00e9s mindig k\u00e9szen \u00e1llj a cselekv\u00e9sre. A jobb szigetel\u00e9s \u00e9rdek\u00e9ben a gall\u00e9r egy klipsz seg\u00edts\u00e9g\u00e9vel z\u00e1rhat\u00f3. A kab\u00e1t cipz\u00e1rral \u00e9s t\u00e1gas zsebekkel van felszerelve. A rendelkez\u00e9sre \u00e1ll\u00f3 sz\u00ednek a fekete \u00e9s a barna. Modell\u00fcnk 183 cm magas, 48-as m\u00e9retet visel, a term\u00e9k hossza 64 cm.   <\/p>\n","protected":false},"excerpt":{"rendered":"<p>A val\u00f3di b\u0151r a legkeresettebb anyag a kop\u00e1s\u00e1ll\u00f3s\u00e1ga \u00e9s k\u00fcl\u00f6nleges megjelen\u00e9se miatt. Ez a term\u00e9szetes b\u00e1r\u00e1nyb\u0151r f\u00e9rfi dzseki egy k\u00e9nyelmes, praktikus \u00e9s modern ruhadarab, amely minden \u00f6lt\u00f6zk\u00f6d\u00e9si d\u00f6nt\u00e9st megk\u00f6nny\u00edt. Egyszer\u0171 \u00e9s eleg\u00e1ns diz\u00e1jnja lehet\u0151v\u00e9 teszi, hogy ezt az eredeti b\u00e1r\u00e1nyb\u0151r dzsekit b\u00e1rmilyen napi \u00f6lt\u00f6zethez p\u00e1ros\u00edtsd, \u00e9s mindig k\u00e9szen \u00e1llj a cselekv\u00e9sre. A jobb szigetel\u00e9s \u00e9rdek\u00e9ben [&hellip;]<\/p>\n","protected":false},"featured_media":91268,"comment_status":"closed","ping_status":"closed","template":"","meta":{"_acf_changed":false,"om_disable_all_campaigns":false,"inline_featured_image":false,"_monsterinsights_skip_tracking":false,"_monsterinsights_sitenote_active":false,"_monsterinsights_sitenote_note":"","_monsterinsights_sitenote_category":0},"product_brand":[],"product_cat":[833,762,725,916],"product_tag":[],"class_list":{"0":"post-91267","1":"product","2":"type-product","3":"status-publish","4":"has-post-thumbnail","6":"product_cat-2022-2023-as-kollekcio","7":"product_cat-borkabatok-ferfiaknak","8":"product_cat-ferfiak","9":"product_cat-valodi-bor-termekek-tavaszra-es-oszre-kabatok-nadragok-kabatok-szoknyak-es-loveszkabatok-kabatok-nadragok-kabatok-szoknyak-es-loveszkabatok","11":"first","12":"instock","13":"taxable","14":"shipping-taxable","15":"purchasable","16":"product-type-variable","17":"has-default-attributes","18":"wvs-archive-product-wrapper"},"acf":{"categorie_feed":""},"aioseo_notices":[],"_links":{"self":[{"href":"https:\/\/aavesa.com\/hu\/wp-json\/wp\/v2\/product\/91267","targetHints":{"allow":["GET"]}}],"collection":[{"href":"https:\/\/aavesa.com\/hu\/wp-json\/wp\/v2\/product"}],"about":[{"href":"https:\/\/aavesa.com\/hu\/wp-json\/wp\/v2\/types\/product"}],"replies":[{"embeddable":true,"href":"https:\/\/aavesa.com\/hu\/wp-json\/wp\/v2\/comments?post=91267"}],"wp:featuredmedia":[{"embeddable":true,"href":"https:\/\/aavesa.com\/hu\/wp-json\/wp\/v2\/media\/91268"}],"wp:attachment":[{"href":"https:\/\/aavesa.com\/hu\/wp-json\/wp\/v2\/media?parent=91267"}],"wp:term":[{"taxonomy":"product_brand","embeddable":true,"href":"https:\/\/aavesa.com\/hu\/wp-json\/wp\/v2\/product_brand?post=91267"},{"taxonomy":"product_cat","embeddable":true,"href":"https:\/\/aavesa.com\/hu\/wp-json\/wp\/v2\/product_cat?post=91267"},{"taxonomy":"product_tag","embeddable":true,"href":"https:\/\/aavesa.com\/hu\/wp-json\/wp\/v2\/product_tag?post=91267"}],"curies":[{"name":"wp","href":"https:\/\/api.w.org\/{rel}","templated":true}]}}