

{"id":91285,"date":"2024-07-26T16:32:37","date_gmt":"2024-07-26T16:32:37","guid":{"rendered":"https:\/\/new.aavesa.com\/produs\/bor-es-polar-roka-szorme-dzseki-1032\/"},"modified":"2025-11-17T06:27:25","modified_gmt":"2025-11-17T06:27:25","slug":"bor-es-polar-roka-szorme-dzseki-1032","status":"publish","type":"product","link":"https:\/\/aavesa.com\/hu\/product\/bor-es-polar-roka-szorme-dzseki-1032\/","title":{"rendered":"B\u0151r \u00e9s pol\u00e1r r\u00f3ka sz\u0151rme dzseki 1032"},"content":{"rendered":"<p>Egy eleg\u00e1ns \u00e9s nagyon k\u00fcl\u00f6nleges kab\u00e1t, egy<a href=\"https:\/\/aavesa.com\/hu\/nok\/noi-shearling-dzsekik\/\">val\u00f3di b\u0151rb\u0151l \u00e9s sarki r\u00f3kabund\u00e1b\u00f3l k\u00e9sz\u00fclt kab\u00e1t<\/a>, amely minden megjelen\u00e9st st\u00edlusoss\u00e1 tesz. Ez a n\u0151i kab\u00e1t olyan darab, amelyet hossz\u00fa ideig \u00e9lvezhetsz, term\u00e9szetes b\u0151rb\u0151l k\u00e9sz\u00fclt, amely er\u0151ss\u00e9g\u00e9r\u0151l \u00e9s tart\u00f3ss\u00e1g\u00e1r\u00f3l ismert. A kab\u00e1t klasszikus kialak\u00edt\u00e1s\u00fa, \u00e9s alkalmas arra, hogy kiemeljen egy nappali vagy ak\u00e1r egy k\u00fcl\u00f6nleges alkalmi megjelen\u00e9st. A r\u00e9szleteknek k\u00f6sz\u00f6nhet\u0151en ez a modell n\u0151ies megjelen\u00e9s\u00e9vel t\u0171nik ki. A sarki r\u00f3ka sz\u0151rme mandzsett\u00e1k \u00e9s a gall\u00e9r v\u00e9d a hideg ellen, \u00e9s kifinomult megjelen\u00e9st k\u00f6lcs\u00f6n\u00f6z a kab\u00e1tnak. A rendelkez\u00e9sre \u00e1ll\u00f3 sz\u00ednek a fekete \u00e9s a sz\u00fcrke. Modell\u00fcnk 176 cm magas \u00e9s 36-os m\u00e9retet visel fekete sz\u00ednben, illetve 175 cm magas \u00e9s 40-es m\u00e9retet visel sz\u00fcrke sz\u00ednben. A term\u00e9k hossza 88 cm.     <\/p>\n","protected":false},"excerpt":{"rendered":"<p>Egy eleg\u00e1ns \u00e9s nagyon k\u00fcl\u00f6nleges kab\u00e1t, egyval\u00f3di b\u0151rb\u0151l \u00e9s sarki r\u00f3kabund\u00e1b\u00f3l k\u00e9sz\u00fclt kab\u00e1t, amely minden megjelen\u00e9st st\u00edlusoss\u00e1 tesz. Ez a n\u0151i kab\u00e1t olyan darab, amelyet hossz\u00fa ideig \u00e9lvezhetsz, term\u00e9szetes b\u0151rb\u0151l k\u00e9sz\u00fclt, amely er\u0151ss\u00e9g\u00e9r\u0151l \u00e9s tart\u00f3ss\u00e1g\u00e1r\u00f3l ismert. A kab\u00e1t klasszikus kialak\u00edt\u00e1s\u00fa, \u00e9s alkalmas arra, hogy kiemeljen egy nappali vagy ak\u00e1r egy k\u00fcl\u00f6nleges alkalmi megjelen\u00e9st. A r\u00e9szleteknek [&hellip;]<\/p>\n","protected":false},"featured_media":91286,"comment_status":"closed","ping_status":"closed","template":"","meta":{"_acf_changed":false,"om_disable_all_campaigns":false,"inline_featured_image":false,"_monsterinsights_skip_tracking":false,"_monsterinsights_sitenote_active":false,"_monsterinsights_sitenote_note":"","_monsterinsights_sitenote_category":0},"product_brand":[],"product_cat":[833,883,741,765,916],"product_tag":[],"class_list":{"0":"post-91285","1":"product","2":"type-product","3":"status-publish","4":"has-post-thumbnail","6":"product_cat-2022-2023-as-kollekcio","7":"product_cat-borkabatok-es-borkabatok","8":"product_cat-nok","9":"product_cat-roka-szorme","10":"product_cat-valodi-bor-termekek-tavaszra-es-oszre-kabatok-nadragok-kabatok-szoknyak-es-loveszkabatok-kabatok-nadragok-kabatok-szoknyak-es-loveszkabatok","12":"first","13":"instock","14":"taxable","15":"shipping-taxable","16":"purchasable","17":"product-type-variable","18":"has-default-attributes","19":"wvs-archive-product-wrapper"},"acf":{"categorie_feed":""},"aioseo_notices":[],"_links":{"self":[{"href":"https:\/\/aavesa.com\/hu\/wp-json\/wp\/v2\/product\/91285","targetHints":{"allow":["GET"]}}],"collection":[{"href":"https:\/\/aavesa.com\/hu\/wp-json\/wp\/v2\/product"}],"about":[{"href":"https:\/\/aavesa.com\/hu\/wp-json\/wp\/v2\/types\/product"}],"replies":[{"embeddable":true,"href":"https:\/\/aavesa.com\/hu\/wp-json\/wp\/v2\/comments?post=91285"}],"wp:featuredmedia":[{"embeddable":true,"href":"https:\/\/aavesa.com\/hu\/wp-json\/wp\/v2\/media\/91286"}],"wp:attachment":[{"href":"https:\/\/aavesa.com\/hu\/wp-json\/wp\/v2\/media?parent=91285"}],"wp:term":[{"taxonomy":"product_brand","embeddable":true,"href":"https:\/\/aavesa.com\/hu\/wp-json\/wp\/v2\/product_brand?post=91285"},{"taxonomy":"product_cat","embeddable":true,"href":"https:\/\/aavesa.com\/hu\/wp-json\/wp\/v2\/product_cat?post=91285"},{"taxonomy":"product_tag","embeddable":true,"href":"https:\/\/aavesa.com\/hu\/wp-json\/wp\/v2\/product_tag?post=91285"}],"curies":[{"name":"wp","href":"https:\/\/api.w.org\/{rel}","templated":true}]}}