

{"id":91303,"date":"2024-07-26T16:32:37","date_gmt":"2024-07-26T16:32:37","guid":{"rendered":"https:\/\/new.aavesa.com\/produs\/merino-baranybor-dzseki-376\/"},"modified":"2026-04-10T15:07:51","modified_gmt":"2026-04-10T17:07:51","slug":"merino-baranybor-dzseki-376","status":"publish","type":"product","link":"https:\/\/aavesa.com\/hu\/product\/merino-baranybor-dzseki-376\/","title":{"rendered":"Merin\u00f3 b\u00e1r\u00e1nyb\u0151r dzseki 376"},"content":{"rendered":"<p>Ez a val\u00f3di ny\u00edrbund\u00e1b\u00f3l k\u00e9sz\u00fclt kab\u00e1t egy olyan ruhat\u00e1r alapdarab, amelyre mindig sz\u00e1m\u00edthat, k\u00fcl\u00f6n\u00f6sen a h\u0171v\u00f6sebb napokon. Meleg \u00e9s praktikus, ez a f\u00e9rfi kab\u00e1t a legjobb v\u00e1laszt\u00e1s egy alkalmi megjelen\u00e9s vagy ak\u00e1r egy \u00f6lt\u00f6zk\u00f6d\u0151bb \u00f6lt\u00f6z\u00e9k kieg\u00e9sz\u00edt\u00e9s\u00e9re. A kab\u00e1t modellje modern, f\u00e9rfias megjelen\u00e9s\u0171, el\u0151ny\u00f6s szab\u00e1ssal. A kab\u00e1t t\u00e1gas zsebekkel van ell\u00e1tva, a z\u00e1r\u00e1sa pedig egyszer\u0171, a dupla cs\u00fasz\u00f3 cipz\u00e1r seg\u00edts\u00e9g\u00e9vel. Ez a modell sz\u00fcrke \u00e9s barna sz\u00ednben kaphat\u00f3. Modell\u00fcnk 183 cm magas, 48-as m\u00e9retet visel, a term\u00e9k hossza pedig 67 cm.     <\/p>\n","protected":false},"excerpt":{"rendered":"<p>Ez a val\u00f3di ny\u00edrbund\u00e1b\u00f3l k\u00e9sz\u00fclt kab\u00e1t egy olyan ruhat\u00e1r alapdarab, amelyre mindig sz\u00e1m\u00edthat, k\u00fcl\u00f6n\u00f6sen a h\u0171v\u00f6sebb napokon. Meleg \u00e9s praktikus, ez a f\u00e9rfi kab\u00e1t a legjobb v\u00e1laszt\u00e1s egy alkalmi megjelen\u00e9s vagy ak\u00e1r egy \u00f6lt\u00f6zk\u00f6d\u0151bb \u00f6lt\u00f6z\u00e9k kieg\u00e9sz\u00edt\u00e9s\u00e9re. A kab\u00e1t modellje modern, f\u00e9rfias megjelen\u00e9s\u0171, el\u0151ny\u00f6s szab\u00e1ssal. A kab\u00e1t t\u00e1gas zsebekkel van ell\u00e1tva, a z\u00e1r\u00e1sa pedig egyszer\u0171, a [&hellip;]<\/p>\n","protected":false},"featured_media":91304,"comment_status":"closed","ping_status":"closed","template":"","meta":{"_acf_changed":false,"om_disable_all_campaigns":false,"inline_featured_image":false,"_monsterinsights_skip_tracking":false,"_monsterinsights_sitenote_active":false,"_monsterinsights_sitenote_note":"","_monsterinsights_sitenote_category":0},"product_brand":[],"product_cat":[833,952,725,772],"product_tag":[],"class_list":{"0":"post-91303","1":"product","2":"type-product","3":"status-publish","4":"has-post-thumbnail","6":"product_cat-2022-2023-as-kollekcio","7":"product_cat-ferfi-es-noi-pehelypaplan-dzsekik-a-luxus-es-a-melegseg-vegso-kevereke","8":"product_cat-ferfiak","9":"product_cat-shearling-kabatok-ferfiaknak","11":"first","12":"instock","13":"taxable","14":"shipping-taxable","15":"purchasable","16":"product-type-variable","17":"has-default-attributes","18":"wvs-archive-product-wrapper"},"acf":{"categorie_feed":""},"aioseo_notices":[],"_links":{"self":[{"href":"https:\/\/aavesa.com\/hu\/wp-json\/wp\/v2\/product\/91303","targetHints":{"allow":["GET"]}}],"collection":[{"href":"https:\/\/aavesa.com\/hu\/wp-json\/wp\/v2\/product"}],"about":[{"href":"https:\/\/aavesa.com\/hu\/wp-json\/wp\/v2\/types\/product"}],"replies":[{"embeddable":true,"href":"https:\/\/aavesa.com\/hu\/wp-json\/wp\/v2\/comments?post=91303"}],"wp:featuredmedia":[{"embeddable":true,"href":"https:\/\/aavesa.com\/hu\/wp-json\/wp\/v2\/media\/91304"}],"wp:attachment":[{"href":"https:\/\/aavesa.com\/hu\/wp-json\/wp\/v2\/media?parent=91303"}],"wp:term":[{"taxonomy":"product_brand","embeddable":true,"href":"https:\/\/aavesa.com\/hu\/wp-json\/wp\/v2\/product_brand?post=91303"},{"taxonomy":"product_cat","embeddable":true,"href":"https:\/\/aavesa.com\/hu\/wp-json\/wp\/v2\/product_cat?post=91303"},{"taxonomy":"product_tag","embeddable":true,"href":"https:\/\/aavesa.com\/hu\/wp-json\/wp\/v2\/product_tag?post=91303"}],"curies":[{"name":"wp","href":"https:\/\/api.w.org\/{rel}","templated":true}]}}