

{"id":91312,"date":"2024-07-26T16:32:14","date_gmt":"2024-07-26T16:32:14","guid":{"rendered":"https:\/\/new.aavesa.com\/produs\/merino-baranybor-kabat-2045\/"},"modified":"2026-04-13T09:16:57","modified_gmt":"2026-04-13T11:16:57","slug":"merino-baranybor-kabat-2045","status":"publish","type":"product","link":"https:\/\/aavesa.com\/hu\/product\/merino-baranybor-kabat-2045\/","title":{"rendered":"Merin\u00f3 b\u00e1r\u00e1nyb\u0151r kab\u00e1t 2045"},"content":{"rendered":"<p>A bunda praktikus, eleg\u00e1ns \u00e9s k\u00fcl\u00f6n\u00f6sen k\u00e9nyelmes ruhadarab. Ez a val\u00f3di merin\u00f3i juh\u00e1szbunda biztosan el\u0151kel\u0151 helyet foglal el b\u00e1rmelyik n\u0151 ruhat\u00e1r\u00e1ban, hiszen nagyon inspir\u00e1l\u00f3 v\u00e1laszt\u00e1s, \u00e9s minden koroszt\u00e1ly sz\u00e1m\u00e1ra alkalmas. A kab\u00e1t kialak\u00edt\u00e1sa modern, \u00e9s a bord\u00e1zott szab\u00e1s kiemeli a der\u00e9kvonalat. Hossz\u00e1nak k\u00f6sz\u00f6nhet\u0151en a kab\u00e1t extra meleget \u00e9s k\u00fcl\u00f6nleges megjelen\u00e9st biztos\u00edt. A rendelkez\u00e9sre \u00e1ll\u00f3 sz\u00ednek a fekete vagy a taupe, ide\u00e1lis \u00e1rnyalatok az \u0151szi \u00e9s t\u00e9li ruh\u00e1khoz val\u00f3 gyors illeszt\u00e9shez. Modell\u00fcnk 176 cm magas \u00e9s 36-os sz\u00fcrke, illetve 175 cm magas \u00e9s 40-es fekete m\u00e9retet visel. A term\u00e9k hossza 95 cm.      <\/p>\n","protected":false},"excerpt":{"rendered":"<p>A bunda praktikus, eleg\u00e1ns \u00e9s k\u00fcl\u00f6n\u00f6sen k\u00e9nyelmes ruhadarab. Ez a val\u00f3di merin\u00f3i juh\u00e1szbunda biztosan el\u0151kel\u0151 helyet foglal el b\u00e1rmelyik n\u0151 ruhat\u00e1r\u00e1ban, hiszen nagyon inspir\u00e1l\u00f3 v\u00e1laszt\u00e1s, \u00e9s minden koroszt\u00e1ly sz\u00e1m\u00e1ra alkalmas. A kab\u00e1t kialak\u00edt\u00e1sa modern, \u00e9s a bord\u00e1zott szab\u00e1s kiemeli a der\u00e9kvonalat. Hossz\u00e1nak k\u00f6sz\u00f6nhet\u0151en a kab\u00e1t extra meleget \u00e9s k\u00fcl\u00f6nleges megjelen\u00e9st biztos\u00edt. A rendelkez\u00e9sre \u00e1ll\u00f3 sz\u00ednek [&hellip;]<\/p>\n","protected":false},"featured_media":91313,"comment_status":"closed","ping_status":"closed","template":"","meta":{"_acf_changed":false,"om_disable_all_campaigns":false,"inline_featured_image":false,"_monsterinsights_skip_tracking":false,"_monsterinsights_sitenote_active":false,"_monsterinsights_sitenote_note":"","_monsterinsights_sitenote_category":0},"product_brand":[],"product_cat":[833,778,779,741],"product_tag":[],"class_list":{"0":"post-91312","1":"product","2":"type-product","3":"status-publish","4":"has-post-thumbnail","6":"product_cat-2022-2023-as-kollekcio","7":"product_cat-baranybor-kabatok-hu","8":"product_cat-noi-shearling-kabatok","9":"product_cat-nok","11":"first","12":"instock","13":"taxable","14":"shipping-taxable","15":"purchasable","16":"product-type-variable","17":"has-default-attributes","18":"wvs-archive-product-wrapper"},"acf":{"categorie_feed":""},"aioseo_notices":[],"_links":{"self":[{"href":"https:\/\/aavesa.com\/hu\/wp-json\/wp\/v2\/product\/91312","targetHints":{"allow":["GET"]}}],"collection":[{"href":"https:\/\/aavesa.com\/hu\/wp-json\/wp\/v2\/product"}],"about":[{"href":"https:\/\/aavesa.com\/hu\/wp-json\/wp\/v2\/types\/product"}],"replies":[{"embeddable":true,"href":"https:\/\/aavesa.com\/hu\/wp-json\/wp\/v2\/comments?post=91312"}],"wp:featuredmedia":[{"embeddable":true,"href":"https:\/\/aavesa.com\/hu\/wp-json\/wp\/v2\/media\/91313"}],"wp:attachment":[{"href":"https:\/\/aavesa.com\/hu\/wp-json\/wp\/v2\/media?parent=91312"}],"wp:term":[{"taxonomy":"product_brand","embeddable":true,"href":"https:\/\/aavesa.com\/hu\/wp-json\/wp\/v2\/product_brand?post=91312"},{"taxonomy":"product_cat","embeddable":true,"href":"https:\/\/aavesa.com\/hu\/wp-json\/wp\/v2\/product_cat?post=91312"},{"taxonomy":"product_tag","embeddable":true,"href":"https:\/\/aavesa.com\/hu\/wp-json\/wp\/v2\/product_tag?post=91312"}],"curies":[{"name":"wp","href":"https:\/\/api.w.org\/{rel}","templated":true}]}}