

{"id":91321,"date":"2024-07-26T16:32:14","date_gmt":"2024-07-26T16:32:14","guid":{"rendered":"https:\/\/new.aavesa.com\/produs\/baranybor-es-mosomedve-szorme-dzseki-2046\/"},"modified":"2026-04-10T15:02:56","modified_gmt":"2026-04-10T17:02:56","slug":"baranybor-es-mosomedve-szorme-dzseki-2046","status":"publish","type":"product","link":"https:\/\/aavesa.com\/hu\/product\/baranybor-es-mosomedve-szorme-dzseki-2046\/","title":{"rendered":"B\u00e1r\u00e1nyb\u0151r \u00e9s mos\u00f3medve sz\u0151rme dzseki 2046"},"content":{"rendered":"<p>Ez a <a href=\"https:\/\/aavesa.com\/hu\/nok\/noi-shearling-dzsekik\/\">term\u00e9szetes b\u00e1r\u00e1nyb\u0151r \u00e9s mos\u00f3medve sz\u0151rme dzseki<\/a> egy sokoldal\u00fa ruhadarab, amely a leghidegebb napokon is k\u00e9nyelmet \u00e9s meleget biztos\u00edt. A kab\u00e1t modern \u00e9s vonz\u00f3 szab\u00e1s\u00fa, n\u0151ies, eleganci\u00e1t sugall\u00f3 diz\u00e1jnnal rendelkezik. A kab\u00e1t gall\u00e9rja \u00e9s mandzsett\u00e1i term\u00e9szetes mos\u00f3medvebund\u00e1b\u00f3l k\u00e9sz\u00fcltek, amely puha, egyedi megjelen\u00e9s\u0171 sz\u0151rme. A nyak \u00e9s a kezek \u00e9rz\u00e9keny ter\u00fclete extra melegs\u00e9gben r\u00e9szes\u00fcl, \u00e9s az eg\u00e9sz \u00f6lt\u00f6z\u00e9k csillog\u00f3 megjelen\u00e9st kap.   A kab\u00e1t fekete sz\u00ednben kaphat\u00f3. Modell\u00fcnk 176 cm magas, 36-os m\u00e9retet visel, \u00e9s a term\u00e9k hossza 56 cm.<\/p>\n","protected":false},"excerpt":{"rendered":"<p>Ez a term\u00e9szetes b\u00e1r\u00e1nyb\u0151r \u00e9s mos\u00f3medve sz\u0151rme dzseki egy sokoldal\u00fa ruhadarab, amely a leghidegebb napokon is k\u00e9nyelmet \u00e9s meleget biztos\u00edt. A kab\u00e1t modern \u00e9s vonz\u00f3 szab\u00e1s\u00fa, n\u0151ies, eleganci\u00e1t sugall\u00f3 diz\u00e1jnnal rendelkezik. A kab\u00e1t gall\u00e9rja \u00e9s mandzsett\u00e1i term\u00e9szetes mos\u00f3medvebund\u00e1b\u00f3l k\u00e9sz\u00fcltek, amely puha, egyedi megjelen\u00e9s\u0171 sz\u0151rme. A nyak \u00e9s a kezek \u00e9rz\u00e9keny ter\u00fclete extra melegs\u00e9gben r\u00e9szes\u00fcl, \u00e9s [&hellip;]<\/p>\n","protected":false},"featured_media":91322,"comment_status":"closed","ping_status":"closed","template":"","meta":{"_acf_changed":false,"om_disable_all_campaigns":false,"inline_featured_image":false,"_monsterinsights_skip_tracking":false,"_monsterinsights_sitenote_active":false,"_monsterinsights_sitenote_note":"","_monsterinsights_sitenote_category":0},"product_brand":[],"product_cat":[833,952,773,741],"product_tag":[],"class_list":{"0":"post-91321","1":"product","2":"type-product","3":"status-publish","4":"has-post-thumbnail","6":"product_cat-2022-2023-as-kollekcio","7":"product_cat-ferfi-es-noi-pehelypaplan-dzsekik-a-luxus-es-a-melegseg-vegso-kevereke","8":"product_cat-noi-shearling-dzsekik","9":"product_cat-nok","11":"first","12":"instock","13":"taxable","14":"shipping-taxable","15":"purchasable","16":"product-type-variable","17":"has-default-attributes","18":"wvs-archive-product-wrapper"},"acf":{"categorie_feed":""},"aioseo_notices":[],"_links":{"self":[{"href":"https:\/\/aavesa.com\/hu\/wp-json\/wp\/v2\/product\/91321","targetHints":{"allow":["GET"]}}],"collection":[{"href":"https:\/\/aavesa.com\/hu\/wp-json\/wp\/v2\/product"}],"about":[{"href":"https:\/\/aavesa.com\/hu\/wp-json\/wp\/v2\/types\/product"}],"replies":[{"embeddable":true,"href":"https:\/\/aavesa.com\/hu\/wp-json\/wp\/v2\/comments?post=91321"}],"wp:featuredmedia":[{"embeddable":true,"href":"https:\/\/aavesa.com\/hu\/wp-json\/wp\/v2\/media\/91322"}],"wp:attachment":[{"href":"https:\/\/aavesa.com\/hu\/wp-json\/wp\/v2\/media?parent=91321"}],"wp:term":[{"taxonomy":"product_brand","embeddable":true,"href":"https:\/\/aavesa.com\/hu\/wp-json\/wp\/v2\/product_brand?post=91321"},{"taxonomy":"product_cat","embeddable":true,"href":"https:\/\/aavesa.com\/hu\/wp-json\/wp\/v2\/product_cat?post=91321"},{"taxonomy":"product_tag","embeddable":true,"href":"https:\/\/aavesa.com\/hu\/wp-json\/wp\/v2\/product_tag?post=91321"}],"curies":[{"name":"wp","href":"https:\/\/api.w.org\/{rel}","templated":true}]}}