

{"id":91336,"date":"2024-07-26T16:23:10","date_gmt":"2024-07-26T16:23:10","guid":{"rendered":"https:\/\/new.aavesa.com\/produs\/termeszetes-nyiro-es-rokabunda-275\/"},"modified":"2026-04-13T09:17:24","modified_gmt":"2026-04-13T11:17:24","slug":"termeszetes-nyiro-es-rokabunda-275","status":"publish","type":"product","link":"https:\/\/aavesa.com\/hu\/product\/termeszetes-nyiro-es-rokabunda-275\/","title":{"rendered":"Term\u00e9szetes ny\u00edr\u00f3 \u00e9s r\u00f3kabunda 275"},"content":{"rendered":"<p>K\u00e9ts\u00e9gtelen, hogy egy hossz\u00fa, term\u00e9szetes <a href=\"https:\/\/aavesa.com\/hu\/nok\/noi-shearling-kabatok\/\">pehely- \u00e9s r\u00f3kabund\u00e1nak<\/a> ott kell lennie egy n\u0151 ruhat\u00e1r\u00e1ban. Egy kifinomult, de rendk\u00edv\u00fcl sokoldal\u00fa ruhadarab, a ny\u00edrbund\u00e1s kab\u00e1t ide\u00e1lis darab a cs\u00edp\u0151s hideg napokon. R\u00e1ad\u00e1sul egy sarkvid\u00e9ki r\u00f3kabunda gall\u00e9r emeli ki, amely m\u00e9g kifinomultabb\u00e1 \u00e9s eleg\u00e1nsabb\u00e1 teszi. a merin\u00f3 ny\u00edrbund\u00e1s kab\u00e1tot egy \u00f6v emeli ki, amely hangs\u00falyozza a derekat, de k\u00e9t t\u00f6k\u00e9letes zseb is van, hogy megtartsd a kezed, ha f\u00e1zol. A z\u00e1r\u00f3rendszert gombok biztos\u00edtj\u00e1k, ami megk\u00f6nny\u00edti a visel\u00e9s\u00e9t.   <\/p>\n","protected":false},"excerpt":{"rendered":"<p>K\u00e9ts\u00e9gtelen, hogy egy hossz\u00fa, term\u00e9szetes pehely- \u00e9s r\u00f3kabund\u00e1nak ott kell lennie egy n\u0151 ruhat\u00e1r\u00e1ban. Egy kifinomult, de rendk\u00edv\u00fcl sokoldal\u00fa ruhadarab, a ny\u00edrbund\u00e1s kab\u00e1t ide\u00e1lis darab a cs\u00edp\u0151s hideg napokon. R\u00e1ad\u00e1sul egy sarkvid\u00e9ki r\u00f3kabunda gall\u00e9r emeli ki, amely m\u00e9g kifinomultabb\u00e1 \u00e9s eleg\u00e1nsabb\u00e1 teszi. a merin\u00f3 ny\u00edrbund\u00e1s kab\u00e1tot egy \u00f6v emeli ki, amely hangs\u00falyozza a derekat, de [&hellip;]<\/p>\n","protected":false},"featured_media":91337,"comment_status":"open","ping_status":"closed","template":"","meta":{"_acf_changed":false,"om_disable_all_campaigns":false,"inline_featured_image":false,"_monsterinsights_skip_tracking":false,"_monsterinsights_sitenote_active":false,"_monsterinsights_sitenote_note":"","_monsterinsights_sitenote_category":0},"product_brand":[],"product_cat":[835,784,778,766,779,741,765],"product_tag":[],"class_list":{"0":"post-91336","1":"product","2":"type-product","3":"status-publish","4":"has-post-thumbnail","6":"product_cat-2018-2019-kollekcio","7":"product_cat-baranybor","8":"product_cat-baranybor-kabatok-hu","9":"product_cat-bundas-kabatok-es-bundas-dzsekik-noknek","10":"product_cat-noi-shearling-kabatok","11":"product_cat-nok","12":"product_cat-roka-szorme","14":"first","15":"instock","16":"taxable","17":"shipping-taxable","18":"purchasable","19":"product-type-variable","20":"has-default-attributes","21":"wvs-archive-product-wrapper"},"acf":{"categorie_feed":""},"aioseo_notices":[],"_links":{"self":[{"href":"https:\/\/aavesa.com\/hu\/wp-json\/wp\/v2\/product\/91336","targetHints":{"allow":["GET"]}}],"collection":[{"href":"https:\/\/aavesa.com\/hu\/wp-json\/wp\/v2\/product"}],"about":[{"href":"https:\/\/aavesa.com\/hu\/wp-json\/wp\/v2\/types\/product"}],"replies":[{"embeddable":true,"href":"https:\/\/aavesa.com\/hu\/wp-json\/wp\/v2\/comments?post=91336"}],"wp:featuredmedia":[{"embeddable":true,"href":"https:\/\/aavesa.com\/hu\/wp-json\/wp\/v2\/media\/91337"}],"wp:attachment":[{"href":"https:\/\/aavesa.com\/hu\/wp-json\/wp\/v2\/media?parent=91336"}],"wp:term":[{"taxonomy":"product_brand","embeddable":true,"href":"https:\/\/aavesa.com\/hu\/wp-json\/wp\/v2\/product_brand?post=91336"},{"taxonomy":"product_cat","embeddable":true,"href":"https:\/\/aavesa.com\/hu\/wp-json\/wp\/v2\/product_cat?post=91336"},{"taxonomy":"product_tag","embeddable":true,"href":"https:\/\/aavesa.com\/hu\/wp-json\/wp\/v2\/product_tag?post=91336"}],"curies":[{"name":"wp","href":"https:\/\/api.w.org\/{rel}","templated":true}]}}