

{"id":91370,"date":"2024-07-26T16:23:10","date_gmt":"2024-07-26T16:23:10","guid":{"rendered":"https:\/\/new.aavesa.com\/produs\/mink-premes-kabat-288\/"},"modified":"2025-11-17T06:30:00","modified_gmt":"2025-11-17T06:30:00","slug":"mink-premes-kabat-288","status":"publish","type":"product","link":"https:\/\/aavesa.com\/hu\/product\/mink-premes-kabat-288\/","title":{"rendered":"Mink pr\u00e9mes kab\u00e1t 288"},"content":{"rendered":"<p>Nercbund\u00e1b\u00f3l k\u00e9sz\u00fclt n\u0151i bunda. Ez a modell gondosan k\u00e9sz\u00fclt, \u00edgy a sz\u0151rme darabok t\u00f6k\u00e9letesen kombin\u00e1l\u00f3dnak. Ez a modell meleget biztos\u00edt \u00e9s puha tapint\u00e1s\u00fa. A kab\u00e1t r\u00f6vid sz\u0151r\u0171, klasszikus, egyenes, k\u00f6nny\u0171, olyan modell, amely nem hi\u00e1nyozhat a szekr\u00e9ny\u00e9b\u0151l. A kab\u00e1t belseje p\u00e1rn\u00e1zott, hogy a legjobb k\u00e9nyelmet biztos\u00edtsa. A kab\u00e1t z\u00e1r\u00e1s\u00e1t klipszek biztos\u00edtj\u00e1k. Ennek a nercbunda kab\u00e1tnak a gall\u00e9rja t\u00f6k\u00e9letes a tov\u00e1bbi k\u00e9nyelem \u00e9s a hideg elleni v\u00e9delem \u00e9rdek\u00e9ben. K\u00e9nyeztesse mag\u00e1t ebben a szezonban ezzel a term\u00e9szetes nercbunda modellel.       <\/p>\n","protected":false},"excerpt":{"rendered":"<p>Nercbund\u00e1b\u00f3l k\u00e9sz\u00fclt n\u0151i bunda. Ez a modell gondosan k\u00e9sz\u00fclt, \u00edgy a sz\u0151rme darabok t\u00f6k\u00e9letesen kombin\u00e1l\u00f3dnak. Ez a modell meleget biztos\u00edt \u00e9s puha tapint\u00e1s\u00fa. A kab\u00e1t r\u00f6vid sz\u0151r\u0171, klasszikus, egyenes, k\u00f6nny\u0171, olyan modell, amely nem hi\u00e1nyozhat a szekr\u00e9ny\u00e9b\u0151l. A kab\u00e1t belseje p\u00e1rn\u00e1zott, hogy a legjobb k\u00e9nyelmet biztos\u00edtsa. A kab\u00e1t z\u00e1r\u00e1s\u00e1t klipszek biztos\u00edtj\u00e1k. Ennek a nercbunda kab\u00e1tnak [&hellip;]<\/p>\n","protected":false},"featured_media":91371,"comment_status":"open","ping_status":"closed","template":"","meta":{"_acf_changed":false,"om_disable_all_campaigns":false,"inline_featured_image":false,"_monsterinsights_skip_tracking":false,"_monsterinsights_sitenote_active":false,"_monsterinsights_sitenote_note":"","_monsterinsights_sitenote_category":0},"product_brand":[],"product_cat":[835,766,769,741,770],"product_tag":[],"class_list":{"0":"post-91370","1":"product","2":"type-product","3":"status-publish","4":"has-post-thumbnail","6":"product_cat-2018-2019-kollekcio","7":"product_cat-bundas-kabatok-es-bundas-dzsekik-noknek","8":"product_cat-nerc-szorme","9":"product_cat-nok","10":"product_cat-vidra-bundak-vidra-zsekik","12":"first","13":"instock","14":"taxable","15":"shipping-taxable","16":"purchasable","17":"product-type-variable","18":"has-default-attributes","19":"wvs-archive-product-wrapper"},"acf":{"categorie_feed":""},"aioseo_notices":[],"_links":{"self":[{"href":"https:\/\/aavesa.com\/hu\/wp-json\/wp\/v2\/product\/91370","targetHints":{"allow":["GET"]}}],"collection":[{"href":"https:\/\/aavesa.com\/hu\/wp-json\/wp\/v2\/product"}],"about":[{"href":"https:\/\/aavesa.com\/hu\/wp-json\/wp\/v2\/types\/product"}],"replies":[{"embeddable":true,"href":"https:\/\/aavesa.com\/hu\/wp-json\/wp\/v2\/comments?post=91370"}],"wp:featuredmedia":[{"embeddable":true,"href":"https:\/\/aavesa.com\/hu\/wp-json\/wp\/v2\/media\/91371"}],"wp:attachment":[{"href":"https:\/\/aavesa.com\/hu\/wp-json\/wp\/v2\/media?parent=91370"}],"wp:term":[{"taxonomy":"product_brand","embeddable":true,"href":"https:\/\/aavesa.com\/hu\/wp-json\/wp\/v2\/product_brand?post=91370"},{"taxonomy":"product_cat","embeddable":true,"href":"https:\/\/aavesa.com\/hu\/wp-json\/wp\/v2\/product_cat?post=91370"},{"taxonomy":"product_tag","embeddable":true,"href":"https:\/\/aavesa.com\/hu\/wp-json\/wp\/v2\/product_tag?post=91370"}],"curies":[{"name":"wp","href":"https:\/\/api.w.org\/{rel}","templated":true}]}}