

{"id":91389,"date":"2024-07-26T16:23:31","date_gmt":"2024-07-26T16:23:31","guid":{"rendered":"https:\/\/new.aavesa.com\/produs\/termeszetes-nerc-premes-kabat-290\/"},"modified":"2025-11-17T06:29:59","modified_gmt":"2025-11-17T06:29:59","slug":"termeszetes-nerc-premes-kabat-290","status":"publish","type":"product","link":"https:\/\/aavesa.com\/hu\/product\/termeszetes-nerc-premes-kabat-290\/","title":{"rendered":"Term\u00e9szetes nerc pr\u00e9mes kab\u00e1t 290"},"content":{"rendered":"<p>Nercbund\u00e1b\u00f3l k\u00e9sz\u00fclt n\u0151i sz\u0151rmekab\u00e1t. Ez a modell nem hi\u00e1nyozhat egy n\u0151 ruhat\u00e1r\u00e1b\u00f3l. Ez a ruhamodell a legnagyobb gondoss\u00e1ggal k\u00e9sz\u00fclt, hogy a sz\u0151rme darabok t\u00f6k\u00e9letesen \u00f6sszeilleszkedjenek. A kab\u00e1t hossza r\u00f6vid, ez egy klasszikus modell. A ruhadarab k\u00e9t p\u00e1rn\u00e1zott zsebbel \u00e9s gall\u00e9rral rendelkezik, amely gond n\u00e9lk\u00fcl megv\u00e9di \u00d6nt a hideg t\u00e9li napokt\u00f3l. A kab\u00e1t z\u00e1r\u00e1sa k\u00f6nnyen haszn\u00e1lhat\u00f3 klipszekkel k\u00e9sz\u00fclt.     <\/p>\n","protected":false},"excerpt":{"rendered":"<p>Nercbund\u00e1b\u00f3l k\u00e9sz\u00fclt n\u0151i sz\u0151rmekab\u00e1t. Ez a modell nem hi\u00e1nyozhat egy n\u0151 ruhat\u00e1r\u00e1b\u00f3l. Ez a ruhamodell a legnagyobb gondoss\u00e1ggal k\u00e9sz\u00fclt, hogy a sz\u0151rme darabok t\u00f6k\u00e9letesen \u00f6sszeilleszkedjenek. A kab\u00e1t hossza r\u00f6vid, ez egy klasszikus modell. A ruhadarab k\u00e9t p\u00e1rn\u00e1zott zsebbel \u00e9s gall\u00e9rral rendelkezik, amely gond n\u00e9lk\u00fcl megv\u00e9di \u00d6nt a hideg t\u00e9li napokt\u00f3l. A kab\u00e1t z\u00e1r\u00e1sa k\u00f6nnyen haszn\u00e1lhat\u00f3 [&hellip;]<\/p>\n","protected":false},"featured_media":91390,"comment_status":"open","ping_status":"closed","template":"","meta":{"_acf_changed":false,"om_disable_all_campaigns":false,"inline_featured_image":false,"_monsterinsights_skip_tracking":false,"_monsterinsights_sitenote_active":false,"_monsterinsights_sitenote_note":"","_monsterinsights_sitenote_category":0},"product_brand":[],"product_cat":[835,766,769,741,770],"product_tag":[],"class_list":{"0":"post-91389","1":"product","2":"type-product","3":"status-publish","4":"has-post-thumbnail","6":"product_cat-2018-2019-kollekcio","7":"product_cat-bundas-kabatok-es-bundas-dzsekik-noknek","8":"product_cat-nerc-szorme","9":"product_cat-nok","10":"product_cat-vidra-bundak-vidra-zsekik","12":"first","13":"instock","14":"taxable","15":"shipping-taxable","16":"purchasable","17":"product-type-variable","18":"has-default-attributes","19":"wvs-archive-product-wrapper"},"acf":{"categorie_feed":""},"aioseo_notices":[],"_links":{"self":[{"href":"https:\/\/aavesa.com\/hu\/wp-json\/wp\/v2\/product\/91389","targetHints":{"allow":["GET"]}}],"collection":[{"href":"https:\/\/aavesa.com\/hu\/wp-json\/wp\/v2\/product"}],"about":[{"href":"https:\/\/aavesa.com\/hu\/wp-json\/wp\/v2\/types\/product"}],"replies":[{"embeddable":true,"href":"https:\/\/aavesa.com\/hu\/wp-json\/wp\/v2\/comments?post=91389"}],"wp:featuredmedia":[{"embeddable":true,"href":"https:\/\/aavesa.com\/hu\/wp-json\/wp\/v2\/media\/91390"}],"wp:attachment":[{"href":"https:\/\/aavesa.com\/hu\/wp-json\/wp\/v2\/media?parent=91389"}],"wp:term":[{"taxonomy":"product_brand","embeddable":true,"href":"https:\/\/aavesa.com\/hu\/wp-json\/wp\/v2\/product_brand?post=91389"},{"taxonomy":"product_cat","embeddable":true,"href":"https:\/\/aavesa.com\/hu\/wp-json\/wp\/v2\/product_cat?post=91389"},{"taxonomy":"product_tag","embeddable":true,"href":"https:\/\/aavesa.com\/hu\/wp-json\/wp\/v2\/product_tag?post=91389"}],"curies":[{"name":"wp","href":"https:\/\/api.w.org\/{rel}","templated":true}]}}