

{"id":91403,"date":"2024-07-26T16:23:31","date_gmt":"2024-07-26T16:23:31","guid":{"rendered":"https:\/\/new.aavesa.com\/produs\/kapucnis-nercbunda-291-g\/"},"modified":"2025-11-17T06:29:55","modified_gmt":"2025-11-17T06:29:55","slug":"kapucnis-nercbunda-291-g","status":"publish","type":"product","link":"https:\/\/aavesa.com\/hu\/product\/kapucnis-nercbunda-291-g\/","title":{"rendered":"Kapucnis nercbunda 291 G"},"content":{"rendered":"<p>Term\u00e9szetes vison sz\u0151rmebunda n\u0151knek. Ez a bunda sokoldal\u00fa ruhadiz\u00e1jn, alkalmi \u00e9s irodai viseletre egyar\u00e1nt alkalmas, ez a nercbunda bel\u00fclr\u0151l b\u00e9lelt. A kab\u00e1tot egy \u00f6vvel l\u00e1tj\u00e1k el, amely kiemeli a der\u00e9kvonalat \u00e9s k\u00e9t p\u00e1rn\u00e1zott zsebet, k\u00edv\u00e1ns\u00e1g rendk\u00edv\u00fcl hasznos a hideg t\u00e9li napokon. A kab\u00e1t k\u00e9t kapcsos ujjbeggyel van ell\u00e1tva, \u00edgy az ujjakat is be lehet \u00e1ll\u00edtani. Ezt a kab\u00e1tot a kapucni fokozza, ami rem\u00e9nybeli sz\u00f6vets\u00e9ges\u00e9v\u00e9 teszi, hogy j\u00f3l \u00e1tv\u00e9szelje a hideg t\u00e9li napokat.    <\/p>\n","protected":false},"excerpt":{"rendered":"<p>Term\u00e9szetes vison sz\u0151rmebunda n\u0151knek. Ez a bunda sokoldal\u00fa ruhadiz\u00e1jn, alkalmi \u00e9s irodai viseletre egyar\u00e1nt alkalmas, ez a nercbunda bel\u00fclr\u0151l b\u00e9lelt. A kab\u00e1tot egy \u00f6vvel l\u00e1tj\u00e1k el, amely kiemeli a der\u00e9kvonalat \u00e9s k\u00e9t p\u00e1rn\u00e1zott zsebet, k\u00edv\u00e1ns\u00e1g rendk\u00edv\u00fcl hasznos a hideg t\u00e9li napokon. A kab\u00e1t k\u00e9t kapcsos ujjbeggyel van ell\u00e1tva, \u00edgy az ujjakat is be lehet \u00e1ll\u00edtani. [&hellip;]<\/p>\n","protected":false},"featured_media":91404,"comment_status":"open","ping_status":"closed","template":"","meta":{"_acf_changed":false,"om_disable_all_campaigns":false,"inline_featured_image":false,"_monsterinsights_skip_tracking":false,"_monsterinsights_sitenote_active":false,"_monsterinsights_sitenote_note":"","_monsterinsights_sitenote_category":0},"product_brand":[],"product_cat":[835,766,769,741,770],"product_tag":[],"class_list":{"0":"post-91403","1":"product","2":"type-product","3":"status-publish","4":"has-post-thumbnail","6":"product_cat-2018-2019-kollekcio","7":"product_cat-bundas-kabatok-es-bundas-dzsekik-noknek","8":"product_cat-nerc-szorme","9":"product_cat-nok","10":"product_cat-vidra-bundak-vidra-zsekik","12":"first","13":"instock","14":"taxable","15":"shipping-taxable","16":"purchasable","17":"product-type-variable","18":"has-default-attributes","19":"wvs-archive-product-wrapper"},"acf":{"categorie_feed":""},"aioseo_notices":[],"_links":{"self":[{"href":"https:\/\/aavesa.com\/hu\/wp-json\/wp\/v2\/product\/91403","targetHints":{"allow":["GET"]}}],"collection":[{"href":"https:\/\/aavesa.com\/hu\/wp-json\/wp\/v2\/product"}],"about":[{"href":"https:\/\/aavesa.com\/hu\/wp-json\/wp\/v2\/types\/product"}],"replies":[{"embeddable":true,"href":"https:\/\/aavesa.com\/hu\/wp-json\/wp\/v2\/comments?post=91403"}],"wp:featuredmedia":[{"embeddable":true,"href":"https:\/\/aavesa.com\/hu\/wp-json\/wp\/v2\/media\/91404"}],"wp:attachment":[{"href":"https:\/\/aavesa.com\/hu\/wp-json\/wp\/v2\/media?parent=91403"}],"wp:term":[{"taxonomy":"product_brand","embeddable":true,"href":"https:\/\/aavesa.com\/hu\/wp-json\/wp\/v2\/product_brand?post=91403"},{"taxonomy":"product_cat","embeddable":true,"href":"https:\/\/aavesa.com\/hu\/wp-json\/wp\/v2\/product_cat?post=91403"},{"taxonomy":"product_tag","embeddable":true,"href":"https:\/\/aavesa.com\/hu\/wp-json\/wp\/v2\/product_tag?post=91403"}],"curies":[{"name":"wp","href":"https:\/\/api.w.org\/{rel}","templated":true}]}}