

{"id":91418,"date":"2024-07-26T16:23:31","date_gmt":"2024-07-26T16:23:31","guid":{"rendered":"https:\/\/new.aavesa.com\/produs\/mink-bunda-291\/"},"modified":"2025-11-17T06:29:54","modified_gmt":"2025-11-17T06:29:54","slug":"mink-bunda-291","status":"publish","type":"product","link":"https:\/\/aavesa.com\/hu\/product\/mink-bunda-291\/","title":{"rendered":"Mink bunda 291"},"content":{"rendered":"<p>Nercbund\u00e1b\u00f3l k\u00e9sz\u00fclt term\u00e9szetes sz\u0151rmebunda n\u0151knek. Ez a divatkre\u00e1ci\u00f3 a legnagyobb gondoss\u00e1ggal k\u00e9sz\u00fclt, \u00edgy a sz\u0151rme darabok t\u00f6k\u00e9letesen kombin\u00e1l\u00f3dnak. A ruhadarab bel\u00fcl b\u00e9lelt, z\u00e1r\u00e1sa klipszekkel k\u00e9sz\u00fclt, gall\u00e9rja pedig t\u00f6k\u00e9letes a leghidegebb t\u00e9li napokra. A kab\u00e1t \u00f6vvel van ell\u00e1tva, amely kiemeli a der\u00e9kvonalat \u00e9s k\u00e9t zsebbel, amelyek rendk\u00edv\u00fcl hasznosak a hideg napokon. Az ujj\u00e1n k\u00e9t szegecs is tal\u00e1lhat\u00f3, \u00edgy az ujja \u00e1ll\u00edthat\u00f3.    <\/p>\n","protected":false},"excerpt":{"rendered":"<p>Nercbund\u00e1b\u00f3l k\u00e9sz\u00fclt term\u00e9szetes sz\u0151rmebunda n\u0151knek. Ez a divatkre\u00e1ci\u00f3 a legnagyobb gondoss\u00e1ggal k\u00e9sz\u00fclt, \u00edgy a sz\u0151rme darabok t\u00f6k\u00e9letesen kombin\u00e1l\u00f3dnak. A ruhadarab bel\u00fcl b\u00e9lelt, z\u00e1r\u00e1sa klipszekkel k\u00e9sz\u00fclt, gall\u00e9rja pedig t\u00f6k\u00e9letes a leghidegebb t\u00e9li napokra. A kab\u00e1t \u00f6vvel van ell\u00e1tva, amely kiemeli a der\u00e9kvonalat \u00e9s k\u00e9t zsebbel, amelyek rendk\u00edv\u00fcl hasznosak a hideg napokon. Az ujj\u00e1n k\u00e9t szegecs is [&hellip;]<\/p>\n","protected":false},"featured_media":91419,"comment_status":"open","ping_status":"closed","template":"","meta":{"_acf_changed":false,"om_disable_all_campaigns":false,"inline_featured_image":false,"_monsterinsights_skip_tracking":false,"_monsterinsights_sitenote_active":false,"_monsterinsights_sitenote_note":"","_monsterinsights_sitenote_category":0},"product_brand":[],"product_cat":[835,766,769,741,770],"product_tag":[],"class_list":{"0":"post-91418","1":"product","2":"type-product","3":"status-publish","4":"has-post-thumbnail","6":"product_cat-2018-2019-kollekcio","7":"product_cat-bundas-kabatok-es-bundas-dzsekik-noknek","8":"product_cat-nerc-szorme","9":"product_cat-nok","10":"product_cat-vidra-bundak-vidra-zsekik","12":"first","13":"instock","14":"taxable","15":"shipping-taxable","16":"purchasable","17":"product-type-variable","18":"has-default-attributes","19":"wvs-archive-product-wrapper"},"acf":{"categorie_feed":""},"aioseo_notices":[],"_links":{"self":[{"href":"https:\/\/aavesa.com\/hu\/wp-json\/wp\/v2\/product\/91418","targetHints":{"allow":["GET"]}}],"collection":[{"href":"https:\/\/aavesa.com\/hu\/wp-json\/wp\/v2\/product"}],"about":[{"href":"https:\/\/aavesa.com\/hu\/wp-json\/wp\/v2\/types\/product"}],"replies":[{"embeddable":true,"href":"https:\/\/aavesa.com\/hu\/wp-json\/wp\/v2\/comments?post=91418"}],"wp:featuredmedia":[{"embeddable":true,"href":"https:\/\/aavesa.com\/hu\/wp-json\/wp\/v2\/media\/91419"}],"wp:attachment":[{"href":"https:\/\/aavesa.com\/hu\/wp-json\/wp\/v2\/media?parent=91418"}],"wp:term":[{"taxonomy":"product_brand","embeddable":true,"href":"https:\/\/aavesa.com\/hu\/wp-json\/wp\/v2\/product_brand?post=91418"},{"taxonomy":"product_cat","embeddable":true,"href":"https:\/\/aavesa.com\/hu\/wp-json\/wp\/v2\/product_cat?post=91418"},{"taxonomy":"product_tag","embeddable":true,"href":"https:\/\/aavesa.com\/hu\/wp-json\/wp\/v2\/product_tag?post=91418"}],"curies":[{"name":"wp","href":"https:\/\/api.w.org\/{rel}","templated":true}]}}