

{"id":91428,"date":"2024-07-26T16:23:31","date_gmt":"2024-07-26T16:23:31","guid":{"rendered":"https:\/\/new.aavesa.com\/produs\/megfordithato-baranybor-melleny-461\/"},"modified":"2025-11-17T06:29:53","modified_gmt":"2025-11-17T06:29:53","slug":"megfordithato-baranybor-melleny-461","status":"publish","type":"product","link":"https:\/\/aavesa.com\/hu\/product\/megfordithato-baranybor-melleny-461\/","title":{"rendered":"Megford\u00edthat\u00f3 b\u00e1r\u00e1nyb\u0151r mell\u00e9ny 461"},"content":{"rendered":"<p>Birkab\u0151r sz\u0151rmemell\u00e9ny n\u0151knek. Ez a mell\u00e9ny megford\u00edthat\u00f3, egyik oldala mouton sz\u0151rm\u00e9vel, a m\u00e1sik pedig a nedvess\u00e9gnek \u00e9s a sz\u00e9lnek ellen\u00e1ll\u00f3 nappa b\u00e1r\u00e1nyb\u0151rb\u0151l k\u00e9sz\u00fclt, a legjobb v\u00e9delem \u00e9s k\u00e9nyelem \u00e9rdek\u00e9ben. A mell\u00e9ny lez\u00e1r\u00e1s\u00e1t kapcsok biztos\u00edtj\u00e1k. A mell\u00e9ny hossza k\u00f6zepes, \u00edgy biztos\u00edtja a sz\u00fcks\u00e9ges t\u00e1mogat\u00e1st a hideg id\u0151szakban. ez a mell\u00e9ny t\u00f6k\u00e9letes v\u00e1laszt\u00e1s, hogy egy egyedi ruhadarabbal gazdag\u00edtsa ruhat\u00e1r\u00e1t.   <\/p>\n","protected":false},"excerpt":{"rendered":"<p>Birkab\u0151r sz\u0151rmemell\u00e9ny n\u0151knek. Ez a mell\u00e9ny megford\u00edthat\u00f3, egyik oldala mouton sz\u0151rm\u00e9vel, a m\u00e1sik pedig a nedvess\u00e9gnek \u00e9s a sz\u00e9lnek ellen\u00e1ll\u00f3 nappa b\u00e1r\u00e1nyb\u0151rb\u0151l k\u00e9sz\u00fclt, a legjobb v\u00e9delem \u00e9s k\u00e9nyelem \u00e9rdek\u00e9ben. A mell\u00e9ny lez\u00e1r\u00e1s\u00e1t kapcsok biztos\u00edtj\u00e1k. A mell\u00e9ny hossza k\u00f6zepes, \u00edgy biztos\u00edtja a sz\u00fcks\u00e9ges t\u00e1mogat\u00e1st a hideg id\u0151szakban. ez a mell\u00e9ny t\u00f6k\u00e9letes v\u00e1laszt\u00e1s, hogy egy egyedi ruhadarabbal [&hellip;]<\/p>\n","protected":false},"featured_media":91429,"comment_status":"open","ping_status":"closed","template":"","meta":{"_acf_changed":false,"om_disable_all_campaigns":false,"inline_featured_image":false,"_monsterinsights_skip_tracking":false,"_monsterinsights_sitenote_active":false,"_monsterinsights_sitenote_note":"","_monsterinsights_sitenote_category":0},"product_brand":[],"product_cat":[835,784,741,793],"product_tag":[],"class_list":{"0":"post-91428","1":"product","2":"type-product","3":"status-publish","4":"has-post-thumbnail","6":"product_cat-2018-2019-kollekcio","7":"product_cat-baranybor","8":"product_cat-nok","9":"product_cat-shearling-mellenyek-es-bundas-mellenyek-noknek","11":"first","12":"instock","13":"taxable","14":"shipping-taxable","15":"purchasable","16":"product-type-variable","17":"has-default-attributes","18":"wvs-archive-product-wrapper"},"acf":{"categorie_feed":""},"aioseo_notices":[],"_links":{"self":[{"href":"https:\/\/aavesa.com\/hu\/wp-json\/wp\/v2\/product\/91428","targetHints":{"allow":["GET"]}}],"collection":[{"href":"https:\/\/aavesa.com\/hu\/wp-json\/wp\/v2\/product"}],"about":[{"href":"https:\/\/aavesa.com\/hu\/wp-json\/wp\/v2\/types\/product"}],"replies":[{"embeddable":true,"href":"https:\/\/aavesa.com\/hu\/wp-json\/wp\/v2\/comments?post=91428"}],"wp:featuredmedia":[{"embeddable":true,"href":"https:\/\/aavesa.com\/hu\/wp-json\/wp\/v2\/media\/91429"}],"wp:attachment":[{"href":"https:\/\/aavesa.com\/hu\/wp-json\/wp\/v2\/media?parent=91428"}],"wp:term":[{"taxonomy":"product_brand","embeddable":true,"href":"https:\/\/aavesa.com\/hu\/wp-json\/wp\/v2\/product_brand?post=91428"},{"taxonomy":"product_cat","embeddable":true,"href":"https:\/\/aavesa.com\/hu\/wp-json\/wp\/v2\/product_cat?post=91428"},{"taxonomy":"product_tag","embeddable":true,"href":"https:\/\/aavesa.com\/hu\/wp-json\/wp\/v2\/product_tag?post=91428"}],"curies":[{"name":"wp","href":"https:\/\/api.w.org\/{rel}","templated":true}]}}