

{"id":91475,"date":"2024-07-26T16:23:32","date_gmt":"2024-07-26T16:23:32","guid":{"rendered":"https:\/\/new.aavesa.com\/produs\/hosszu-nyirokabat-2004-g\/"},"modified":"2026-04-13T09:17:22","modified_gmt":"2026-04-13T11:17:22","slug":"hosszu-nyirokabat-2004-g","status":"publish","type":"product","link":"https:\/\/aavesa.com\/hu\/product\/hosszu-nyirokabat-2004-g\/","title":{"rendered":"Hossz\u00fa ny\u00edr\u00f3kab\u00e1t 2004 G"},"content":{"rendered":"<p>Megford\u00edthat\u00f3 kapucnis b\u00e1r\u00e1nybund\u00e1b\u00f3l k\u00e9sz\u00fclt shearling kab\u00e1t, amelynek egyik oldala mouton sz\u0151rme, amely nagyon puha tapint\u00e1s\u00fa, a m\u00e1sik oldala pedig nedvess\u00e9g- \u00e9s sz\u00e9l\u00e1ll\u00f3 nappa b\u00e1r\u00e1nyb\u0151rb\u0151l k\u00e9sz\u00fclt. A minimalista, egyenes vonalvezet\u00e9s\u0171 kialak\u00edt\u00e1s teszi ezt a kab\u00e1tot sokoldal\u00fa, leny\u0171g\u00f6z\u0151 megjelen\u00e9s\u0171 ruhadarabb\u00e1. A kab\u00e1t z\u00e1r\u00e1sa kapcsokkal t\u00f6rt\u00e9nik, ami viszont biztos\u00edtja az \u00e1lland\u00f3 h\u0151m\u00e9rs\u00e9klet megtart\u00e1s\u00e1t a h\u0171v\u00f6s napokon.  <\/p>\n","protected":false},"excerpt":{"rendered":"<p>Megford\u00edthat\u00f3 kapucnis b\u00e1r\u00e1nybund\u00e1b\u00f3l k\u00e9sz\u00fclt shearling kab\u00e1t, amelynek egyik oldala mouton sz\u0151rme, amely nagyon puha tapint\u00e1s\u00fa, a m\u00e1sik oldala pedig nedvess\u00e9g- \u00e9s sz\u00e9l\u00e1ll\u00f3 nappa b\u00e1r\u00e1nyb\u0151rb\u0151l k\u00e9sz\u00fclt. A minimalista, egyenes vonalvezet\u00e9s\u0171 kialak\u00edt\u00e1s teszi ezt a kab\u00e1tot sokoldal\u00fa, leny\u0171g\u00f6z\u0151 megjelen\u00e9s\u0171 ruhadarabb\u00e1. A kab\u00e1t z\u00e1r\u00e1sa kapcsokkal t\u00f6rt\u00e9nik, ami viszont biztos\u00edtja az \u00e1lland\u00f3 h\u0151m\u00e9rs\u00e9klet megtart\u00e1s\u00e1t a h\u0171v\u00f6s napokon.<\/p>\n","protected":false},"featured_media":91476,"comment_status":"open","ping_status":"closed","template":"","meta":{"_acf_changed":false,"om_disable_all_campaigns":false,"inline_featured_image":false,"_monsterinsights_skip_tracking":false,"_monsterinsights_sitenote_active":false,"_monsterinsights_sitenote_note":"","_monsterinsights_sitenote_category":0},"product_brand":[],"product_cat":[835,784,778,779,741],"product_tag":[],"class_list":{"0":"post-91475","1":"product","2":"type-product","3":"status-publish","4":"has-post-thumbnail","6":"product_cat-2018-2019-kollekcio","7":"product_cat-baranybor","8":"product_cat-baranybor-kabatok-hu","9":"product_cat-noi-shearling-kabatok","10":"product_cat-nok","12":"first","13":"instock","14":"taxable","15":"shipping-taxable","16":"purchasable","17":"product-type-variable","18":"has-default-attributes","19":"wvs-archive-product-wrapper"},"acf":{"categorie_feed":""},"aioseo_notices":[],"_links":{"self":[{"href":"https:\/\/aavesa.com\/hu\/wp-json\/wp\/v2\/product\/91475","targetHints":{"allow":["GET"]}}],"collection":[{"href":"https:\/\/aavesa.com\/hu\/wp-json\/wp\/v2\/product"}],"about":[{"href":"https:\/\/aavesa.com\/hu\/wp-json\/wp\/v2\/types\/product"}],"replies":[{"embeddable":true,"href":"https:\/\/aavesa.com\/hu\/wp-json\/wp\/v2\/comments?post=91475"}],"wp:featuredmedia":[{"embeddable":true,"href":"https:\/\/aavesa.com\/hu\/wp-json\/wp\/v2\/media\/91476"}],"wp:attachment":[{"href":"https:\/\/aavesa.com\/hu\/wp-json\/wp\/v2\/media?parent=91475"}],"wp:term":[{"taxonomy":"product_brand","embeddable":true,"href":"https:\/\/aavesa.com\/hu\/wp-json\/wp\/v2\/product_brand?post=91475"},{"taxonomy":"product_cat","embeddable":true,"href":"https:\/\/aavesa.com\/hu\/wp-json\/wp\/v2\/product_cat?post=91475"},{"taxonomy":"product_tag","embeddable":true,"href":"https:\/\/aavesa.com\/hu\/wp-json\/wp\/v2\/product_tag?post=91475"}],"curies":[{"name":"wp","href":"https:\/\/api.w.org\/{rel}","templated":true}]}}