

{"id":91490,"date":"2024-07-26T16:23:32","date_gmt":"2024-07-26T16:23:32","guid":{"rendered":"https:\/\/new.aavesa.com\/produs\/megfordithato-nyirokabat-2001\/"},"modified":"2025-11-17T06:29:53","modified_gmt":"2025-11-17T06:29:53","slug":"megfordithato-nyirokabat-2001","status":"publish","type":"product","link":"https:\/\/aavesa.com\/hu\/product\/megfordithato-nyirokabat-2001\/","title":{"rendered":"Megford\u00edthat\u00f3 ny\u00edr\u00f3kab\u00e1t 2001"},"content":{"rendered":"<p>Ez a shearling kab\u00e1t merin\u00f3b\u00e1r\u00e1ny sz\u0151rm\u00e9b\u0151l k\u00e9sz\u00fclt, megford\u00edthat\u00f3, alkalmas a hideg t\u00e9li napokra. Egyik oldal\u00e1n mouton sz\u0151rme, amely puha tapint\u00e1s\u00fa, a m\u00e1sik oldal\u00e1n pedig nappa b\u00e1r\u00e1nyb\u0151r, amely ellen\u00e1ll a nedvess\u00e9gnek \u00e9s a sz\u00e9lnek. A minimalista, egyenes vonalvezet\u00e9s\u0171 kialak\u00edt\u00e1snak k\u00f6sz\u00f6nhet\u0151en sokoldal\u00fa, leny\u0171g\u00f6z\u0151 megjelen\u00e9s\u0171 kab\u00e1t.  <\/p>\n","protected":false},"excerpt":{"rendered":"<p>Ez a shearling kab\u00e1t merin\u00f3b\u00e1r\u00e1ny sz\u0151rm\u00e9b\u0151l k\u00e9sz\u00fclt, megford\u00edthat\u00f3, alkalmas a hideg t\u00e9li napokra. Egyik oldal\u00e1n mouton sz\u0151rme, amely puha tapint\u00e1s\u00fa, a m\u00e1sik oldal\u00e1n pedig nappa b\u00e1r\u00e1nyb\u0151r, amely ellen\u00e1ll a nedvess\u00e9gnek \u00e9s a sz\u00e9lnek. A minimalista, egyenes vonalvezet\u00e9s\u0171 kialak\u00edt\u00e1snak k\u00f6sz\u00f6nhet\u0151en sokoldal\u00fa, leny\u0171g\u00f6z\u0151 megjelen\u00e9s\u0171 kab\u00e1t.<\/p>\n","protected":false},"featured_media":91491,"comment_status":"open","ping_status":"closed","template":"","meta":{"_acf_changed":false,"om_disable_all_campaigns":false,"inline_featured_image":false,"_monsterinsights_skip_tracking":false,"_monsterinsights_sitenote_active":false,"_monsterinsights_sitenote_note":"","_monsterinsights_sitenote_category":0},"product_brand":[],"product_cat":[835,784,779,741],"product_tag":[],"class_list":{"0":"post-91490","1":"product","2":"type-product","3":"status-publish","4":"has-post-thumbnail","6":"product_cat-2018-2019-kollekcio","7":"product_cat-baranybor","8":"product_cat-noi-shearling-kabatok","9":"product_cat-nok","11":"first","12":"outofstock","13":"taxable","14":"shipping-taxable","15":"product-type-variable","16":"has-default-attributes","17":"wvs-archive-product-wrapper"},"acf":{"categorie_feed":""},"aioseo_notices":[],"_links":{"self":[{"href":"https:\/\/aavesa.com\/hu\/wp-json\/wp\/v2\/product\/91490","targetHints":{"allow":["GET"]}}],"collection":[{"href":"https:\/\/aavesa.com\/hu\/wp-json\/wp\/v2\/product"}],"about":[{"href":"https:\/\/aavesa.com\/hu\/wp-json\/wp\/v2\/types\/product"}],"replies":[{"embeddable":true,"href":"https:\/\/aavesa.com\/hu\/wp-json\/wp\/v2\/comments?post=91490"}],"wp:featuredmedia":[{"embeddable":true,"href":"https:\/\/aavesa.com\/hu\/wp-json\/wp\/v2\/media\/91491"}],"wp:attachment":[{"href":"https:\/\/aavesa.com\/hu\/wp-json\/wp\/v2\/media?parent=91490"}],"wp:term":[{"taxonomy":"product_brand","embeddable":true,"href":"https:\/\/aavesa.com\/hu\/wp-json\/wp\/v2\/product_brand?post=91490"},{"taxonomy":"product_cat","embeddable":true,"href":"https:\/\/aavesa.com\/hu\/wp-json\/wp\/v2\/product_cat?post=91490"},{"taxonomy":"product_tag","embeddable":true,"href":"https:\/\/aavesa.com\/hu\/wp-json\/wp\/v2\/product_tag?post=91490"}],"curies":[{"name":"wp","href":"https:\/\/api.w.org\/{rel}","templated":true}]}}