

{"id":91515,"date":"2024-07-26T16:24:05","date_gmt":"2024-07-26T16:24:05","guid":{"rendered":"https:\/\/new.aavesa.com\/produs\/baranybor-szonyeg-991-2\/"},"modified":"2025-11-17T06:29:51","modified_gmt":"2025-11-17T06:29:51","slug":"baranybor-szonyeg-991-2","status":"publish","type":"product","link":"https:\/\/aavesa.com\/hu\/product\/baranybor-szonyeg-991-2\/","title":{"rendered":"B\u00e1r\u00e1nyb\u0151r sz\u0151nyeg 991-2"},"content":{"rendered":"<p>Ez a dekorat\u00edv sz\u0151rme term\u00e9szetes sz\u00edneiben egyedi kieg\u00e9sz\u00edt\u0151, a sz\u0151rme term\u00e9szetes foltjai \u00e9s form\u00e1ja pedig b\u0151r\u00f6nk\u00e9nt v\u00e1ltozik.<br \/>\nA term\u00e9szetes b\u00e1r\u00e1nyb\u0151r olyan diz\u00e1jnnal rendelkezik, amely \u00e9rt\u00e9ket \u00e9s egyedis\u00e9get k\u00f6lcs\u00f6n\u00f6z annak a helyis\u00e9gnek, ahol tal\u00e1lhat\u00f3. A b\u00e1r\u00e1nyb\u0151r puha tapint\u00e1s\u00fa \u00e9s meleg, a term\u00e9szetes sz\u0151rm\u00e9s kialak\u00edt\u00e1s t\u00f6k\u00e9letes d\u00edsz\u00edt\u0151elemm\u00e9 teszi.<br \/>\nEgyedi kieg\u00e9sz\u00edt\u0151je lesz otthon\u00e1nak ez a term\u00e9szetes b\u00e1r\u00e1nyb\u0151rb\u0151l k\u00e9sz\u00fclt d\u00edsz\u00edt\u0151elem.<\/p>\n","protected":false},"excerpt":{"rendered":"<p>Ez a dekorat\u00edv sz\u0151rme term\u00e9szetes sz\u00edneiben egyedi kieg\u00e9sz\u00edt\u0151, a sz\u0151rme term\u00e9szetes foltjai \u00e9s form\u00e1ja pedig b\u0151r\u00f6nk\u00e9nt v\u00e1ltozik. A term\u00e9szetes b\u00e1r\u00e1nyb\u0151r olyan diz\u00e1jnnal rendelkezik, amely \u00e9rt\u00e9ket \u00e9s egyedis\u00e9get k\u00f6lcs\u00f6n\u00f6z annak a helyis\u00e9gnek, ahol tal\u00e1lhat\u00f3. A b\u00e1r\u00e1nyb\u0151r puha tapint\u00e1s\u00fa \u00e9s meleg, a term\u00e9szetes sz\u0151rm\u00e9s kialak\u00edt\u00e1s t\u00f6k\u00e9letes d\u00edsz\u00edt\u0151elemm\u00e9 teszi. Egyedi kieg\u00e9sz\u00edt\u0151je lesz otthon\u00e1nak ez a term\u00e9szetes b\u00e1r\u00e1nyb\u0151rb\u0151l k\u00e9sz\u00fclt [&hellip;]<\/p>\n","protected":false},"featured_media":91518,"comment_status":"open","ping_status":"closed","template":"","meta":{"_acf_changed":false,"om_disable_all_campaigns":false,"inline_featured_image":false,"_monsterinsights_skip_tracking":false,"_monsterinsights_sitenote_active":false,"_monsterinsights_sitenote_note":"","_monsterinsights_sitenote_category":0},"product_brand":[],"product_cat":[784,810],"product_tag":[],"class_list":{"0":"post-91515","1":"product","2":"type-product","3":"status-publish","4":"has-post-thumbnail","6":"product_cat-baranybor","7":"product_cat-dekoraciok","9":"first","10":"outofstock","11":"taxable","12":"shipping-taxable","13":"product-type-variable","14":"has-default-attributes","15":"wvs-archive-product-wrapper"},"acf":{"categorie_feed":""},"aioseo_notices":[],"_links":{"self":[{"href":"https:\/\/aavesa.com\/hu\/wp-json\/wp\/v2\/product\/91515","targetHints":{"allow":["GET"]}}],"collection":[{"href":"https:\/\/aavesa.com\/hu\/wp-json\/wp\/v2\/product"}],"about":[{"href":"https:\/\/aavesa.com\/hu\/wp-json\/wp\/v2\/types\/product"}],"replies":[{"embeddable":true,"href":"https:\/\/aavesa.com\/hu\/wp-json\/wp\/v2\/comments?post=91515"}],"wp:featuredmedia":[{"embeddable":true,"href":"https:\/\/aavesa.com\/hu\/wp-json\/wp\/v2\/media\/91518"}],"wp:attachment":[{"href":"https:\/\/aavesa.com\/hu\/wp-json\/wp\/v2\/media?parent=91515"}],"wp:term":[{"taxonomy":"product_brand","embeddable":true,"href":"https:\/\/aavesa.com\/hu\/wp-json\/wp\/v2\/product_brand?post=91515"},{"taxonomy":"product_cat","embeddable":true,"href":"https:\/\/aavesa.com\/hu\/wp-json\/wp\/v2\/product_cat?post=91515"},{"taxonomy":"product_tag","embeddable":true,"href":"https:\/\/aavesa.com\/hu\/wp-json\/wp\/v2\/product_tag?post=91515"}],"curies":[{"name":"wp","href":"https:\/\/api.w.org\/{rel}","templated":true}]}}