

{"id":91525,"date":"2024-07-26T16:24:05","date_gmt":"2024-07-26T16:24:05","guid":{"rendered":"https:\/\/new.aavesa.com\/produs\/termeszetes-tehenbor-999\/"},"modified":"2025-11-17T06:29:47","modified_gmt":"2025-11-17T06:29:47","slug":"termeszetes-tehenbor-999","status":"publish","type":"product","link":"https:\/\/aavesa.com\/hu\/product\/termeszetes-tehenbor-999\/","title":{"rendered":"Term\u00e9szetes teh\u00e9nb\u0151r 999"},"content":{"rendered":"<p>A <a rel=\"nofollow\" href=\"https:\/\/aavesa.com\/hu\/dekoraciok\/\">dekorat\u00edv pr\u00e9mek<\/a> olyan lakberendez\u00e9si kieg\u00e9sz\u00edt\u0151k, amelyek k\u00fcl\u00f6nleges megjelen\u00e9s\u00fck mellett nagyon praktikusak \u00e9s k\u00f6nnyen karbantarthat\u00f3k. Az anyag vastags\u00e1ga \u00e9s kellemes text\u00far\u00e1ja miatt a sz\u0151rme teh\u00e9n alkalmas a padl\u00f3 d\u00edsz\u00edt\u00e9s\u00e9re. Ez a term\u00e9szetes teh\u00e9nb\u0151r nyers t\u00f3nus\u00fa, term\u00e9szetes megjelen\u00e9se hozz\u00e1j\u00e1rul a val\u00f3di hangulat kialak\u00edt\u00e1s\u00e1hoz. Ide\u00e1lis aj\u00e1nd\u00e9k azoknak, akik szeretik d\u00edsz\u00edteni otthonukat, \u00e9s egy olyan v\u00e1s\u00e1rl\u00e1s, amely az id\u0151 m\u00fal\u00e1s\u00e1val sem vesz\u00edt \u00e9rt\u00e9k\u00e9b\u0151l, ez a kiz\u00e1r\u00f3lag term\u00e9szetes anyagokb\u00f3l k\u00e9sz\u00fclt dekor\u00e1ci\u00f3s darab biztosan extra k\u00e9nyelmet ny\u00fajt \u00d6nnek.  <\/p>\n","protected":false},"excerpt":{"rendered":"<p>A dekorat\u00edv pr\u00e9mek olyan lakberendez\u00e9si kieg\u00e9sz\u00edt\u0151k, amelyek k\u00fcl\u00f6nleges megjelen\u00e9s\u00fck mellett nagyon praktikusak \u00e9s k\u00f6nnyen karbantarthat\u00f3k. Az anyag vastags\u00e1ga \u00e9s kellemes text\u00far\u00e1ja miatt a sz\u0151rme teh\u00e9n alkalmas a padl\u00f3 d\u00edsz\u00edt\u00e9s\u00e9re. Ez a term\u00e9szetes teh\u00e9nb\u0151r nyers t\u00f3nus\u00fa, term\u00e9szetes megjelen\u00e9se hozz\u00e1j\u00e1rul a val\u00f3di hangulat kialak\u00edt\u00e1s\u00e1hoz. Ide\u00e1lis aj\u00e1nd\u00e9k azoknak, akik szeretik d\u00edsz\u00edteni otthonukat, \u00e9s egy olyan v\u00e1s\u00e1rl\u00e1s, amely az [&hellip;]<\/p>\n","protected":false},"featured_media":91526,"comment_status":"open","ping_status":"closed","template":"","meta":{"_acf_changed":false,"om_disable_all_campaigns":false,"inline_featured_image":false,"_monsterinsights_skip_tracking":false,"_monsterinsights_sitenote_active":false,"_monsterinsights_sitenote_note":"","_monsterinsights_sitenote_category":0},"product_brand":[],"product_cat":[810],"product_tag":[],"class_list":{"0":"post-91525","1":"product","2":"type-product","3":"status-publish","4":"has-post-thumbnail","6":"product_cat-dekoraciok","8":"first","9":"instock","10":"taxable","11":"shipping-taxable","12":"purchasable","13":"product-type-variable","14":"has-default-attributes","15":"wvs-archive-product-wrapper"},"acf":{"categorie_feed":""},"aioseo_notices":[],"_links":{"self":[{"href":"https:\/\/aavesa.com\/hu\/wp-json\/wp\/v2\/product\/91525","targetHints":{"allow":["GET"]}}],"collection":[{"href":"https:\/\/aavesa.com\/hu\/wp-json\/wp\/v2\/product"}],"about":[{"href":"https:\/\/aavesa.com\/hu\/wp-json\/wp\/v2\/types\/product"}],"replies":[{"embeddable":true,"href":"https:\/\/aavesa.com\/hu\/wp-json\/wp\/v2\/comments?post=91525"}],"wp:featuredmedia":[{"embeddable":true,"href":"https:\/\/aavesa.com\/hu\/wp-json\/wp\/v2\/media\/91526"}],"wp:attachment":[{"href":"https:\/\/aavesa.com\/hu\/wp-json\/wp\/v2\/media?parent=91525"}],"wp:term":[{"taxonomy":"product_brand","embeddable":true,"href":"https:\/\/aavesa.com\/hu\/wp-json\/wp\/v2\/product_brand?post=91525"},{"taxonomy":"product_cat","embeddable":true,"href":"https:\/\/aavesa.com\/hu\/wp-json\/wp\/v2\/product_cat?post=91525"},{"taxonomy":"product_tag","embeddable":true,"href":"https:\/\/aavesa.com\/hu\/wp-json\/wp\/v2\/product_tag?post=91525"}],"curies":[{"name":"wp","href":"https:\/\/api.w.org\/{rel}","templated":true}]}}