

{"id":91560,"date":"2024-07-26T16:24:15","date_gmt":"2024-07-26T16:24:15","guid":{"rendered":"https:\/\/new.aavesa.com\/produs\/noi-baranybor-sapka-517\/"},"modified":"2025-11-17T06:29:43","modified_gmt":"2025-11-17T06:29:43","slug":"noi-baranybor-sapka-517","status":"publish","type":"product","link":"https:\/\/aavesa.com\/hu\/product\/noi-baranybor-sapka-517\/","title":{"rendered":"N\u0151i b\u00e1r\u00e1nyb\u0151r sapka 517"},"content":{"rendered":"<p>A sz\u0151rm\u00e9s sapka remek v\u00e1laszt\u00e1s a fej \u00e9rz\u00e9keny ter\u00fclet\u00e9nek v\u00e9delm\u00e9re az \u0151szi \u00e9s t\u00e9li fagyos napokon.<br \/>\nEz a n\u0151i b\u00e1r\u00e1nyb\u0151r sapka a legmagasabb min\u0151s\u00e9g\u0171 term\u00e9szetes anyagokb\u00f3l k\u00e9sz\u00fclt, \u00edgy optim\u00e1lis v\u00e9delmet \u00e9s a hideg elleni v\u00e9delmet biztos\u00edt.<br \/>\nA sapka kerek mint\u00e1ja miatt sz\u00e1mos ruh\u00e1hoz \u00e9s st\u00edlushoz illik, a barna sz\u00ednhez nagyon k\u00f6nnyen illeszkedik.<br \/>\nA sapka k\u00fcls\u0151 sz\u00edne vil\u00e1gosbarna, a b\u00e9l\u00e9s bel\u00fcl s\u00f6t\u00e9tbarna.<br \/>\nEz a n\u0151i b\u00e1r\u00e1nyb\u0151r sapka egy ihletett aj\u00e1nd\u00e9k lehet az \u00d6n sz\u00e1m\u00e1ra kedves szem\u00e9lynek.<\/p>\n","protected":false},"excerpt":{"rendered":"<p>A sz\u0151rm\u00e9s sapka remek v\u00e1laszt\u00e1s a fej \u00e9rz\u00e9keny ter\u00fclet\u00e9nek v\u00e9delm\u00e9re az \u0151szi \u00e9s t\u00e9li fagyos napokon. Ez a n\u0151i b\u00e1r\u00e1nyb\u0151r sapka a legmagasabb min\u0151s\u00e9g\u0171 term\u00e9szetes anyagokb\u00f3l k\u00e9sz\u00fclt, \u00edgy optim\u00e1lis v\u00e9delmet \u00e9s a hideg elleni v\u00e9delmet biztos\u00edt. A sapka kerek mint\u00e1ja miatt sz\u00e1mos ruh\u00e1hoz \u00e9s st\u00edlushoz illik, a barna sz\u00ednhez nagyon k\u00f6nnyen illeszkedik. A sapka k\u00fcls\u0151 [&hellip;]<\/p>\n","protected":false},"featured_media":91561,"comment_status":"open","ping_status":"closed","template":"","meta":{"_acf_changed":false,"om_disable_all_campaigns":false,"inline_featured_image":false,"_monsterinsights_skip_tracking":false,"_monsterinsights_sitenote_active":false,"_monsterinsights_sitenote_note":"","_monsterinsights_sitenote_category":0},"product_brand":[],"product_cat":[750,741,737],"product_tag":[],"class_list":{"0":"post-91560","1":"product","2":"type-product","3":"status-publish","4":"has-post-thumbnail","6":"product_cat-bundas-kalapok-shearling-kalapok-noknek","7":"product_cat-nok","8":"product_cat-teli-sapkak","10":"first","11":"instock","12":"taxable","13":"shipping-taxable","14":"purchasable","15":"product-type-variable","16":"has-default-attributes","17":"wvs-archive-product-wrapper"},"acf":{"categorie_feed":""},"aioseo_notices":[],"_links":{"self":[{"href":"https:\/\/aavesa.com\/hu\/wp-json\/wp\/v2\/product\/91560","targetHints":{"allow":["GET"]}}],"collection":[{"href":"https:\/\/aavesa.com\/hu\/wp-json\/wp\/v2\/product"}],"about":[{"href":"https:\/\/aavesa.com\/hu\/wp-json\/wp\/v2\/types\/product"}],"replies":[{"embeddable":true,"href":"https:\/\/aavesa.com\/hu\/wp-json\/wp\/v2\/comments?post=91560"}],"wp:featuredmedia":[{"embeddable":true,"href":"https:\/\/aavesa.com\/hu\/wp-json\/wp\/v2\/media\/91561"}],"wp:attachment":[{"href":"https:\/\/aavesa.com\/hu\/wp-json\/wp\/v2\/media?parent=91560"}],"wp:term":[{"taxonomy":"product_brand","embeddable":true,"href":"https:\/\/aavesa.com\/hu\/wp-json\/wp\/v2\/product_brand?post=91560"},{"taxonomy":"product_cat","embeddable":true,"href":"https:\/\/aavesa.com\/hu\/wp-json\/wp\/v2\/product_cat?post=91560"},{"taxonomy":"product_tag","embeddable":true,"href":"https:\/\/aavesa.com\/hu\/wp-json\/wp\/v2\/product_tag?post=91560"}],"curies":[{"name":"wp","href":"https:\/\/api.w.org\/{rel}","templated":true}]}}