

{"id":91578,"date":"2024-07-26T16:24:16","date_gmt":"2024-07-26T16:24:16","guid":{"rendered":"https:\/\/new.aavesa.com\/produs\/baranybor-kesztyu-706\/"},"modified":"2025-11-17T06:29:46","modified_gmt":"2025-11-17T06:29:46","slug":"baranybor-kesztyu-706","status":"publish","type":"product","link":"https:\/\/aavesa.com\/hu\/product\/baranybor-kesztyu-706\/","title":{"rendered":"B\u00e1r\u00e1nyb\u0151r keszty\u0171 706"},"content":{"rendered":"<p>Ezek a kiv\u00e1l\u00f3 min\u0151s\u00e9g\u0171 b\u00e1r\u00e1nyb\u0151r keszty\u0171k a hideg \u00e9vszak n\u00e9lk\u00fcl\u00f6zhetetlen kieg\u00e9sz\u00edt\u0151i. A m\u0171hely\u00fcnkben k\u00e9sz\u00fclt keszty\u0171k k\u00e9nyelmet \u00e9s meleget biztos\u00edtanak a hidegnek legink\u00e1bb kitett kezeknek. A keszty\u0171 belseje term\u00e9szetes b\u00e1r\u00e1nysz\u0151rb\u0151l k\u00e9sz\u00fclt, hogy jobban szigeteljen a fagy ellen. A klasszikus, egyujjas kialak\u00edt\u00e1s eleganci\u00e1t k\u00f6lcs\u00f6n\u00f6z a keszty\u0171nek, ami k\u00fcl\u00f6nlegess\u00e9 teszi azt. Az eleg\u00e1ns \u00e9s sokoldal\u00fa b\u00e1r\u00e1nysz\u0151rme keszty\u0171 alkalmas lehet aj\u00e1nd\u00e9kba is.    <\/p>\n","protected":false},"excerpt":{"rendered":"<p>Ezek a kiv\u00e1l\u00f3 min\u0151s\u00e9g\u0171 b\u00e1r\u00e1nyb\u0151r keszty\u0171k a hideg \u00e9vszak n\u00e9lk\u00fcl\u00f6zhetetlen kieg\u00e9sz\u00edt\u0151i. A m\u0171hely\u00fcnkben k\u00e9sz\u00fclt keszty\u0171k k\u00e9nyelmet \u00e9s meleget biztos\u00edtanak a hidegnek legink\u00e1bb kitett kezeknek. A keszty\u0171 belseje term\u00e9szetes b\u00e1r\u00e1nysz\u0151rb\u0151l k\u00e9sz\u00fclt, hogy jobban szigeteljen a fagy ellen. A klasszikus, egyujjas kialak\u00edt\u00e1s eleganci\u00e1t k\u00f6lcs\u00f6n\u00f6z a keszty\u0171nek, ami k\u00fcl\u00f6nlegess\u00e9 teszi azt. Az eleg\u00e1ns \u00e9s sokoldal\u00fa b\u00e1r\u00e1nysz\u0151rme keszty\u0171 alkalmas [&hellip;]<\/p>\n","protected":false},"featured_media":96804,"comment_status":"open","ping_status":"closed","template":"","meta":{"_acf_changed":false,"om_disable_all_campaigns":false,"inline_featured_image":false,"_monsterinsights_skip_tracking":false,"_monsterinsights_sitenote_active":false,"_monsterinsights_sitenote_note":"","_monsterinsights_sitenote_category":0},"product_brand":[],"product_cat":[784,802,725,741,892],"product_tag":[],"class_list":{"0":"post-91578","1":"product","2":"type-product","3":"status-publish","4":"has-post-thumbnail","6":"product_cat-baranybor","7":"product_cat-bundas-kesztyuk-shearling-kesztyuk-noknek","8":"product_cat-ferfiak","9":"product_cat-nok","10":"product_cat-ferfi-juhbor-kesztyuk","12":"first","13":"instock","14":"taxable","15":"shipping-taxable","16":"purchasable","17":"product-type-variable","18":"has-default-attributes","19":"wvs-archive-product-wrapper"},"acf":{"categorie_feed":""},"aioseo_notices":[],"_links":{"self":[{"href":"https:\/\/aavesa.com\/hu\/wp-json\/wp\/v2\/product\/91578","targetHints":{"allow":["GET"]}}],"collection":[{"href":"https:\/\/aavesa.com\/hu\/wp-json\/wp\/v2\/product"}],"about":[{"href":"https:\/\/aavesa.com\/hu\/wp-json\/wp\/v2\/types\/product"}],"replies":[{"embeddable":true,"href":"https:\/\/aavesa.com\/hu\/wp-json\/wp\/v2\/comments?post=91578"}],"wp:featuredmedia":[{"embeddable":true,"href":"https:\/\/aavesa.com\/hu\/wp-json\/wp\/v2\/media\/96804"}],"wp:attachment":[{"href":"https:\/\/aavesa.com\/hu\/wp-json\/wp\/v2\/media?parent=91578"}],"wp:term":[{"taxonomy":"product_brand","embeddable":true,"href":"https:\/\/aavesa.com\/hu\/wp-json\/wp\/v2\/product_brand?post=91578"},{"taxonomy":"product_cat","embeddable":true,"href":"https:\/\/aavesa.com\/hu\/wp-json\/wp\/v2\/product_cat?post=91578"},{"taxonomy":"product_tag","embeddable":true,"href":"https:\/\/aavesa.com\/hu\/wp-json\/wp\/v2\/product_tag?post=91578"}],"curies":[{"name":"wp","href":"https:\/\/api.w.org\/{rel}","templated":true}]}}