

{"id":91604,"date":"2024-07-26T16:24:16","date_gmt":"2024-07-26T16:24:16","guid":{"rendered":"https:\/\/new.aavesa.com\/produs\/fekete-bor-ov-oltonyhoz-c008\/"},"modified":"2026-04-04T04:28:23","modified_gmt":"2026-04-04T06:28:23","slug":"fekete-bor-ov-oltonyhoz-c008","status":"publish","type":"product","link":"https:\/\/aavesa.com\/hu\/product\/fekete-bor-ov-oltonyhoz-c008\/","title":{"rendered":"Fekete b\u0151r \u00f6v \u00f6lt\u00f6nyh\u00f6z C008"},"content":{"rendered":"<p>Ez a fekete b\u0151r\u00f6v egyszer\u0171 \u00e9s megfelel\u0151 v\u00e1laszt\u00e1s egy eleg\u00e1ns \u00f6lt\u00f6z\u00e9k, p\u00e9ld\u00e1ul egy \u00f6lt\u00f6ny kieg\u00e9sz\u00edt\u00e9s\u00e9re. St\u00edlusos, tart\u00f3s \u00e9s diszkr\u00e9t, ez a term\u00e9szetes b\u0151r\u00f6v minden f\u00e9rfi ruhat\u00e1r\u00e1nak klasszikus darabja, hiszen az egyik olyan kieg\u00e9sz\u00edt\u0151, amelyre ruh\u00e1zati preferenci\u00e1kt\u00f3l f\u00fcggetlen\u00fcl sz\u00e1m\u00edthat. A term\u00e9szetes b\u0151r egyszerre modern \u00e9s klasszikus anyag, \u00edgy k\u00fcl\u00f6nb\u00f6z\u0151 st\u00edlusokat eg\u00e9sz\u00edthet ki, k\u00fcl\u00f6nleges alkalmakra extra eleganci\u00e1t k\u00f6lcs\u00f6n\u00f6zve az \u00f6lt\u00f6z\u00e9knek. Praktikus v\u00e1s\u00e1rl\u00e1s vagy aj\u00e1nd\u00e9k, amelyet minden f\u00e9rfi \u00e9rt\u00e9kelni fog, ez a fekete b\u0151r\u00f6v el\u00e9rhet\u0151 \u00e9s sikeres kieg\u00e9sz\u00edt\u0151.   <\/p>\n","protected":false},"excerpt":{"rendered":"<p>Ez a fekete b\u0151r\u00f6v egyszer\u0171 \u00e9s megfelel\u0151 v\u00e1laszt\u00e1s egy eleg\u00e1ns \u00f6lt\u00f6z\u00e9k, p\u00e9ld\u00e1ul egy \u00f6lt\u00f6ny kieg\u00e9sz\u00edt\u00e9s\u00e9re. St\u00edlusos, tart\u00f3s \u00e9s diszkr\u00e9t, ez a term\u00e9szetes b\u0151r\u00f6v minden f\u00e9rfi ruhat\u00e1r\u00e1nak klasszikus darabja, hiszen az egyik olyan kieg\u00e9sz\u00edt\u0151, amelyre ruh\u00e1zati preferenci\u00e1kt\u00f3l f\u00fcggetlen\u00fcl sz\u00e1m\u00edthat. A term\u00e9szetes b\u0151r egyszerre modern \u00e9s klasszikus anyag, \u00edgy k\u00fcl\u00f6nb\u00f6z\u0151 st\u00edlusokat eg\u00e9sz\u00edthet ki, k\u00fcl\u00f6nleges alkalmakra extra eleganci\u00e1t [&hellip;]<\/p>\n","protected":false},"featured_media":91605,"comment_status":"open","ping_status":"closed","template":"","meta":{"_acf_changed":false,"om_disable_all_campaigns":false,"inline_featured_image":false,"_monsterinsights_skip_tracking":false,"_monsterinsights_sitenote_active":false,"_monsterinsights_sitenote_note":"","_monsterinsights_sitenote_category":0},"product_brand":[],"product_cat":[726,725],"product_tag":[],"class_list":{"0":"post-91604","1":"product","2":"type-product","3":"status-publish","4":"has-post-thumbnail","6":"product_cat-borovek-ferfiaknak","7":"product_cat-ferfiak","9":"first","10":"instock","11":"taxable","12":"shipping-taxable","13":"purchasable","14":"product-type-variable","15":"has-default-attributes","16":"wvs-archive-product-wrapper"},"acf":{"categorie_feed":""},"aioseo_notices":[],"_links":{"self":[{"href":"https:\/\/aavesa.com\/hu\/wp-json\/wp\/v2\/product\/91604","targetHints":{"allow":["GET"]}}],"collection":[{"href":"https:\/\/aavesa.com\/hu\/wp-json\/wp\/v2\/product"}],"about":[{"href":"https:\/\/aavesa.com\/hu\/wp-json\/wp\/v2\/types\/product"}],"replies":[{"embeddable":true,"href":"https:\/\/aavesa.com\/hu\/wp-json\/wp\/v2\/comments?post=91604"}],"wp:featuredmedia":[{"embeddable":true,"href":"https:\/\/aavesa.com\/hu\/wp-json\/wp\/v2\/media\/91605"}],"wp:attachment":[{"href":"https:\/\/aavesa.com\/hu\/wp-json\/wp\/v2\/media?parent=91604"}],"wp:term":[{"taxonomy":"product_brand","embeddable":true,"href":"https:\/\/aavesa.com\/hu\/wp-json\/wp\/v2\/product_brand?post=91604"},{"taxonomy":"product_cat","embeddable":true,"href":"https:\/\/aavesa.com\/hu\/wp-json\/wp\/v2\/product_cat?post=91604"},{"taxonomy":"product_tag","embeddable":true,"href":"https:\/\/aavesa.com\/hu\/wp-json\/wp\/v2\/product_tag?post=91604"}],"curies":[{"name":"wp","href":"https:\/\/api.w.org\/{rel}","templated":true}]}}