

{"id":91609,"date":"2024-07-26T16:24:16","date_gmt":"2024-07-26T16:24:16","guid":{"rendered":"https:\/\/new.aavesa.com\/produs\/nubuk-bor-ferfi-ov-c009\/"},"modified":"2025-11-17T06:29:45","modified_gmt":"2025-11-17T06:29:45","slug":"nubuk-bor-ferfi-ov-c009","status":"publish","type":"product","link":"https:\/\/aavesa.com\/hu\/product\/nubuk-bor-ferfi-ov-c009\/","title":{"rendered":"Nubuk b\u0151r f\u00e9rfi \u00f6v C009"},"content":{"rendered":"<p>A kiv\u00e1l\u00f3 min\u0151s\u00e9g\u0171 <a href=\"https:\/\/aavesa.com\/hu\/ferfiak\/borovek-ferfiaknak\/\">nubukb\u0151r \u00f6v f\u00e9rfiak sz\u00e1m\u00e1ra<\/a> minden bizonnyal olyan kieg\u00e9sz\u00edt\u0151, amelyet nem lehet figyelmen k\u00edv\u00fcl hagyni. Ez a term\u00e9szetes nubukb\u0151rb\u0151l k\u00e9sz\u00fclt \u00f6v eleg\u00e1nsan k\u00e9sz\u00fclt a m\u0171hely\u00fcnkben, \u00e9s sz\u00e1mtalan viseletre k\u00e9sz\u00fclt. Az \u00f6v diszkr\u00e9t mint\u00e1zata praktikuss\u00e1 teszi, \u00e9s sz\u00e1mos \u00f6lt\u00f6z\u00e9k kieg\u00e9sz\u00edt\u00e9s\u00e9re alkalmas. Az \u00f6lt\u00f6zk\u00f6d\u00e9si preferenci\u00e1kt\u00f3l f\u00fcggetlen\u00fcl a b\u0151r\u00f6v tov\u00e1bbra is ugyanolyan hasznos marad minden f\u00e9rfi sz\u00e1m\u00e1ra, \u00e9ppen ez\u00e9rt kiv\u00e1l\u00f3an alkalmas aj\u00e1nd\u00e9koz\u00e1sra. Ez a f\u00e9rfi b\u0151r\u00f6v barna \u00e9s k\u00e9k sz\u00ednben kaphat\u00f3.    <\/p>\n","protected":false},"excerpt":{"rendered":"<p>A kiv\u00e1l\u00f3 min\u0151s\u00e9g\u0171 nubukb\u0151r \u00f6v f\u00e9rfiak sz\u00e1m\u00e1ra minden bizonnyal olyan kieg\u00e9sz\u00edt\u0151, amelyet nem lehet figyelmen k\u00edv\u00fcl hagyni. Ez a term\u00e9szetes nubukb\u0151rb\u0151l k\u00e9sz\u00fclt \u00f6v eleg\u00e1nsan k\u00e9sz\u00fclt a m\u0171hely\u00fcnkben, \u00e9s sz\u00e1mtalan viseletre k\u00e9sz\u00fclt. Az \u00f6v diszkr\u00e9t mint\u00e1zata praktikuss\u00e1 teszi, \u00e9s sz\u00e1mos \u00f6lt\u00f6z\u00e9k kieg\u00e9sz\u00edt\u00e9s\u00e9re alkalmas. Az \u00f6lt\u00f6zk\u00f6d\u00e9si preferenci\u00e1kt\u00f3l f\u00fcggetlen\u00fcl a b\u0151r\u00f6v tov\u00e1bbra is ugyanolyan hasznos marad minden f\u00e9rfi [&hellip;]<\/p>\n","protected":false},"featured_media":91610,"comment_status":"open","ping_status":"closed","template":"","meta":{"_acf_changed":false,"om_disable_all_campaigns":false,"inline_featured_image":false,"_monsterinsights_skip_tracking":false,"_monsterinsights_sitenote_active":false,"_monsterinsights_sitenote_note":"","_monsterinsights_sitenote_category":0},"product_brand":[],"product_cat":[726,725],"product_tag":[],"class_list":{"0":"post-91609","1":"product","2":"type-product","3":"status-publish","4":"has-post-thumbnail","6":"product_cat-borovek-ferfiaknak","7":"product_cat-ferfiak","9":"first","10":"instock","11":"taxable","12":"shipping-taxable","13":"purchasable","14":"product-type-variable","15":"has-default-attributes","16":"wvs-archive-product-wrapper"},"acf":{"categorie_feed":""},"aioseo_notices":[],"_links":{"self":[{"href":"https:\/\/aavesa.com\/hu\/wp-json\/wp\/v2\/product\/91609","targetHints":{"allow":["GET"]}}],"collection":[{"href":"https:\/\/aavesa.com\/hu\/wp-json\/wp\/v2\/product"}],"about":[{"href":"https:\/\/aavesa.com\/hu\/wp-json\/wp\/v2\/types\/product"}],"replies":[{"embeddable":true,"href":"https:\/\/aavesa.com\/hu\/wp-json\/wp\/v2\/comments?post=91609"}],"wp:featuredmedia":[{"embeddable":true,"href":"https:\/\/aavesa.com\/hu\/wp-json\/wp\/v2\/media\/91610"}],"wp:attachment":[{"href":"https:\/\/aavesa.com\/hu\/wp-json\/wp\/v2\/media?parent=91609"}],"wp:term":[{"taxonomy":"product_brand","embeddable":true,"href":"https:\/\/aavesa.com\/hu\/wp-json\/wp\/v2\/product_brand?post=91609"},{"taxonomy":"product_cat","embeddable":true,"href":"https:\/\/aavesa.com\/hu\/wp-json\/wp\/v2\/product_cat?post=91609"},{"taxonomy":"product_tag","embeddable":true,"href":"https:\/\/aavesa.com\/hu\/wp-json\/wp\/v2\/product_tag?post=91609"}],"curies":[{"name":"wp","href":"https:\/\/api.w.org\/{rel}","templated":true}]}}