

{"id":91618,"date":"2024-07-26T16:24:16","date_gmt":"2024-07-26T16:24:16","guid":{"rendered":"https:\/\/new.aavesa.com\/produs\/termeszetes-bor-ov-c011\/"},"modified":"2025-11-17T06:29:43","modified_gmt":"2025-11-17T06:29:43","slug":"termeszetes-bor-ov-c011","status":"publish","type":"product","link":"https:\/\/aavesa.com\/hu\/product\/termeszetes-bor-ov-c011\/","title":{"rendered":"Term\u00e9szetes b\u0151r \u00f6v C011"},"content":{"rendered":"<p>Ez a s\u00f6t\u00e9tbarna term\u00e9szetes b\u0151r \u00f6v minden olyan f\u00e9rfi sz\u00e1m\u00e1ra alkalmas, aki egy kiv\u00e1l\u00f3 min\u0151s\u00e9g\u0171 kieg\u00e9sz\u00edt\u0151vel szeretn\u00e9 kieg\u00e9sz\u00edteni alkalmi vagy \u00fczleti viselet\u00e9t. A kiv\u00e1l\u00f3 min\u0151s\u00e9g\u0171 term\u00e9szetes b\u0151rb\u0151l k\u00e9sz\u00fclt m\u0171hely\u00fcnkben k\u00e9sz\u00fclt \u00f6v strapab\u00edr\u00f3 \u00e9s sokoldal\u00fa, diszkr\u00e9t cs\u00edkos mint\u00e1ja pedig extra eleganci\u00e1t k\u00f6lcs\u00f6n\u00f6z neki. Megfizethet\u0151 \u00e9s inspir\u00e1l\u00f3 v\u00e1s\u00e1rl\u00e1s a ruhat\u00e1r\u00e1ba, vagy egy olyan aj\u00e1nd\u00e9k, amelyet biztosan \u00e9rt\u00e9kelni fognak szerettei, ez a term\u00e9szetes b\u0151rb\u0151l k\u00e9sz\u00fclt f\u00e9rfi \u00f6v olyan darab, amelyre b\u00e1rmikor sz\u00e1m\u00edthat.  <\/p>\n","protected":false},"excerpt":{"rendered":"<p>Ez a s\u00f6t\u00e9tbarna term\u00e9szetes b\u0151r \u00f6v minden olyan f\u00e9rfi sz\u00e1m\u00e1ra alkalmas, aki egy kiv\u00e1l\u00f3 min\u0151s\u00e9g\u0171 kieg\u00e9sz\u00edt\u0151vel szeretn\u00e9 kieg\u00e9sz\u00edteni alkalmi vagy \u00fczleti viselet\u00e9t. A kiv\u00e1l\u00f3 min\u0151s\u00e9g\u0171 term\u00e9szetes b\u0151rb\u0151l k\u00e9sz\u00fclt m\u0171hely\u00fcnkben k\u00e9sz\u00fclt \u00f6v strapab\u00edr\u00f3 \u00e9s sokoldal\u00fa, diszkr\u00e9t cs\u00edkos mint\u00e1ja pedig extra eleganci\u00e1t k\u00f6lcs\u00f6n\u00f6z neki. Megfizethet\u0151 \u00e9s inspir\u00e1l\u00f3 v\u00e1s\u00e1rl\u00e1s a ruhat\u00e1r\u00e1ba, vagy egy olyan aj\u00e1nd\u00e9k, amelyet biztosan \u00e9rt\u00e9kelni [&hellip;]<\/p>\n","protected":false},"featured_media":91619,"comment_status":"open","ping_status":"closed","template":"","meta":{"_acf_changed":false,"om_disable_all_campaigns":false,"inline_featured_image":false,"_monsterinsights_skip_tracking":false,"_monsterinsights_sitenote_active":false,"_monsterinsights_sitenote_note":"","_monsterinsights_sitenote_category":0},"product_brand":[],"product_cat":[726,725],"product_tag":[],"class_list":{"0":"post-91618","1":"product","2":"type-product","3":"status-publish","4":"has-post-thumbnail","6":"product_cat-borovek-ferfiaknak","7":"product_cat-ferfiak","9":"first","10":"outofstock","11":"taxable","12":"shipping-taxable","13":"product-type-variable","14":"has-default-attributes","15":"wvs-archive-product-wrapper"},"acf":{"categorie_feed":""},"aioseo_notices":[],"_links":{"self":[{"href":"https:\/\/aavesa.com\/hu\/wp-json\/wp\/v2\/product\/91618","targetHints":{"allow":["GET"]}}],"collection":[{"href":"https:\/\/aavesa.com\/hu\/wp-json\/wp\/v2\/product"}],"about":[{"href":"https:\/\/aavesa.com\/hu\/wp-json\/wp\/v2\/types\/product"}],"replies":[{"embeddable":true,"href":"https:\/\/aavesa.com\/hu\/wp-json\/wp\/v2\/comments?post=91618"}],"wp:featuredmedia":[{"embeddable":true,"href":"https:\/\/aavesa.com\/hu\/wp-json\/wp\/v2\/media\/91619"}],"wp:attachment":[{"href":"https:\/\/aavesa.com\/hu\/wp-json\/wp\/v2\/media?parent=91618"}],"wp:term":[{"taxonomy":"product_brand","embeddable":true,"href":"https:\/\/aavesa.com\/hu\/wp-json\/wp\/v2\/product_brand?post=91618"},{"taxonomy":"product_cat","embeddable":true,"href":"https:\/\/aavesa.com\/hu\/wp-json\/wp\/v2\/product_cat?post=91618"},{"taxonomy":"product_tag","embeddable":true,"href":"https:\/\/aavesa.com\/hu\/wp-json\/wp\/v2\/product_tag?post=91618"}],"curies":[{"name":"wp","href":"https:\/\/api.w.org\/{rel}","templated":true}]}}