

{"id":91627,"date":"2024-07-26T16:24:16","date_gmt":"2024-07-26T16:24:16","guid":{"rendered":"https:\/\/new.aavesa.com\/produs\/fonott-bor-ov-ferfiaknak-c012\/"},"modified":"2025-11-17T06:29:39","modified_gmt":"2025-11-17T06:29:39","slug":"fonott-bor-ov-ferfiaknak-c012","status":"publish","type":"product","link":"https:\/\/aavesa.com\/hu\/product\/fonott-bor-ov-ferfiaknak-c012\/","title":{"rendered":"Fonott b\u0151r \u00f6v f\u00e9rfiaknak C012"},"content":{"rendered":"<p>Egy kiv\u00e1l\u00f3 min\u0151s\u00e9g\u0171, fonott <a href=\"https:\/\/aavesa.com\/hu\/ferfiak\/borovek-ferfiaknak\/\">b\u0151rsz\u00edj<\/a> f\u00e9rfiaknak \u00e9ppolyan praktikus lehet, mint amilyen l\u00e1tv\u00e1nyos, hogy kieg\u00e9sz\u00edtse az \u00e1ltalunk v\u00e1lasztott \u00f6lt\u00f6z\u00e9ket. Egy \u00f6v sokoldal\u00fas\u00e1ga elengedhetetlen tulajdons\u00e1ga, hogy t\u00f6bbf\u00e9lek\u00e9ppen v\u00e1logathat\u00f3 legyen.  A term\u00e9szetes anyagok, p\u00e9ld\u00e1ul a b\u0151r min\u0151s\u00e9ge biztos\u00edtja az \u00f6v tart\u00f3ss\u00e1g\u00e1t, \u00e9s autentikus megjelen\u00e9st k\u00f6lcs\u00f6n\u00f6z neki, amelyet eleganci\u00e1ja jellemez. Ez a f\u00e9rfi fonott b\u0151r \u00f6v teljes eg\u00e9sz\u00e9ben a m\u0171hely\u00fcnkben k\u00e9sz\u00fcl, k\u00fcl\u00f6nleges modellje megfelel\u0151 darabg\u00e1 teszi, \u00e9s megt\u00f6ri az \u00fczleti vagy alkalmi viselet kromatikus egyhang\u00fas\u00e1g\u00e1t.<\/p>\n","protected":false},"excerpt":{"rendered":"<p>Egy kiv\u00e1l\u00f3 min\u0151s\u00e9g\u0171, fonott b\u0151rsz\u00edj f\u00e9rfiaknak \u00e9ppolyan praktikus lehet, mint amilyen l\u00e1tv\u00e1nyos, hogy kieg\u00e9sz\u00edtse az \u00e1ltalunk v\u00e1lasztott \u00f6lt\u00f6z\u00e9ket. Egy \u00f6v sokoldal\u00fas\u00e1ga elengedhetetlen tulajdons\u00e1ga, hogy t\u00f6bbf\u00e9lek\u00e9ppen v\u00e1logathat\u00f3 legyen. A term\u00e9szetes anyagok, p\u00e9ld\u00e1ul a b\u0151r min\u0151s\u00e9ge biztos\u00edtja az \u00f6v tart\u00f3ss\u00e1g\u00e1t, \u00e9s autentikus megjelen\u00e9st k\u00f6lcs\u00f6n\u00f6z neki, amelyet eleganci\u00e1ja jellemez. Ez a f\u00e9rfi fonott b\u0151r \u00f6v teljes eg\u00e9sz\u00e9ben a [&hellip;]<\/p>\n","protected":false},"featured_media":91628,"comment_status":"open","ping_status":"closed","template":"","meta":{"_acf_changed":false,"om_disable_all_campaigns":false,"inline_featured_image":false,"_monsterinsights_skip_tracking":false,"_monsterinsights_sitenote_active":false,"_monsterinsights_sitenote_note":"","_monsterinsights_sitenote_category":0},"product_brand":[],"product_cat":[726,725],"product_tag":[],"class_list":{"0":"post-91627","1":"product","2":"type-product","3":"status-publish","4":"has-post-thumbnail","6":"product_cat-borovek-ferfiaknak","7":"product_cat-ferfiak","9":"first","10":"outofstock","11":"taxable","12":"shipping-taxable","13":"product-type-variable","14":"has-default-attributes","15":"wvs-archive-product-wrapper"},"acf":{"categorie_feed":""},"aioseo_notices":[],"_links":{"self":[{"href":"https:\/\/aavesa.com\/hu\/wp-json\/wp\/v2\/product\/91627","targetHints":{"allow":["GET"]}}],"collection":[{"href":"https:\/\/aavesa.com\/hu\/wp-json\/wp\/v2\/product"}],"about":[{"href":"https:\/\/aavesa.com\/hu\/wp-json\/wp\/v2\/types\/product"}],"replies":[{"embeddable":true,"href":"https:\/\/aavesa.com\/hu\/wp-json\/wp\/v2\/comments?post=91627"}],"wp:featuredmedia":[{"embeddable":true,"href":"https:\/\/aavesa.com\/hu\/wp-json\/wp\/v2\/media\/91628"}],"wp:attachment":[{"href":"https:\/\/aavesa.com\/hu\/wp-json\/wp\/v2\/media?parent=91627"}],"wp:term":[{"taxonomy":"product_brand","embeddable":true,"href":"https:\/\/aavesa.com\/hu\/wp-json\/wp\/v2\/product_brand?post=91627"},{"taxonomy":"product_cat","embeddable":true,"href":"https:\/\/aavesa.com\/hu\/wp-json\/wp\/v2\/product_cat?post=91627"},{"taxonomy":"product_tag","embeddable":true,"href":"https:\/\/aavesa.com\/hu\/wp-json\/wp\/v2\/product_tag?post=91627"}],"curies":[{"name":"wp","href":"https:\/\/api.w.org\/{rel}","templated":true}]}}