

{"id":91686,"date":"2024-07-26T16:24:40","date_gmt":"2024-07-26T16:24:40","guid":{"rendered":"https:\/\/new.aavesa.com\/produs\/rokaszormelleny-465\/"},"modified":"2025-11-17T06:29:38","modified_gmt":"2025-11-17T06:29:38","slug":"rokaszormelleny-465","status":"publish","type":"product","link":"https:\/\/aavesa.com\/hu\/product\/rokaszormelleny-465\/","title":{"rendered":"R\u00f3kasz\u0151rmell\u00e9ny 465"},"content":{"rendered":"<p>A term\u00e9szetes sz\u0151rmekab\u00e1t nagyon hasznos \u00e9s meleg ruhadarab, amellyel biztosan \u00e9lvezheti a hideg \u0151szi vagy t\u00e9li napokat. Ez a n\u0151i mell\u00e9ny r\u00f3kasz\u0151rm\u00e9b\u0151l k\u00e9sz\u00fclt, gradiens \u00e1rnyalatokban, k\u00e9t sz\u00ednben &#8211; lila \u00e9s narancss\u00e1rga &#8211; kaphat\u00f3. Az \u00e1rnyalatok sz\u00ednj\u00e1t\u00e9ka eredetiv\u00e9 \u00e9s \u00e9rdekess\u00e9 teszi a mell\u00e9nyt, modern \u00e9s eleg\u00e1ns megjelen\u00e9ssel. Ennek a mell\u00e9nynek a szab\u00e1sa enyh\u00e9n \u00edvelt, kiemelve visel\u0151je derek\u00e1t. A mell\u00e9ny k\u00e9nyelmes, meleg \u00e9s praktikus, k\u00e9t nagy zsebbel rendelkezik. Ez a sz\u0151rme darab alkalmas arra, hogy kieg\u00e9sz\u00edtse kedvenc ruh\u00e1it, \u00e9s sz\u00e1mos alkalommal viselhet\u0151. A mell\u00e9ny hossza 85 cm.      <\/p>\n","protected":false},"excerpt":{"rendered":"<p>A term\u00e9szetes sz\u0151rmekab\u00e1t nagyon hasznos \u00e9s meleg ruhadarab, amellyel biztosan \u00e9lvezheti a hideg \u0151szi vagy t\u00e9li napokat. Ez a n\u0151i mell\u00e9ny r\u00f3kasz\u0151rm\u00e9b\u0151l k\u00e9sz\u00fclt, gradiens \u00e1rnyalatokban, k\u00e9t sz\u00ednben &#8211; lila \u00e9s narancss\u00e1rga &#8211; kaphat\u00f3. Az \u00e1rnyalatok sz\u00ednj\u00e1t\u00e9ka eredetiv\u00e9 \u00e9s \u00e9rdekess\u00e9 teszi a mell\u00e9nyt, modern \u00e9s eleg\u00e1ns megjelen\u00e9ssel. Ennek a mell\u00e9nynek a szab\u00e1sa enyh\u00e9n \u00edvelt, kiemelve visel\u0151je [&hellip;]<\/p>\n","protected":false},"featured_media":91687,"comment_status":"open","ping_status":"closed","template":"","meta":{"_acf_changed":false,"om_disable_all_campaigns":false,"inline_featured_image":false,"_monsterinsights_skip_tracking":false,"_monsterinsights_sitenote_active":false,"_monsterinsights_sitenote_note":"","_monsterinsights_sitenote_category":0},"product_brand":[],"product_cat":[846,741,765,793],"product_tag":[],"class_list":{"0":"post-91686","1":"product","2":"type-product","3":"status-publish","4":"has-post-thumbnail","6":"product_cat-2019-2020-kollekcio","7":"product_cat-nok","8":"product_cat-roka-szorme","9":"product_cat-shearling-mellenyek-es-bundas-mellenyek-noknek","11":"first","12":"outofstock","13":"taxable","14":"shipping-taxable","15":"product-type-variable","16":"has-default-attributes","17":"wvs-archive-product-wrapper"},"acf":{"categorie_feed":""},"aioseo_notices":[],"_links":{"self":[{"href":"https:\/\/aavesa.com\/hu\/wp-json\/wp\/v2\/product\/91686","targetHints":{"allow":["GET"]}}],"collection":[{"href":"https:\/\/aavesa.com\/hu\/wp-json\/wp\/v2\/product"}],"about":[{"href":"https:\/\/aavesa.com\/hu\/wp-json\/wp\/v2\/types\/product"}],"replies":[{"embeddable":true,"href":"https:\/\/aavesa.com\/hu\/wp-json\/wp\/v2\/comments?post=91686"}],"wp:featuredmedia":[{"embeddable":true,"href":"https:\/\/aavesa.com\/hu\/wp-json\/wp\/v2\/media\/91687"}],"wp:attachment":[{"href":"https:\/\/aavesa.com\/hu\/wp-json\/wp\/v2\/media?parent=91686"}],"wp:term":[{"taxonomy":"product_brand","embeddable":true,"href":"https:\/\/aavesa.com\/hu\/wp-json\/wp\/v2\/product_brand?post=91686"},{"taxonomy":"product_cat","embeddable":true,"href":"https:\/\/aavesa.com\/hu\/wp-json\/wp\/v2\/product_cat?post=91686"},{"taxonomy":"product_tag","embeddable":true,"href":"https:\/\/aavesa.com\/hu\/wp-json\/wp\/v2\/product_tag?post=91686"}],"curies":[{"name":"wp","href":"https:\/\/api.w.org\/{rel}","templated":true}]}}