

{"id":91694,"date":"2024-07-26T16:24:40","date_gmt":"2024-07-26T16:24:40","guid":{"rendered":"https:\/\/new.aavesa.com\/produs\/borkabat-1017\/"},"modified":"2025-11-17T06:29:37","modified_gmt":"2025-11-17T06:29:37","slug":"borkabat-1017","status":"publish","type":"product","link":"https:\/\/aavesa.com\/hu\/product\/borkabat-1017\/","title":{"rendered":"B\u0151rkab\u00e1t 1017"},"content":{"rendered":"<p>Ez a b\u00e1r\u00e1nyb\u0151r kab\u00e1t biztosan k\u00e9nyelmet \u00e9s modern, laza megjelen\u00e9st biztos\u00edt. Nagyon alkalmas a hideg \u0151szi \u00e9s kora t\u00e9li napokra, a min\u0151s\u00e9gi term\u00e9szetes anyagokb\u00f3l k\u00e9sz\u00fclt kab\u00e1t klasszikus darab, amely mindig divatos lesz. A term\u00e9szetes b\u0151r kellemes megjelen\u00e9s\u0171, k\u00e9nyelmes \u00e9s nagyon ellen\u00e1ll\u00f3, r\u00e1ad\u00e1sul k\u00f6nnyen illeszkedik a k\u00fcl\u00f6nb\u00f6z\u0151 ruh\u00e1khoz, amelyeket viselni szeretne. Ez a term\u00e9szetes b\u00e1r\u00e1nyb\u0151r kab\u00e1t cipz\u00e1rral \u00e9s k\u00e9t oldalzsebbel rendelkezik. A z\u00e1r\u00e1st gombok biztos\u00edtj\u00e1k, amelyek v\u00e9delmet ny\u00fajtanak, \u00e9s kieg\u00e9sz\u00edtik a modern kab\u00e1tvonalat. A kab\u00e1t hossza 55 cm.     <\/p>\n","protected":false},"excerpt":{"rendered":"<p>Ez a b\u00e1r\u00e1nyb\u0151r kab\u00e1t biztosan k\u00e9nyelmet \u00e9s modern, laza megjelen\u00e9st biztos\u00edt. Nagyon alkalmas a hideg \u0151szi \u00e9s kora t\u00e9li napokra, a min\u0151s\u00e9gi term\u00e9szetes anyagokb\u00f3l k\u00e9sz\u00fclt kab\u00e1t klasszikus darab, amely mindig divatos lesz. A term\u00e9szetes b\u0151r kellemes megjelen\u00e9s\u0171, k\u00e9nyelmes \u00e9s nagyon ellen\u00e1ll\u00f3, r\u00e1ad\u00e1sul k\u00f6nnyen illeszkedik a k\u00fcl\u00f6nb\u00f6z\u0151 ruh\u00e1khoz, amelyeket viselni szeretne. Ez a term\u00e9szetes b\u00e1r\u00e1nyb\u0151r kab\u00e1t [&hellip;]<\/p>\n","protected":false},"featured_media":91695,"comment_status":"open","ping_status":"closed","template":"","meta":{"_acf_changed":false,"om_disable_all_campaigns":false,"inline_featured_image":false,"_monsterinsights_skip_tracking":false,"_monsterinsights_sitenote_active":false,"_monsterinsights_sitenote_note":"","_monsterinsights_sitenote_category":0},"product_brand":[],"product_cat":[846,767,741,916],"product_tag":[],"class_list":{"0":"post-91694","1":"product","2":"type-product","3":"status-publish","4":"has-post-thumbnail","6":"product_cat-2019-2020-kollekcio","7":"product_cat-borkabatok-noknek","8":"product_cat-nok","9":"product_cat-valodi-bor-termekek-tavaszra-es-oszre-kabatok-nadragok-kabatok-szoknyak-es-loveszkabatok-kabatok-nadragok-kabatok-szoknyak-es-loveszkabatok","11":"first","12":"outofstock","13":"taxable","14":"shipping-taxable","15":"product-type-variable","16":"has-default-attributes","17":"wvs-archive-product-wrapper"},"acf":{"categorie_feed":""},"aioseo_notices":[],"_links":{"self":[{"href":"https:\/\/aavesa.com\/hu\/wp-json\/wp\/v2\/product\/91694","targetHints":{"allow":["GET"]}}],"collection":[{"href":"https:\/\/aavesa.com\/hu\/wp-json\/wp\/v2\/product"}],"about":[{"href":"https:\/\/aavesa.com\/hu\/wp-json\/wp\/v2\/types\/product"}],"replies":[{"embeddable":true,"href":"https:\/\/aavesa.com\/hu\/wp-json\/wp\/v2\/comments?post=91694"}],"wp:featuredmedia":[{"embeddable":true,"href":"https:\/\/aavesa.com\/hu\/wp-json\/wp\/v2\/media\/91695"}],"wp:attachment":[{"href":"https:\/\/aavesa.com\/hu\/wp-json\/wp\/v2\/media?parent=91694"}],"wp:term":[{"taxonomy":"product_brand","embeddable":true,"href":"https:\/\/aavesa.com\/hu\/wp-json\/wp\/v2\/product_brand?post=91694"},{"taxonomy":"product_cat","embeddable":true,"href":"https:\/\/aavesa.com\/hu\/wp-json\/wp\/v2\/product_cat?post=91694"},{"taxonomy":"product_tag","embeddable":true,"href":"https:\/\/aavesa.com\/hu\/wp-json\/wp\/v2\/product_tag?post=91694"}],"curies":[{"name":"wp","href":"https:\/\/api.w.org\/{rel}","templated":true}]}}