

{"id":91735,"date":"2024-07-26T16:32:14","date_gmt":"2024-07-26T16:32:14","guid":{"rendered":"https:\/\/new.aavesa.com\/produs\/baranybor-kabat-373\/"},"modified":"2025-11-17T06:27:32","modified_gmt":"2025-11-17T06:27:32","slug":"baranybor-kabat-373","status":"publish","type":"product","link":"https:\/\/aavesa.com\/hu\/product\/baranybor-kabat-373\/","title":{"rendered":"B\u00e1r\u00e1nyb\u0151r kab\u00e1t 373"},"content":{"rendered":"<p>Klasszikus shearling kab\u00e1t &#8211; eleg\u00e1ns, k\u00f6nnyen \u00f6sszeilleszthet\u0151, a f\u00e9rfiass\u00e1got kifejez\u0151 szab\u00e1ssal. Term\u00e9szetes merin\u00f3 b\u00e1r\u00e1nyb\u0151rb\u0151l k\u00e9sz\u00fclt, ellen\u00e1ll a nedvess\u00e9gnek \u00e9s a szennyez\u0151d\u00e9seknek. Ez a kab\u00e1t megv\u00e9di \u00d6nt a hideg \u00e9vszak leghidegebb napjain. A merin\u00f3b\u00e1r\u00e1ny sz\u0151rme kab\u00e1t gombokkal z\u00e1r\u00f3dik \u00e9s n\u00e9gy t\u00e1gas zsebbel rendelkezik. Kaphat\u00f3 a barna \u00e1rnyalatban. Ez a bunda 98 cm hossz\u00fa.<\/p>\n","protected":false},"excerpt":{"rendered":"<p>Klasszikus shearling kab\u00e1t &#8211; eleg\u00e1ns, k\u00f6nnyen \u00f6sszeilleszthet\u0151, a f\u00e9rfiass\u00e1got kifejez\u0151 szab\u00e1ssal. Term\u00e9szetes merin\u00f3 b\u00e1r\u00e1nyb\u0151rb\u0151l k\u00e9sz\u00fclt, ellen\u00e1ll a nedvess\u00e9gnek \u00e9s a szennyez\u0151d\u00e9seknek. Ez a kab\u00e1t megv\u00e9di \u00d6nt a hideg \u00e9vszak leghidegebb napjain. A merin\u00f3b\u00e1r\u00e1ny sz\u0151rme kab\u00e1t gombokkal z\u00e1r\u00f3dik \u00e9s n\u00e9gy t\u00e1gas zsebbel rendelkezik. Kaphat\u00f3 a barna \u00e1rnyalatban. Ez a bunda 98 cm hossz\u00fa.<\/p>\n","protected":false},"featured_media":91736,"comment_status":"closed","ping_status":"closed","template":"","meta":{"_acf_changed":false,"om_disable_all_campaigns":false,"inline_featured_image":false,"_monsterinsights_skip_tracking":false,"_monsterinsights_sitenote_active":false,"_monsterinsights_sitenote_note":"","_monsterinsights_sitenote_category":0},"product_brand":[],"product_cat":[848,778,725,777],"product_tag":[],"class_list":{"0":"post-91735","1":"product","2":"type-product","3":"status-publish","4":"has-post-thumbnail","6":"product_cat-2021-2022-es-kollekcio","7":"product_cat-baranybor-kabatok-hu","8":"product_cat-ferfiak","9":"product_cat-shearling-kabatok-ferfiaknak-ferfiak","11":"first","12":"instock","13":"taxable","14":"shipping-taxable","15":"purchasable","16":"product-type-variable","17":"has-default-attributes","18":"wvs-archive-product-wrapper"},"acf":{"categorie_feed":""},"aioseo_notices":[],"_links":{"self":[{"href":"https:\/\/aavesa.com\/hu\/wp-json\/wp\/v2\/product\/91735","targetHints":{"allow":["GET"]}}],"collection":[{"href":"https:\/\/aavesa.com\/hu\/wp-json\/wp\/v2\/product"}],"about":[{"href":"https:\/\/aavesa.com\/hu\/wp-json\/wp\/v2\/types\/product"}],"replies":[{"embeddable":true,"href":"https:\/\/aavesa.com\/hu\/wp-json\/wp\/v2\/comments?post=91735"}],"wp:featuredmedia":[{"embeddable":true,"href":"https:\/\/aavesa.com\/hu\/wp-json\/wp\/v2\/media\/91736"}],"wp:attachment":[{"href":"https:\/\/aavesa.com\/hu\/wp-json\/wp\/v2\/media?parent=91735"}],"wp:term":[{"taxonomy":"product_brand","embeddable":true,"href":"https:\/\/aavesa.com\/hu\/wp-json\/wp\/v2\/product_brand?post=91735"},{"taxonomy":"product_cat","embeddable":true,"href":"https:\/\/aavesa.com\/hu\/wp-json\/wp\/v2\/product_cat?post=91735"},{"taxonomy":"product_tag","embeddable":true,"href":"https:\/\/aavesa.com\/hu\/wp-json\/wp\/v2\/product_tag?post=91735"}],"curies":[{"name":"wp","href":"https:\/\/api.w.org\/{rel}","templated":true}]}}