

{"id":91740,"date":"2024-07-26T16:32:14","date_gmt":"2024-07-26T16:32:14","guid":{"rendered":"https:\/\/new.aavesa.com\/produs\/bor-penztarca-p102\/"},"modified":"2025-11-17T06:27:33","modified_gmt":"2025-11-17T06:27:33","slug":"bor-penztarca-p102","status":"publish","type":"product","link":"https:\/\/aavesa.com\/hu\/product\/bor-penztarca-p102\/","title":{"rendered":"B\u0151r p\u00e9nzt\u00e1rca P102"},"content":{"rendered":"<p>A <a rel=\"nofollow\" href=\"https:\/\/aavesa.com\/hu\/ferfiak\/bor-penztarcak-ferfiaknak\/\">term\u00e9szetes b\u0151r p\u00e9nzt\u00e1rca<\/a> minden \u00fariember sz\u00e1m\u00e1ra k\u00f6telez\u0151 darab. A klasszikus v\u00e1ltozat &#8211; a fekete p\u00e9nzt\u00e1rca \u00e1ltal\u00e1ban a megfelel\u0151 v\u00e1laszt\u00e1s. A val\u00f3di b\u0151rb\u0151l k\u00e9sz\u00fclt p\u00e9nzt\u00e1rca t\u00f6bb mint egy kieg\u00e9sz\u00edt\u0151, valami sz\u00fcks\u00e9ges, praktikus \u00e9s hasznos dolog. Mi egy fekete b\u0151r p\u00e9nzt\u00e1rc\u00e1t aj\u00e1nlunk, egy tart\u00f3s \u00e9s j\u00f3l tagolt kieg\u00e9sz\u00edt\u0151t, \u00edgy biztons\u00e1gban, de k\u00e9zn\u00e9l van minden, amire sz\u00fcks\u00e9ge van &#8211; dokumentumok, p\u00e9nz \u00e9s egy\u00e9b fontos dolgok.<x id=\"gid_1\"><\/x>Ez a p\u00e9nzt\u00e1rca akkor is j\u00f3 v\u00e1laszt\u00e1s, ha aj\u00e1nd\u00e9kot keres. Nem t\u00e9vedhetsz egy olyan kieg\u00e9sz\u00edt\u0151vel, amely soha nem megy ki a divatb\u00f3l.    <\/p>\n","protected":false},"excerpt":{"rendered":"<p>A term\u00e9szetes b\u0151r p\u00e9nzt\u00e1rca minden \u00fariember sz\u00e1m\u00e1ra k\u00f6telez\u0151 darab. A klasszikus v\u00e1ltozat &#8211; a fekete p\u00e9nzt\u00e1rca \u00e1ltal\u00e1ban a megfelel\u0151 v\u00e1laszt\u00e1s. A val\u00f3di b\u0151rb\u0151l k\u00e9sz\u00fclt p\u00e9nzt\u00e1rca t\u00f6bb mint egy kieg\u00e9sz\u00edt\u0151, valami sz\u00fcks\u00e9ges, praktikus \u00e9s hasznos dolog. Mi egy fekete b\u0151r p\u00e9nzt\u00e1rc\u00e1t aj\u00e1nlunk, egy tart\u00f3s \u00e9s j\u00f3l tagolt kieg\u00e9sz\u00edt\u0151t, \u00edgy biztons\u00e1gban, de k\u00e9zn\u00e9l van minden, amire sz\u00fcks\u00e9ge [&hellip;]<\/p>\n","protected":false},"featured_media":91741,"comment_status":"closed","ping_status":"closed","template":"","meta":{"_acf_changed":false,"om_disable_all_campaigns":false,"inline_featured_image":false,"_monsterinsights_skip_tracking":false,"_monsterinsights_sitenote_active":false,"_monsterinsights_sitenote_note":"","_monsterinsights_sitenote_category":0},"product_brand":[],"product_cat":[848,825,725],"product_tag":[],"class_list":{"0":"post-91740","1":"product","2":"type-product","3":"status-publish","4":"has-post-thumbnail","6":"product_cat-2021-2022-es-kollekcio","7":"product_cat-bor-penztarcak-ferfiaknak","8":"product_cat-ferfiak","10":"first","11":"instock","12":"taxable","13":"shipping-taxable","14":"purchasable","15":"product-type-variable","16":"has-default-attributes","17":"wvs-archive-product-wrapper"},"acf":{"categorie_feed":""},"aioseo_notices":[],"_links":{"self":[{"href":"https:\/\/aavesa.com\/hu\/wp-json\/wp\/v2\/product\/91740","targetHints":{"allow":["GET"]}}],"collection":[{"href":"https:\/\/aavesa.com\/hu\/wp-json\/wp\/v2\/product"}],"about":[{"href":"https:\/\/aavesa.com\/hu\/wp-json\/wp\/v2\/types\/product"}],"replies":[{"embeddable":true,"href":"https:\/\/aavesa.com\/hu\/wp-json\/wp\/v2\/comments?post=91740"}],"wp:featuredmedia":[{"embeddable":true,"href":"https:\/\/aavesa.com\/hu\/wp-json\/wp\/v2\/media\/91741"}],"wp:attachment":[{"href":"https:\/\/aavesa.com\/hu\/wp-json\/wp\/v2\/media?parent=91740"}],"wp:term":[{"taxonomy":"product_brand","embeddable":true,"href":"https:\/\/aavesa.com\/hu\/wp-json\/wp\/v2\/product_brand?post=91740"},{"taxonomy":"product_cat","embeddable":true,"href":"https:\/\/aavesa.com\/hu\/wp-json\/wp\/v2\/product_cat?post=91740"},{"taxonomy":"product_tag","embeddable":true,"href":"https:\/\/aavesa.com\/hu\/wp-json\/wp\/v2\/product_tag?post=91740"}],"curies":[{"name":"wp","href":"https:\/\/api.w.org\/{rel}","templated":true}]}}