

{"id":91767,"date":"2024-07-26T16:32:13","date_gmt":"2024-07-26T16:32:13","guid":{"rendered":"https:\/\/new.aavesa.com\/produs\/bor-kesztyu-m213\/"},"modified":"2025-11-17T06:27:32","modified_gmt":"2025-11-17T06:27:32","slug":"bor-kesztyu-m213","status":"publish","type":"product","link":"https:\/\/aavesa.com\/hu\/product\/bor-kesztyu-m213\/","title":{"rendered":"B\u0151r keszty\u0171 M213"},"content":{"rendered":"<p>Egy p\u00e1r min\u0151s\u00e9gi, meleg \u00e9s eleg\u00e1ns keszty\u0171 az, amire minden f\u00e9rfi v\u00e1gyik, hogy k\u00f6nnyebben \u00e1tv\u00e9szelje a hideg \u00e9vszak kellemetlens\u00e9geit. V\u00e1lassza ezeket az <a rel=\"nofollow\" href=\"https:\/\/aavesa.com\/hu\/ferfiak\/borkesztyuk-ferfiaknak\/\">A&amp;A Vesa val\u00f3di b\u0151rb\u0151l k\u00e9sz\u00fclt keszty\u0171ket <\/a>, hogy st\u00edlusosan kieg\u00e9sz\u00edtse b\u00e1rmelyik alkalmi vagy irodai \u00f6lt\u00f6z\u00e9k\u00e9t, \u00e9s \u00e9lvezze a meleget.<\/p>\n","protected":false},"excerpt":{"rendered":"<p>Egy p\u00e1r min\u0151s\u00e9gi, meleg \u00e9s eleg\u00e1ns keszty\u0171 az, amire minden f\u00e9rfi v\u00e1gyik, hogy k\u00f6nnyebben \u00e1tv\u00e9szelje a hideg \u00e9vszak kellemetlens\u00e9geit. V\u00e1lassza ezeket az A&amp;A Vesa val\u00f3di b\u0151rb\u0151l k\u00e9sz\u00fclt keszty\u0171ket , hogy st\u00edlusosan kieg\u00e9sz\u00edtse b\u00e1rmelyik alkalmi vagy irodai \u00f6lt\u00f6z\u00e9k\u00e9t, \u00e9s \u00e9lvezze a meleget.<\/p>\n","protected":false},"featured_media":91768,"comment_status":"closed","ping_status":"closed","template":"","meta":{"_acf_changed":false,"om_disable_all_campaigns":false,"inline_featured_image":false,"_monsterinsights_skip_tracking":false,"_monsterinsights_sitenote_active":false,"_monsterinsights_sitenote_note":"","_monsterinsights_sitenote_category":0},"product_brand":[],"product_cat":[848,742,828,725],"product_tag":[],"class_list":{"0":"post-91767","1":"product","2":"type-product","3":"status-publish","4":"has-post-thumbnail","6":"product_cat-2021-2022-es-kollekcio","7":"product_cat-bor-kesztyu","8":"product_cat-borkesztyuk-ferfiaknak","9":"product_cat-ferfiak","11":"first","12":"instock","13":"taxable","14":"shipping-taxable","15":"purchasable","16":"product-type-variable","17":"has-default-attributes","18":"wvs-archive-product-wrapper"},"acf":{"categorie_feed":""},"aioseo_notices":[],"_links":{"self":[{"href":"https:\/\/aavesa.com\/hu\/wp-json\/wp\/v2\/product\/91767","targetHints":{"allow":["GET"]}}],"collection":[{"href":"https:\/\/aavesa.com\/hu\/wp-json\/wp\/v2\/product"}],"about":[{"href":"https:\/\/aavesa.com\/hu\/wp-json\/wp\/v2\/types\/product"}],"replies":[{"embeddable":true,"href":"https:\/\/aavesa.com\/hu\/wp-json\/wp\/v2\/comments?post=91767"}],"wp:featuredmedia":[{"embeddable":true,"href":"https:\/\/aavesa.com\/hu\/wp-json\/wp\/v2\/media\/91768"}],"wp:attachment":[{"href":"https:\/\/aavesa.com\/hu\/wp-json\/wp\/v2\/media?parent=91767"}],"wp:term":[{"taxonomy":"product_brand","embeddable":true,"href":"https:\/\/aavesa.com\/hu\/wp-json\/wp\/v2\/product_brand?post=91767"},{"taxonomy":"product_cat","embeddable":true,"href":"https:\/\/aavesa.com\/hu\/wp-json\/wp\/v2\/product_cat?post=91767"},{"taxonomy":"product_tag","embeddable":true,"href":"https:\/\/aavesa.com\/hu\/wp-json\/wp\/v2\/product_tag?post=91767"}],"curies":[{"name":"wp","href":"https:\/\/api.w.org\/{rel}","templated":true}]}}