

{"id":91772,"date":"2024-07-26T16:32:13","date_gmt":"2024-07-26T16:32:13","guid":{"rendered":"https:\/\/new.aavesa.com\/produs\/baranybor-kesztyu-m214\/"},"modified":"2025-11-17T06:27:31","modified_gmt":"2025-11-17T06:27:31","slug":"baranybor-kesztyu-m214","status":"publish","type":"product","link":"https:\/\/aavesa.com\/hu\/product\/baranybor-kesztyu-m214\/","title":{"rendered":"B\u00e1r\u00e1nyb\u0151r keszty\u0171 M214"},"content":{"rendered":"<p>A k\u00e9z b\u0151re nagyon \u00e9rz\u00e9keny, \u00e9s megfelel\u0151en v\u00e9deni kell, k\u00fcl\u00f6n\u00f6sen a hideg \u00e9vszakban. Ezek az eleg\u00e1ns, term\u00e9szetes b\u0151rb\u0151l k\u00e9sz\u00fclt keszty\u0171k ide\u00e1lis v\u00e1laszt\u00e1s, ha st\u00edlusosan akarja \u00f6sszeilleszteni megjelen\u00e9s\u00e9t, \u00e9s \u00e9lvezni szeretn\u00e9 a term\u00e9szetes anyagok meleg\u00e9t. A k\u00e9k \u00e9s az ol\u00edva sz\u00edn kombin\u00e1ci\u00f3ja eredetiv\u00e9 teszi ezeket a keszty\u0171ket.  <\/p>\n","protected":false},"excerpt":{"rendered":"<p>A k\u00e9z b\u0151re nagyon \u00e9rz\u00e9keny, \u00e9s megfelel\u0151en v\u00e9deni kell, k\u00fcl\u00f6n\u00f6sen a hideg \u00e9vszakban. Ezek az eleg\u00e1ns, term\u00e9szetes b\u0151rb\u0151l k\u00e9sz\u00fclt keszty\u0171k ide\u00e1lis v\u00e1laszt\u00e1s, ha st\u00edlusosan akarja \u00f6sszeilleszteni megjelen\u00e9s\u00e9t, \u00e9s \u00e9lvezni szeretn\u00e9 a term\u00e9szetes anyagok meleg\u00e9t. A k\u00e9k \u00e9s az ol\u00edva sz\u00edn kombin\u00e1ci\u00f3ja eredetiv\u00e9 teszi ezeket a keszty\u0171ket.<\/p>\n","protected":false},"featured_media":91773,"comment_status":"closed","ping_status":"closed","template":"","meta":{"_acf_changed":false,"om_disable_all_campaigns":false,"inline_featured_image":false,"_monsterinsights_skip_tracking":false,"_monsterinsights_sitenote_active":false,"_monsterinsights_sitenote_note":"","_monsterinsights_sitenote_category":0},"product_brand":[],"product_cat":[848,742,828,725],"product_tag":[],"class_list":{"0":"post-91772","1":"product","2":"type-product","3":"status-publish","4":"has-post-thumbnail","6":"product_cat-2021-2022-es-kollekcio","7":"product_cat-bor-kesztyu","8":"product_cat-borkesztyuk-ferfiaknak","9":"product_cat-ferfiak","11":"first","12":"outofstock","13":"taxable","14":"shipping-taxable","15":"product-type-variable","16":"has-default-attributes","17":"wvs-archive-product-wrapper"},"acf":{"categorie_feed":""},"aioseo_notices":[],"_links":{"self":[{"href":"https:\/\/aavesa.com\/hu\/wp-json\/wp\/v2\/product\/91772","targetHints":{"allow":["GET"]}}],"collection":[{"href":"https:\/\/aavesa.com\/hu\/wp-json\/wp\/v2\/product"}],"about":[{"href":"https:\/\/aavesa.com\/hu\/wp-json\/wp\/v2\/types\/product"}],"replies":[{"embeddable":true,"href":"https:\/\/aavesa.com\/hu\/wp-json\/wp\/v2\/comments?post=91772"}],"wp:featuredmedia":[{"embeddable":true,"href":"https:\/\/aavesa.com\/hu\/wp-json\/wp\/v2\/media\/91773"}],"wp:attachment":[{"href":"https:\/\/aavesa.com\/hu\/wp-json\/wp\/v2\/media?parent=91772"}],"wp:term":[{"taxonomy":"product_brand","embeddable":true,"href":"https:\/\/aavesa.com\/hu\/wp-json\/wp\/v2\/product_brand?post=91772"},{"taxonomy":"product_cat","embeddable":true,"href":"https:\/\/aavesa.com\/hu\/wp-json\/wp\/v2\/product_cat?post=91772"},{"taxonomy":"product_tag","embeddable":true,"href":"https:\/\/aavesa.com\/hu\/wp-json\/wp\/v2\/product_tag?post=91772"}],"curies":[{"name":"wp","href":"https:\/\/api.w.org\/{rel}","templated":true}]}}