

{"id":91781,"date":"2024-07-26T16:32:13","date_gmt":"2024-07-26T16:32:13","guid":{"rendered":"https:\/\/new.aavesa.com\/produs\/bor-kesztyu-m212\/"},"modified":"2025-11-17T06:27:32","modified_gmt":"2025-11-17T06:27:32","slug":"bor-kesztyu-m212","status":"publish","type":"product","link":"https:\/\/aavesa.com\/hu\/product\/bor-kesztyu-m212\/","title":{"rendered":"B\u0151r keszty\u0171 M212"},"content":{"rendered":"<p>V\u00e1lassza ezeket a <a href=\"https:\/\/aavesa.com\/hu\/ferfiak\/borkesztyuk-ferfiaknak\/\">val\u00f3di b\u0151rkeszty\u0171ket<\/a>, ha azt szeretn\u00e9, hogy a hideg id\u0151j\u00e1r\u00e1s \u00e9s a zord t\u00e9li sz\u00e9l elmenjen an\u00e9lk\u00fcl, hogy \u00e9rezn\u00e9 a jelenl\u00e9t\u00fcket. A term\u00e9szetes juhb\u0151r tart\u00f3s \u00e9s extra meleget biztos\u00edt a fagynak legink\u00e1bb kitett kezeknek. V\u00e1lassza az eleganci\u00e1t, \u00e9vszakt\u00f3l f\u00fcggetlen\u00fcl. <\/p>\n","protected":false},"excerpt":{"rendered":"<p>V\u00e1lassza ezeket a val\u00f3di b\u0151rkeszty\u0171ket, ha azt szeretn\u00e9, hogy a hideg id\u0151j\u00e1r\u00e1s \u00e9s a zord t\u00e9li sz\u00e9l elmenjen an\u00e9lk\u00fcl, hogy \u00e9rezn\u00e9 a jelenl\u00e9t\u00fcket. A term\u00e9szetes juhb\u0151r tart\u00f3s \u00e9s extra meleget biztos\u00edt a fagynak legink\u00e1bb kitett kezeknek. V\u00e1lassza az eleganci\u00e1t, \u00e9vszakt\u00f3l f\u00fcggetlen\u00fcl.<\/p>\n","protected":false},"featured_media":91782,"comment_status":"closed","ping_status":"closed","template":"","meta":{"_acf_changed":false,"om_disable_all_campaigns":false,"inline_featured_image":false,"_monsterinsights_skip_tracking":false,"_monsterinsights_sitenote_active":false,"_monsterinsights_sitenote_note":"","_monsterinsights_sitenote_category":0},"product_brand":[],"product_cat":[848,742,828,725],"product_tag":[],"class_list":{"0":"post-91781","1":"product","2":"type-product","3":"status-publish","4":"has-post-thumbnail","6":"product_cat-2021-2022-es-kollekcio","7":"product_cat-bor-kesztyu","8":"product_cat-borkesztyuk-ferfiaknak","9":"product_cat-ferfiak","11":"first","12":"instock","13":"taxable","14":"shipping-taxable","15":"purchasable","16":"product-type-variable","17":"has-default-attributes","18":"wvs-archive-product-wrapper"},"acf":{"categorie_feed":""},"aioseo_notices":[],"_links":{"self":[{"href":"https:\/\/aavesa.com\/hu\/wp-json\/wp\/v2\/product\/91781","targetHints":{"allow":["GET"]}}],"collection":[{"href":"https:\/\/aavesa.com\/hu\/wp-json\/wp\/v2\/product"}],"about":[{"href":"https:\/\/aavesa.com\/hu\/wp-json\/wp\/v2\/types\/product"}],"replies":[{"embeddable":true,"href":"https:\/\/aavesa.com\/hu\/wp-json\/wp\/v2\/comments?post=91781"}],"wp:featuredmedia":[{"embeddable":true,"href":"https:\/\/aavesa.com\/hu\/wp-json\/wp\/v2\/media\/91782"}],"wp:attachment":[{"href":"https:\/\/aavesa.com\/hu\/wp-json\/wp\/v2\/media?parent=91781"}],"wp:term":[{"taxonomy":"product_brand","embeddable":true,"href":"https:\/\/aavesa.com\/hu\/wp-json\/wp\/v2\/product_brand?post=91781"},{"taxonomy":"product_cat","embeddable":true,"href":"https:\/\/aavesa.com\/hu\/wp-json\/wp\/v2\/product_cat?post=91781"},{"taxonomy":"product_tag","embeddable":true,"href":"https:\/\/aavesa.com\/hu\/wp-json\/wp\/v2\/product_tag?post=91781"}],"curies":[{"name":"wp","href":"https:\/\/api.w.org\/{rel}","templated":true}]}}