

{"id":91796,"date":"2024-07-26T16:31:51","date_gmt":"2024-07-26T16:31:51","guid":{"rendered":"https:\/\/new.aavesa.com\/produs\/bikabor-ov-c100\/"},"modified":"2025-11-17T06:27:40","modified_gmt":"2025-11-17T06:27:40","slug":"bikabor-ov-c100","status":"publish","type":"product","link":"https:\/\/aavesa.com\/hu\/product\/bikabor-ov-c100\/","title":{"rendered":"Bikab\u0151r \u00f6v C100"},"content":{"rendered":"<p>Egy eleg\u00e1ns b\u0151r\u00f6v minden n\u0151 sz\u00e1m\u00e1ra elengedhetetlen. Ez a <a href=\"https:\/\/aavesa.com\/hu\/nok\/bor-ov\/\">term\u00e9szetes szarvasmarhab\u0151r \u00f6v<\/a> k\u00f6nnyed\u00e9n kieg\u00e9sz\u00edtheti az alkalmi vagy irodai megjelen\u00e9st. A sz\u00edj \u00e1rnyalata nagyon sokoldal\u00fav\u00e1 teszi, a min\u0151s\u00e9gi anyag pedig id\u0151t\u00e1ll\u00f3ss\u00e1got \u00e9s kifog\u00e1stalan illeszked\u00e9st biztos\u00edt. Az \u00f6v sz\u00e9less\u00e9ge: 3 cm.   <\/p>\n","protected":false},"excerpt":{"rendered":"<p>Egy eleg\u00e1ns b\u0151r\u00f6v minden n\u0151 sz\u00e1m\u00e1ra elengedhetetlen. Ez a term\u00e9szetes szarvasmarhab\u0151r \u00f6v k\u00f6nnyed\u00e9n kieg\u00e9sz\u00edtheti az alkalmi vagy irodai megjelen\u00e9st. A sz\u00edj \u00e1rnyalata nagyon sokoldal\u00fav\u00e1 teszi, a min\u0151s\u00e9gi anyag pedig id\u0151t\u00e1ll\u00f3ss\u00e1got \u00e9s kifog\u00e1stalan illeszked\u00e9st biztos\u00edt. Az \u00f6v sz\u00e9less\u00e9ge: 3 cm.<\/p>\n","protected":false},"featured_media":91797,"comment_status":"closed","ping_status":"closed","template":"","meta":{"_acf_changed":false,"om_disable_all_campaigns":false,"inline_featured_image":false,"_monsterinsights_skip_tracking":false,"_monsterinsights_sitenote_active":false,"_monsterinsights_sitenote_note":"","_monsterinsights_sitenote_category":0},"product_brand":[],"product_cat":[848,809,741],"product_tag":[],"class_list":{"0":"post-91796","1":"product","2":"type-product","3":"status-publish","4":"has-post-thumbnail","6":"product_cat-2021-2022-es-kollekcio","7":"product_cat-bor-ov","8":"product_cat-nok","10":"first","11":"outofstock","12":"taxable","13":"shipping-taxable","14":"product-type-variable","15":"has-default-attributes","16":"wvs-archive-product-wrapper"},"acf":{"categorie_feed":""},"aioseo_notices":[],"_links":{"self":[{"href":"https:\/\/aavesa.com\/hu\/wp-json\/wp\/v2\/product\/91796","targetHints":{"allow":["GET"]}}],"collection":[{"href":"https:\/\/aavesa.com\/hu\/wp-json\/wp\/v2\/product"}],"about":[{"href":"https:\/\/aavesa.com\/hu\/wp-json\/wp\/v2\/types\/product"}],"replies":[{"embeddable":true,"href":"https:\/\/aavesa.com\/hu\/wp-json\/wp\/v2\/comments?post=91796"}],"wp:featuredmedia":[{"embeddable":true,"href":"https:\/\/aavesa.com\/hu\/wp-json\/wp\/v2\/media\/91797"}],"wp:attachment":[{"href":"https:\/\/aavesa.com\/hu\/wp-json\/wp\/v2\/media?parent=91796"}],"wp:term":[{"taxonomy":"product_brand","embeddable":true,"href":"https:\/\/aavesa.com\/hu\/wp-json\/wp\/v2\/product_brand?post=91796"},{"taxonomy":"product_cat","embeddable":true,"href":"https:\/\/aavesa.com\/hu\/wp-json\/wp\/v2\/product_cat?post=91796"},{"taxonomy":"product_tag","embeddable":true,"href":"https:\/\/aavesa.com\/hu\/wp-json\/wp\/v2\/product_tag?post=91796"}],"curies":[{"name":"wp","href":"https:\/\/api.w.org\/{rel}","templated":true}]}}