

{"id":91800,"date":"2024-07-26T16:31:51","date_gmt":"2024-07-26T16:31:51","guid":{"rendered":"https:\/\/new.aavesa.com\/produs\/baranybor-kesztyu-m114\/"},"modified":"2025-11-17T06:27:39","modified_gmt":"2025-11-17T06:27:39","slug":"baranybor-kesztyu-m114","status":"publish","type":"product","link":"https:\/\/aavesa.com\/hu\/product\/baranybor-kesztyu-m114\/","title":{"rendered":"B\u00e1r\u00e1nyb\u0151r keszty\u0171 M114"},"content":{"rendered":"<p>Egy p\u00e1r min\u0151s\u00e9gi val\u00f3di b\u0151rkeszty\u0171 a legkedveltebb \u0151szi \u00e9s t\u00e9li kieg\u00e9sz\u00edt\u0151. Ez a p\u00e1r b\u00e1r\u00e1nyb\u0151r keszty\u0171 puha \u00e9s kellemes tapint\u00e1s\u00fa text\u00far\u00e1val rendelkezik, amely t\u00f6k\u00e9letesen v\u00e9di a kez\u00e9t a hideg \u00e9vszak hideg\u00e9t\u0151l \u00e9s a zord sz\u00e9lt\u0151l. A keszty\u0171 barna \u00e9s piros sz\u00ednben kaphat\u00f3.  <\/p>\n","protected":false},"excerpt":{"rendered":"<p>Egy p\u00e1r min\u0151s\u00e9gi val\u00f3di b\u0151rkeszty\u0171 a legkedveltebb \u0151szi \u00e9s t\u00e9li kieg\u00e9sz\u00edt\u0151. Ez a p\u00e1r b\u00e1r\u00e1nyb\u0151r keszty\u0171 puha \u00e9s kellemes tapint\u00e1s\u00fa text\u00far\u00e1val rendelkezik, amely t\u00f6k\u00e9letesen v\u00e9di a kez\u00e9t a hideg \u00e9vszak hideg\u00e9t\u0151l \u00e9s a zord sz\u00e9lt\u0151l. A keszty\u0171 barna \u00e9s piros sz\u00ednben kaphat\u00f3.<\/p>\n","protected":false},"featured_media":91801,"comment_status":"closed","ping_status":"closed","template":"","meta":{"_acf_changed":false,"om_disable_all_campaigns":false,"inline_featured_image":false,"_monsterinsights_skip_tracking":false,"_monsterinsights_sitenote_active":false,"_monsterinsights_sitenote_note":"","_monsterinsights_sitenote_category":0},"product_brand":[],"product_cat":[848,742,743,741],"product_tag":[],"class_list":{"0":"post-91800","1":"product","2":"type-product","3":"status-publish","4":"has-post-thumbnail","6":"product_cat-2021-2022-es-kollekcio","7":"product_cat-bor-kesztyu","8":"product_cat-borkesztyu-noi","9":"product_cat-nok","11":"first","12":"outofstock","13":"taxable","14":"shipping-taxable","15":"product-type-variable","16":"has-default-attributes","17":"wvs-archive-product-wrapper"},"acf":{"categorie_feed":""},"aioseo_notices":[],"_links":{"self":[{"href":"https:\/\/aavesa.com\/hu\/wp-json\/wp\/v2\/product\/91800","targetHints":{"allow":["GET"]}}],"collection":[{"href":"https:\/\/aavesa.com\/hu\/wp-json\/wp\/v2\/product"}],"about":[{"href":"https:\/\/aavesa.com\/hu\/wp-json\/wp\/v2\/types\/product"}],"replies":[{"embeddable":true,"href":"https:\/\/aavesa.com\/hu\/wp-json\/wp\/v2\/comments?post=91800"}],"wp:featuredmedia":[{"embeddable":true,"href":"https:\/\/aavesa.com\/hu\/wp-json\/wp\/v2\/media\/91801"}],"wp:attachment":[{"href":"https:\/\/aavesa.com\/hu\/wp-json\/wp\/v2\/media?parent=91800"}],"wp:term":[{"taxonomy":"product_brand","embeddable":true,"href":"https:\/\/aavesa.com\/hu\/wp-json\/wp\/v2\/product_brand?post=91800"},{"taxonomy":"product_cat","embeddable":true,"href":"https:\/\/aavesa.com\/hu\/wp-json\/wp\/v2\/product_cat?post=91800"},{"taxonomy":"product_tag","embeddable":true,"href":"https:\/\/aavesa.com\/hu\/wp-json\/wp\/v2\/product_tag?post=91800"}],"curies":[{"name":"wp","href":"https:\/\/api.w.org\/{rel}","templated":true}]}}