

{"id":91809,"date":"2024-07-26T16:31:51","date_gmt":"2024-07-26T16:31:51","guid":{"rendered":"https:\/\/new.aavesa.com\/produs\/ketoldalas-bikabor-ov-c016\/"},"modified":"2025-11-17T06:27:41","modified_gmt":"2025-11-17T06:27:41","slug":"ketoldalas-bikabor-ov-c016","status":"publish","type":"product","link":"https:\/\/aavesa.com\/hu\/product\/ketoldalas-bikabor-ov-c016\/","title":{"rendered":"K\u00e9toldalas bikab\u0151r \u00f6v C016"},"content":{"rendered":"<p>Ez a <a href=\"https:\/\/aavesa.com\/hu\/ferfiak\/borovek-ferfiaknak\/\">szarvasmarha b\u0151rsz\u00edj<\/a> megford\u00edthat\u00f3 , ami m\u00e9g tart\u00f3sabb\u00e1 teszi &#8211; a kiv\u00e1l\u00f3 min\u0151s\u00e9g\u0171 kem\u00e9ny b\u0151r mindk\u00e9t oldal\u00e1n hib\u00e1tlan megjelen\u00e9st k\u00f6lcs\u00f6n\u00f6z a sz\u00edjnak. A v\u00e1ltakoz\u00f3 sz\u00ednek &#8211; fekete az egyik oldalon, barna a m\u00e1sikon &#8211; lehet\u0151s\u00e9get adnak arra, hogy a ford\u00edthat\u00f3 szarvasmarhab\u0151r \u00f6v t\u00f6bbf\u00e9le \u00f6lt\u00f6z\u00e9khez is passzoljon. Az \u00f6v sz\u00e9less\u00e9ge: 3,4 cm.  <\/p>\n","protected":false},"excerpt":{"rendered":"<p>Ez a szarvasmarha b\u0151rsz\u00edj megford\u00edthat\u00f3 , ami m\u00e9g tart\u00f3sabb\u00e1 teszi &#8211; a kiv\u00e1l\u00f3 min\u0151s\u00e9g\u0171 kem\u00e9ny b\u0151r mindk\u00e9t oldal\u00e1n hib\u00e1tlan megjelen\u00e9st k\u00f6lcs\u00f6n\u00f6z a sz\u00edjnak. A v\u00e1ltakoz\u00f3 sz\u00ednek &#8211; fekete az egyik oldalon, barna a m\u00e1sikon &#8211; lehet\u0151s\u00e9get adnak arra, hogy a ford\u00edthat\u00f3 szarvasmarhab\u0151r \u00f6v t\u00f6bbf\u00e9le \u00f6lt\u00f6z\u00e9khez is passzoljon. Az \u00f6v sz\u00e9less\u00e9ge: 3,4 cm.<\/p>\n","protected":false},"featured_media":91810,"comment_status":"closed","ping_status":"closed","template":"","meta":{"_acf_changed":false,"om_disable_all_campaigns":false,"inline_featured_image":false,"_monsterinsights_skip_tracking":false,"_monsterinsights_sitenote_active":false,"_monsterinsights_sitenote_note":"","_monsterinsights_sitenote_category":0},"product_brand":[],"product_cat":[848,726,725],"product_tag":[],"class_list":{"0":"post-91809","1":"product","2":"type-product","3":"status-publish","4":"has-post-thumbnail","6":"product_cat-2021-2022-es-kollekcio","7":"product_cat-borovek-ferfiaknak","8":"product_cat-ferfiak","10":"first","11":"instock","12":"taxable","13":"shipping-taxable","14":"purchasable","15":"product-type-variable","16":"has-default-attributes","17":"wvs-archive-product-wrapper"},"acf":{"categorie_feed":""},"aioseo_notices":[],"_links":{"self":[{"href":"https:\/\/aavesa.com\/hu\/wp-json\/wp\/v2\/product\/91809","targetHints":{"allow":["GET"]}}],"collection":[{"href":"https:\/\/aavesa.com\/hu\/wp-json\/wp\/v2\/product"}],"about":[{"href":"https:\/\/aavesa.com\/hu\/wp-json\/wp\/v2\/types\/product"}],"replies":[{"embeddable":true,"href":"https:\/\/aavesa.com\/hu\/wp-json\/wp\/v2\/comments?post=91809"}],"wp:featuredmedia":[{"embeddable":true,"href":"https:\/\/aavesa.com\/hu\/wp-json\/wp\/v2\/media\/91810"}],"wp:attachment":[{"href":"https:\/\/aavesa.com\/hu\/wp-json\/wp\/v2\/media?parent=91809"}],"wp:term":[{"taxonomy":"product_brand","embeddable":true,"href":"https:\/\/aavesa.com\/hu\/wp-json\/wp\/v2\/product_brand?post=91809"},{"taxonomy":"product_cat","embeddable":true,"href":"https:\/\/aavesa.com\/hu\/wp-json\/wp\/v2\/product_cat?post=91809"},{"taxonomy":"product_tag","embeddable":true,"href":"https:\/\/aavesa.com\/hu\/wp-json\/wp\/v2\/product_tag?post=91809"}],"curies":[{"name":"wp","href":"https:\/\/api.w.org\/{rel}","templated":true}]}}