

{"id":91813,"date":"2024-07-26T16:31:51","date_gmt":"2024-07-26T16:31:51","guid":{"rendered":"https:\/\/new.aavesa.com\/produs\/baranybor-ov-972\/"},"modified":"2025-11-17T06:27:37","modified_gmt":"2025-11-17T06:27:37","slug":"baranybor-ov-972","status":"publish","type":"product","link":"https:\/\/aavesa.com\/hu\/product\/baranybor-ov-972\/","title":{"rendered":"B\u00e1r\u00e1nyb\u0151r \u00f6v 972"},"content":{"rendered":"<p>Ovine b\u0151r\u00f6v &#8211; egy olyan kieg\u00e9sz\u00edt\u0151, amely \u00e9szrev\u00e9tlen maradhat, ha a visel\u0151je ezt akarja, vagy \u00e9ppen ellenkez\u0151leg, a kieg\u00e9sz\u00edt\u0151, amely kieg\u00e9sz\u00edtheti a ruh\u00e1t. Ez a term\u00e9szetes b\u0151r\u00f6v olyan alapdarab, amely senkinek sem hi\u00e1nyozhat a szekr\u00e9ny\u00e9b\u0151l, f\u00fcggetlen\u00fcl a divatir\u00e1nyzatokt\u00f3l. Azt mondj\u00e1k, hogy a divat v\u00e1ltozik, \u00e9s ez \u00edgy is van. A b\u0151r\u00f6v azonban tov\u00e1bbra is kihagyhatatlan darab marad. Ahhoz, hogy minden \u00f6lt\u00f6z\u00e9khez a megfelel\u0151 b\u00e1r\u00e1nyb\u0151r \u00f6v legyen, k\u00e9t sz\u00ednv\u00e1ltozatban &#8211; fekete \u00e9s barna &#8211; kaphat\u00f3.    <\/p>\n","protected":false},"excerpt":{"rendered":"<p>Ovine b\u0151r\u00f6v &#8211; egy olyan kieg\u00e9sz\u00edt\u0151, amely \u00e9szrev\u00e9tlen maradhat, ha a visel\u0151je ezt akarja, vagy \u00e9ppen ellenkez\u0151leg, a kieg\u00e9sz\u00edt\u0151, amely kieg\u00e9sz\u00edtheti a ruh\u00e1t. Ez a term\u00e9szetes b\u0151r\u00f6v olyan alapdarab, amely senkinek sem hi\u00e1nyozhat a szekr\u00e9ny\u00e9b\u0151l, f\u00fcggetlen\u00fcl a divatir\u00e1nyzatokt\u00f3l. Azt mondj\u00e1k, hogy a divat v\u00e1ltozik, \u00e9s ez \u00edgy is van. A b\u0151r\u00f6v azonban tov\u00e1bbra is kihagyhatatlan [&hellip;]<\/p>\n","protected":false},"featured_media":91814,"comment_status":"closed","ping_status":"closed","template":"","meta":{"_acf_changed":false,"om_disable_all_campaigns":false,"inline_featured_image":false,"_monsterinsights_skip_tracking":false,"_monsterinsights_sitenote_active":false,"_monsterinsights_sitenote_note":"","_monsterinsights_sitenote_category":0},"product_brand":[],"product_cat":[848,809,741],"product_tag":[],"class_list":{"0":"post-91813","1":"product","2":"type-product","3":"status-publish","4":"has-post-thumbnail","6":"product_cat-2021-2022-es-kollekcio","7":"product_cat-bor-ov","8":"product_cat-nok","10":"first","11":"instock","12":"taxable","13":"shipping-taxable","14":"purchasable","15":"product-type-variable","16":"wvs-archive-product-wrapper"},"acf":{"categorie_feed":""},"aioseo_notices":[],"_links":{"self":[{"href":"https:\/\/aavesa.com\/hu\/wp-json\/wp\/v2\/product\/91813","targetHints":{"allow":["GET"]}}],"collection":[{"href":"https:\/\/aavesa.com\/hu\/wp-json\/wp\/v2\/product"}],"about":[{"href":"https:\/\/aavesa.com\/hu\/wp-json\/wp\/v2\/types\/product"}],"replies":[{"embeddable":true,"href":"https:\/\/aavesa.com\/hu\/wp-json\/wp\/v2\/comments?post=91813"}],"wp:featuredmedia":[{"embeddable":true,"href":"https:\/\/aavesa.com\/hu\/wp-json\/wp\/v2\/media\/91814"}],"wp:attachment":[{"href":"https:\/\/aavesa.com\/hu\/wp-json\/wp\/v2\/media?parent=91813"}],"wp:term":[{"taxonomy":"product_brand","embeddable":true,"href":"https:\/\/aavesa.com\/hu\/wp-json\/wp\/v2\/product_brand?post=91813"},{"taxonomy":"product_cat","embeddable":true,"href":"https:\/\/aavesa.com\/hu\/wp-json\/wp\/v2\/product_cat?post=91813"},{"taxonomy":"product_tag","embeddable":true,"href":"https:\/\/aavesa.com\/hu\/wp-json\/wp\/v2\/product_tag?post=91813"}],"curies":[{"name":"wp","href":"https:\/\/api.w.org\/{rel}","templated":true}]}}