

{"id":91820,"date":"2024-07-26T16:31:51","date_gmt":"2024-07-26T16:31:51","guid":{"rendered":"https:\/\/new.aavesa.com\/produs\/mink-szorme-kabat-ht003\/"},"modified":"2025-11-17T06:27:39","modified_gmt":"2025-11-17T06:27:39","slug":"mink-szorme-kabat-ht003","status":"publish","type":"product","link":"https:\/\/aavesa.com\/hu\/product\/mink-szorme-kabat-ht003\/","title":{"rendered":"Nercbunda bunda HT004"},"content":{"rendered":"<p>A t\u00e9li ruh\u00e1k nem lehetnek unalmasak \u00e9s k\u00e9nyelmetlenek. Egy term\u00e9szetes sz\u0151rmebunda kivezeti \u00d6nt a n\u00e9vtelens\u00e9gb\u0151l, \u00e9s mindig k\u00e9nyeztetettnek \u00e9rzi mag\u00e1t. Ez a <g id=\"gid_0\">term\u00e9szetes nercbunda kab\u00e1t<\/g> k\u00fcl\u00f6n\u00f6sen n\u0151ies, modern megjelen\u00e9s\u0171 \u00e9s hib\u00e1tlan eleganci\u00e1j\u00fa. A sz\u00fcrke \u00f6v finoman kiemeli a derekat.   <\/p>\n","protected":false},"excerpt":{"rendered":"<p>A t\u00e9li ruh\u00e1k nem lehetnek unalmasak \u00e9s k\u00e9nyelmetlenek. Egy term\u00e9szetes sz\u0151rmebunda kivezeti \u00d6nt a n\u00e9vtelens\u00e9gb\u0151l, \u00e9s mindig k\u00e9nyeztetettnek \u00e9rzi mag\u00e1t. Ez a term\u00e9szetes nercbunda kab\u00e1t k\u00fcl\u00f6n\u00f6sen n\u0151ies, modern megjelen\u00e9s\u0171 \u00e9s hib\u00e1tlan eleganci\u00e1j\u00fa. A sz\u00fcrke \u00f6v finoman kiemeli a derekat.<\/p>\n","protected":false},"featured_media":91821,"comment_status":"closed","ping_status":"closed","template":"","meta":{"_acf_changed":false,"om_disable_all_campaigns":false,"inline_featured_image":false,"_monsterinsights_skip_tracking":false,"_monsterinsights_sitenote_active":false,"_monsterinsights_sitenote_note":"","_monsterinsights_sitenote_category":0},"product_brand":[],"product_cat":[848,766,769,741,770],"product_tag":[],"class_list":{"0":"post-91820","1":"product","2":"type-product","3":"status-publish","4":"has-post-thumbnail","6":"product_cat-2021-2022-es-kollekcio","7":"product_cat-bundas-kabatok-es-bundas-dzsekik-noknek","8":"product_cat-nerc-szorme","9":"product_cat-nok","10":"product_cat-vidra-bundak-vidra-zsekik","12":"first","13":"instock","14":"taxable","15":"shipping-taxable","16":"purchasable","17":"product-type-variable","18":"has-default-attributes","19":"wvs-archive-product-wrapper"},"acf":{"categorie_feed":""},"aioseo_notices":[],"_links":{"self":[{"href":"https:\/\/aavesa.com\/hu\/wp-json\/wp\/v2\/product\/91820","targetHints":{"allow":["GET"]}}],"collection":[{"href":"https:\/\/aavesa.com\/hu\/wp-json\/wp\/v2\/product"}],"about":[{"href":"https:\/\/aavesa.com\/hu\/wp-json\/wp\/v2\/types\/product"}],"replies":[{"embeddable":true,"href":"https:\/\/aavesa.com\/hu\/wp-json\/wp\/v2\/comments?post=91820"}],"wp:featuredmedia":[{"embeddable":true,"href":"https:\/\/aavesa.com\/hu\/wp-json\/wp\/v2\/media\/91821"}],"wp:attachment":[{"href":"https:\/\/aavesa.com\/hu\/wp-json\/wp\/v2\/media?parent=91820"}],"wp:term":[{"taxonomy":"product_brand","embeddable":true,"href":"https:\/\/aavesa.com\/hu\/wp-json\/wp\/v2\/product_brand?post=91820"},{"taxonomy":"product_cat","embeddable":true,"href":"https:\/\/aavesa.com\/hu\/wp-json\/wp\/v2\/product_cat?post=91820"},{"taxonomy":"product_tag","embeddable":true,"href":"https:\/\/aavesa.com\/hu\/wp-json\/wp\/v2\/product_tag?post=91820"}],"curies":[{"name":"wp","href":"https:\/\/api.w.org\/{rel}","templated":true}]}}