

{"id":91825,"date":"2024-07-26T16:31:51","date_gmt":"2024-07-26T16:31:51","guid":{"rendered":"https:\/\/new.aavesa.com\/produs\/raccoon-szorme-sapka-es-textil-anyag-537\/"},"modified":"2025-11-17T06:27:38","modified_gmt":"2025-11-17T06:27:38","slug":"raccoon-szorme-sapka-es-textil-anyag-537","status":"publish","type":"product","link":"https:\/\/aavesa.com\/hu\/product\/raccoon-szorme-sapka-es-textil-anyag-537\/","title":{"rendered":"Raccoon sz\u0151rme sapka \u00e9s textil anyag 537"},"content":{"rendered":"<p>Ez a <a href=\"https:\/\/aavesa.com\/hu\/ferfiak\/shearling-kalapok-bundas-kalapok-ferfiaknak\/\">mos\u00f3medve sz\u0151rme sapka \u00e9s textilanyag<\/a> egy olyan kieg\u00e9sz\u00edt\u0151, amely megb\u00edzhat\u00f3 bar\u00e1tod lesz a hideg \u00e9vszakban. A modell klasszikus, de n\u00e9h\u00e1ny fontos el\u0151nnyel b\u00edr, amelyeket nem lehet figyelmen k\u00edv\u00fcl hagyni: a sapka praktikus \u00e9s k\u00e9nyelmes, ugyanakkor garant\u00e1lja, hogy a ruh\u00e1zati st\u00edlusok sokas\u00e1g\u00e1hoz illeszkedik. Nagyon melegen tart, \u00e9s biztosan megv\u00e9di \u00d6nt az alacsony h\u0151m\u00e9rs\u00e9klet ellen, mind a fej\u00e9t, mind a f\u00fcl\u00e9t, mivel bel\u00fclr\u0151l teljes eg\u00e9sz\u00e9ben b\u00e9lelt. A mos\u00f3medve- \u00e9s textilsz\u0151rme sapka mindenk\u00e9ppen okos v\u00e9tel id\u00e9n t\u00e9len. H\u00e1rom sz\u00ednv\u00e1ltozatban kaphat\u00f3: fekete, barna \u00e9s olajz\u00f6ld.    <\/p>\n","protected":false},"excerpt":{"rendered":"<p>Ez a mos\u00f3medve sz\u0151rme sapka \u00e9s textilanyag egy olyan kieg\u00e9sz\u00edt\u0151, amely megb\u00edzhat\u00f3 bar\u00e1tod lesz a hideg \u00e9vszakban. A modell klasszikus, de n\u00e9h\u00e1ny fontos el\u0151nnyel b\u00edr, amelyeket nem lehet figyelmen k\u00edv\u00fcl hagyni: a sapka praktikus \u00e9s k\u00e9nyelmes, ugyanakkor garant\u00e1lja, hogy a ruh\u00e1zati st\u00edlusok sokas\u00e1g\u00e1hoz illeszkedik. Nagyon melegen tart, \u00e9s biztosan megv\u00e9di \u00d6nt az alacsony h\u0151m\u00e9rs\u00e9klet ellen, [&hellip;]<\/p>\n","protected":false},"featured_media":91826,"comment_status":"closed","ping_status":"closed","template":"","meta":{"_acf_changed":false,"om_disable_all_campaigns":false,"inline_featured_image":false,"_monsterinsights_skip_tracking":false,"_monsterinsights_sitenote_active":false,"_monsterinsights_sitenote_note":"","_monsterinsights_sitenote_category":0},"product_brand":[],"product_cat":[848,725,736,737],"product_tag":[],"class_list":{"0":"post-91825","1":"product","2":"type-product","3":"status-publish","4":"has-post-thumbnail","6":"product_cat-2021-2022-es-kollekcio","7":"product_cat-ferfiak","8":"product_cat-shearling-kalapok-bundas-kalapok-ferfiaknak","9":"product_cat-teli-sapkak","11":"first","12":"instock","13":"taxable","14":"shipping-taxable","15":"purchasable","16":"product-type-variable","17":"has-default-attributes","18":"wvs-archive-product-wrapper"},"acf":{"categorie_feed":""},"aioseo_notices":[],"_links":{"self":[{"href":"https:\/\/aavesa.com\/hu\/wp-json\/wp\/v2\/product\/91825","targetHints":{"allow":["GET"]}}],"collection":[{"href":"https:\/\/aavesa.com\/hu\/wp-json\/wp\/v2\/product"}],"about":[{"href":"https:\/\/aavesa.com\/hu\/wp-json\/wp\/v2\/types\/product"}],"replies":[{"embeddable":true,"href":"https:\/\/aavesa.com\/hu\/wp-json\/wp\/v2\/comments?post=91825"}],"wp:featuredmedia":[{"embeddable":true,"href":"https:\/\/aavesa.com\/hu\/wp-json\/wp\/v2\/media\/91826"}],"wp:attachment":[{"href":"https:\/\/aavesa.com\/hu\/wp-json\/wp\/v2\/media?parent=91825"}],"wp:term":[{"taxonomy":"product_brand","embeddable":true,"href":"https:\/\/aavesa.com\/hu\/wp-json\/wp\/v2\/product_brand?post=91825"},{"taxonomy":"product_cat","embeddable":true,"href":"https:\/\/aavesa.com\/hu\/wp-json\/wp\/v2\/product_cat?post=91825"},{"taxonomy":"product_tag","embeddable":true,"href":"https:\/\/aavesa.com\/hu\/wp-json\/wp\/v2\/product_tag?post=91825"}],"curies":[{"name":"wp","href":"https:\/\/api.w.org\/{rel}","templated":true}]}}