

{"id":91843,"date":"2024-07-26T16:25:01","date_gmt":"2024-07-26T16:25:01","guid":{"rendered":"https:\/\/new.aavesa.com\/produs\/termeszetes-nercbunda-hm022\/"},"modified":"2025-11-17T06:29:27","modified_gmt":"2025-11-17T06:29:27","slug":"termeszetes-nercbunda-hm022","status":"publish","type":"product","link":"https:\/\/aavesa.com\/hu\/product\/termeszetes-nercbunda-hm022\/","title":{"rendered":"Term\u00e9szetes nercbunda HM022"},"content":{"rendered":"<p>Ez a bunda olyan ruhadarab, amely soha nem marad \u00e9szrev\u00e9tlen. Mer\u00e9sz, n\u0151ies \u00e9s \u00e9rt\u00e9kes, ez a ruhadarab egy olyan v\u00e1s\u00e1rl\u00e1s, amely biztosan a szekr\u00e9nye \u00e9l\u00e9n fog \u00e1llni. A<a href=\"https:\/\/aavesa.com\/hu\/nok\/vidra-bundak-vidra-zsekik\/\"> term\u00e9szetes nercbunda<\/a> bunda \u00e9rt\u00e9kes a melegs\u00e9ge \u00e9s a finom, de gazdag text\u00far\u00e1ja miatt, amely minden viseletben \u00f6r\u00f6met okoz.   A ruha \u00e9l\u00e9nkv\u00f6r\u00f6s sz\u00edne k\u00e9ts\u00e9gtelen\u00fcl mer\u00e9sz kab\u00e1tt\u00e1 teszi, szokatlan sz\u00edn\u00e9vel a monoton \u0151szi vagy t\u00e9li napokon. A kab\u00e1t nagym\u00e9ret\u0171 kapucnija \u00e9s aszimmetrikus z\u00e1r\u00f3d\u00e1sa szint\u00e9n exkluz\u00edv megjelen\u00e9st k\u00f6lcs\u00f6n\u00f6z a kab\u00e1tnak. A ruhadarab hossza 90 cm. <\/p>\n","protected":false},"excerpt":{"rendered":"<p>Ez a bunda olyan ruhadarab, amely soha nem marad \u00e9szrev\u00e9tlen. Mer\u00e9sz, n\u0151ies \u00e9s \u00e9rt\u00e9kes, ez a ruhadarab egy olyan v\u00e1s\u00e1rl\u00e1s, amely biztosan a szekr\u00e9nye \u00e9l\u00e9n fog \u00e1llni. A term\u00e9szetes nercbunda bunda \u00e9rt\u00e9kes a melegs\u00e9ge \u00e9s a finom, de gazdag text\u00far\u00e1ja miatt, amely minden viseletben \u00f6r\u00f6met okoz. A ruha \u00e9l\u00e9nkv\u00f6r\u00f6s sz\u00edne k\u00e9ts\u00e9gtelen\u00fcl mer\u00e9sz kab\u00e1tt\u00e1 teszi, szokatlan [&hellip;]<\/p>\n","protected":false},"featured_media":91844,"comment_status":"open","ping_status":"closed","template":"","meta":{"_acf_changed":false,"om_disable_all_campaigns":false,"inline_featured_image":false,"_monsterinsights_skip_tracking":false,"_monsterinsights_sitenote_active":false,"_monsterinsights_sitenote_note":"","_monsterinsights_sitenote_category":0},"product_brand":[],"product_cat":[846,766,769,741,770],"product_tag":[],"class_list":{"0":"post-91843","1":"product","2":"type-product","3":"status-publish","4":"has-post-thumbnail","6":"product_cat-2019-2020-kollekcio","7":"product_cat-bundas-kabatok-es-bundas-dzsekik-noknek","8":"product_cat-nerc-szorme","9":"product_cat-nok","10":"product_cat-vidra-bundak-vidra-zsekik","12":"first","13":"instock","14":"taxable","15":"shipping-taxable","16":"purchasable","17":"product-type-variable","18":"has-default-attributes","19":"wvs-archive-product-wrapper"},"acf":{"categorie_feed":""},"aioseo_notices":[],"_links":{"self":[{"href":"https:\/\/aavesa.com\/hu\/wp-json\/wp\/v2\/product\/91843","targetHints":{"allow":["GET"]}}],"collection":[{"href":"https:\/\/aavesa.com\/hu\/wp-json\/wp\/v2\/product"}],"about":[{"href":"https:\/\/aavesa.com\/hu\/wp-json\/wp\/v2\/types\/product"}],"replies":[{"embeddable":true,"href":"https:\/\/aavesa.com\/hu\/wp-json\/wp\/v2\/comments?post=91843"}],"wp:featuredmedia":[{"embeddable":true,"href":"https:\/\/aavesa.com\/hu\/wp-json\/wp\/v2\/media\/91844"}],"wp:attachment":[{"href":"https:\/\/aavesa.com\/hu\/wp-json\/wp\/v2\/media?parent=91843"}],"wp:term":[{"taxonomy":"product_brand","embeddable":true,"href":"https:\/\/aavesa.com\/hu\/wp-json\/wp\/v2\/product_brand?post=91843"},{"taxonomy":"product_cat","embeddable":true,"href":"https:\/\/aavesa.com\/hu\/wp-json\/wp\/v2\/product_cat?post=91843"},{"taxonomy":"product_tag","embeddable":true,"href":"https:\/\/aavesa.com\/hu\/wp-json\/wp\/v2\/product_tag?post=91843"}],"curies":[{"name":"wp","href":"https:\/\/api.w.org\/{rel}","templated":true}]}}