

{"id":91858,"date":"2024-07-26T16:25:01","date_gmt":"2024-07-26T16:25:01","guid":{"rendered":"https:\/\/new.aavesa.com\/produs\/mink-bunda-hm018\/"},"modified":"2025-11-17T06:29:28","modified_gmt":"2025-11-17T06:29:28","slug":"mink-bunda-hm018","status":"publish","type":"product","link":"https:\/\/aavesa.com\/hu\/product\/mink-bunda-hm018\/","title":{"rendered":"Mink bunda HM018"},"content":{"rendered":"<p>Egy sz\u0151rmebunda megmenthet minket az \u0151szi \u00e9s t\u00e9li zord hidegt\u0151l, \u00e9s seg\u00edthet abban, hogy st\u00edlusosan \u00e9s eleg\u00e1nsan eg\u00e9sz\u00edts\u00fck ki \u00f6lt\u00f6z\u00e9k\u00fcnket. Ez a <a rel=\"nofollow\" href=\"https:\/\/aavesa.com\/hu\/nok\/vidra-bundak-vidra-zsekik\/\">nercbunda bunda<\/a> nagyon meleg \u00e9s k\u00e9nyelmes, visel\u00e9se minden alkalommal \u00f6r\u00f6m. A bunda nagyon puha, szigetel a hideg ellen, \u00e9s visel\u0151j\u00e9nek el\u0151kel\u0151, kifinomult megjelen\u00e9st k\u00f6lcs\u00f6n\u00f6z. Ez a bunda alkalmas mindennapi viseletre \u00e9s nem csak, klasszikus modellje teszi ide\u00e1lis \u00e9s eleg\u00e1nsabb \u00f6lt\u00f6z\u00e9kekhez. A kab\u00e1t k\u00e9t nagy, el\u00fcls\u0151 zsebbel rendelkezik.     A kab\u00e1t hossza 85 cm.<\/p>\n","protected":false},"excerpt":{"rendered":"<p>Egy sz\u0151rmebunda megmenthet minket az \u0151szi \u00e9s t\u00e9li zord hidegt\u0151l, \u00e9s seg\u00edthet abban, hogy st\u00edlusosan \u00e9s eleg\u00e1nsan eg\u00e9sz\u00edts\u00fck ki \u00f6lt\u00f6z\u00e9k\u00fcnket. Ez a nercbunda bunda nagyon meleg \u00e9s k\u00e9nyelmes, visel\u00e9se minden alkalommal \u00f6r\u00f6m. A bunda nagyon puha, szigetel a hideg ellen, \u00e9s visel\u0151j\u00e9nek el\u0151kel\u0151, kifinomult megjelen\u00e9st k\u00f6lcs\u00f6n\u00f6z. Ez a bunda alkalmas mindennapi viseletre \u00e9s nem csak, [&hellip;]<\/p>\n","protected":false},"featured_media":91859,"comment_status":"open","ping_status":"closed","template":"","meta":{"_acf_changed":false,"om_disable_all_campaigns":false,"inline_featured_image":false,"_monsterinsights_skip_tracking":false,"_monsterinsights_sitenote_active":false,"_monsterinsights_sitenote_note":"","_monsterinsights_sitenote_category":0},"product_brand":[],"product_cat":[846,766,769,741,770],"product_tag":[],"class_list":{"0":"post-91858","1":"product","2":"type-product","3":"status-publish","4":"has-post-thumbnail","6":"product_cat-2019-2020-kollekcio","7":"product_cat-bundas-kabatok-es-bundas-dzsekik-noknek","8":"product_cat-nerc-szorme","9":"product_cat-nok","10":"product_cat-vidra-bundak-vidra-zsekik","12":"first","13":"instock","14":"taxable","15":"shipping-taxable","16":"purchasable","17":"product-type-variable","18":"has-default-attributes","19":"wvs-archive-product-wrapper"},"acf":{"categorie_feed":""},"aioseo_notices":[],"_links":{"self":[{"href":"https:\/\/aavesa.com\/hu\/wp-json\/wp\/v2\/product\/91858","targetHints":{"allow":["GET"]}}],"collection":[{"href":"https:\/\/aavesa.com\/hu\/wp-json\/wp\/v2\/product"}],"about":[{"href":"https:\/\/aavesa.com\/hu\/wp-json\/wp\/v2\/types\/product"}],"replies":[{"embeddable":true,"href":"https:\/\/aavesa.com\/hu\/wp-json\/wp\/v2\/comments?post=91858"}],"wp:featuredmedia":[{"embeddable":true,"href":"https:\/\/aavesa.com\/hu\/wp-json\/wp\/v2\/media\/91859"}],"wp:attachment":[{"href":"https:\/\/aavesa.com\/hu\/wp-json\/wp\/v2\/media?parent=91858"}],"wp:term":[{"taxonomy":"product_brand","embeddable":true,"href":"https:\/\/aavesa.com\/hu\/wp-json\/wp\/v2\/product_brand?post=91858"},{"taxonomy":"product_cat","embeddable":true,"href":"https:\/\/aavesa.com\/hu\/wp-json\/wp\/v2\/product_cat?post=91858"},{"taxonomy":"product_tag","embeddable":true,"href":"https:\/\/aavesa.com\/hu\/wp-json\/wp\/v2\/product_tag?post=91858"}],"curies":[{"name":"wp","href":"https:\/\/api.w.org\/{rel}","templated":true}]}}