

{"id":91877,"date":"2024-07-26T16:25:01","date_gmt":"2024-07-26T16:25:01","guid":{"rendered":"https:\/\/new.aavesa.com\/produs\/baranybor-kabat-2008\/"},"modified":"2026-04-10T15:04:12","modified_gmt":"2026-04-10T17:04:12","slug":"baranybor-kabat-2008","status":"publish","type":"product","link":"https:\/\/aavesa.com\/hu\/product\/baranybor-kabat-2008\/","title":{"rendered":"B\u00e1r\u00e1nyb\u0151r kab\u00e1t 2008"},"content":{"rendered":"<p>Ez a b\u00e1r\u00e1nyb\u0151r dzseki egy k\u00fcl\u00f6nleges ruhadarab, t\u00f6k\u00e9letes v\u00e1laszt\u00e1s, hogy st\u00edlusosan v\u00e1rd a hideg \u00e9vszakot. A b\u00e1r\u00e1nysz\u0151rme meleget \u00e9s v\u00e9delmet ny\u00fajt a hideg ellen, a b\u0151r ujjak pedig rugalmass\u00e1got biztos\u00edtanak \u00e9s egyedi megjelen\u00e9st k\u00f6lcs\u00f6n\u00f6znek a darabnak. Az anyagok kombin\u00e1ci\u00f3ja, az el\u00fcls\u0151 cipz\u00e1r \u00e9s a kab\u00e1t r\u00f6vid hossza eredetis\u00e9get, ugyanakkor modern \u00e9s fiatalos megjelen\u00e9st k\u00f6lcs\u00f6n\u00f6z a kab\u00e1tnak, \u00edgy sz\u00e1mos \u00f6lt\u00f6z\u00e9khez illik. A kab\u00e1t belseje p\u00e1rn\u00e1zott, hogy k\u00e9nyelmet \u00e9s meleget biztos\u00edtson, k\u00edv\u00fclr\u0151l pedig k\u00e9t zsebbel van ell\u00e1tva. A kab\u00e1t hossza 58 cm.    <\/p>\n","protected":false},"excerpt":{"rendered":"<p>Ez a b\u00e1r\u00e1nyb\u0151r dzseki egy k\u00fcl\u00f6nleges ruhadarab, t\u00f6k\u00e9letes v\u00e1laszt\u00e1s, hogy st\u00edlusosan v\u00e1rd a hideg \u00e9vszakot. A b\u00e1r\u00e1nysz\u0151rme meleget \u00e9s v\u00e9delmet ny\u00fajt a hideg ellen, a b\u0151r ujjak pedig rugalmass\u00e1got biztos\u00edtanak \u00e9s egyedi megjelen\u00e9st k\u00f6lcs\u00f6n\u00f6znek a darabnak. Az anyagok kombin\u00e1ci\u00f3ja, az el\u00fcls\u0151 cipz\u00e1r \u00e9s a kab\u00e1t r\u00f6vid hossza eredetis\u00e9get, ugyanakkor modern \u00e9s fiatalos megjelen\u00e9st k\u00f6lcs\u00f6n\u00f6z a [&hellip;]<\/p>\n","protected":false},"featured_media":91878,"comment_status":"open","ping_status":"closed","template":"","meta":{"_acf_changed":false,"om_disable_all_campaigns":false,"inline_featured_image":false,"_monsterinsights_skip_tracking":false,"_monsterinsights_sitenote_active":false,"_monsterinsights_sitenote_note":"","_monsterinsights_sitenote_category":0},"product_brand":[],"product_cat":[846,952,773,741],"product_tag":[],"class_list":{"0":"post-91877","1":"product","2":"type-product","3":"status-publish","4":"has-post-thumbnail","6":"product_cat-2019-2020-kollekcio","7":"product_cat-ferfi-es-noi-pehelypaplan-dzsekik-a-luxus-es-a-melegseg-vegso-kevereke","8":"product_cat-noi-shearling-dzsekik","9":"product_cat-nok","11":"first","12":"instock","13":"taxable","14":"shipping-taxable","15":"purchasable","16":"product-type-variable","17":"has-default-attributes","18":"wvs-archive-product-wrapper"},"acf":{"categorie_feed":""},"aioseo_notices":[],"_links":{"self":[{"href":"https:\/\/aavesa.com\/hu\/wp-json\/wp\/v2\/product\/91877","targetHints":{"allow":["GET"]}}],"collection":[{"href":"https:\/\/aavesa.com\/hu\/wp-json\/wp\/v2\/product"}],"about":[{"href":"https:\/\/aavesa.com\/hu\/wp-json\/wp\/v2\/types\/product"}],"replies":[{"embeddable":true,"href":"https:\/\/aavesa.com\/hu\/wp-json\/wp\/v2\/comments?post=91877"}],"wp:featuredmedia":[{"embeddable":true,"href":"https:\/\/aavesa.com\/hu\/wp-json\/wp\/v2\/media\/91878"}],"wp:attachment":[{"href":"https:\/\/aavesa.com\/hu\/wp-json\/wp\/v2\/media?parent=91877"}],"wp:term":[{"taxonomy":"product_brand","embeddable":true,"href":"https:\/\/aavesa.com\/hu\/wp-json\/wp\/v2\/product_brand?post=91877"},{"taxonomy":"product_cat","embeddable":true,"href":"https:\/\/aavesa.com\/hu\/wp-json\/wp\/v2\/product_cat?post=91877"},{"taxonomy":"product_tag","embeddable":true,"href":"https:\/\/aavesa.com\/hu\/wp-json\/wp\/v2\/product_tag?post=91877"}],"curies":[{"name":"wp","href":"https:\/\/api.w.org\/{rel}","templated":true}]}}