

{"id":91886,"date":"2024-07-26T16:25:23","date_gmt":"2024-07-26T16:25:23","guid":{"rendered":"https:\/\/new.aavesa.com\/produs\/mink-bunda-hm019\/"},"modified":"2025-11-17T06:29:26","modified_gmt":"2025-11-17T06:29:26","slug":"mink-bunda-hm019","status":"publish","type":"product","link":"https:\/\/aavesa.com\/hu\/product\/mink-bunda-hm019\/","title":{"rendered":"Mink bunda HM019"},"content":{"rendered":"<p>Ez a <a rel=\"nofollow\" href=\"https:\/\/aavesa.com\/hu\/nok\/vidra-bundak-vidra-zsekik\/\">n\u0151i nercbunda kab\u00e1t<\/a> k\u00fcl\u00f6n\u00f6sen eleg\u00e1ns ruhadarab, amely a hideg t\u00e9li napokon b\u00e1rmilyen ruhadarab n\u00e9vtelens\u00e9g\u00e9t megsz\u00fcnteti. A nercbunda k\u00fcl\u00f6nleges aspektus\u00fa, verhet\u0151 \u00e9s puha, nagyon kellemes \u00e1rnyalatokban. R\u00e1ad\u00e1sul t\u00f6k\u00e9letes v\u00e1laszt\u00e1s ellen\u00e1ll\u00f3 \u00e9s meleg ruh\u00e1k k\u00e9sz\u00edt\u00e9s\u00e9hez, mivel h\u0151szigetel\u0151 szerepe van. Ez a nercbunda bunda term\u00e9szetes s\u00f6t\u00e9tbarna (mahag\u00f3ni) sz\u00edn\u0171, t\u00fckr\u00f6z\u0151d\u00e9sekkel, amelyeknek m\u00e9lys\u00e9get \u00e9s kifinomults\u00e1got k\u00f6lcs\u00f6n\u00f6z. A ruhadarab hossza 103 cm.    <\/p>\n","protected":false},"excerpt":{"rendered":"<p>Ez a n\u0151i nercbunda kab\u00e1t k\u00fcl\u00f6n\u00f6sen eleg\u00e1ns ruhadarab, amely a hideg t\u00e9li napokon b\u00e1rmilyen ruhadarab n\u00e9vtelens\u00e9g\u00e9t megsz\u00fcnteti. A nercbunda k\u00fcl\u00f6nleges aspektus\u00fa, verhet\u0151 \u00e9s puha, nagyon kellemes \u00e1rnyalatokban. R\u00e1ad\u00e1sul t\u00f6k\u00e9letes v\u00e1laszt\u00e1s ellen\u00e1ll\u00f3 \u00e9s meleg ruh\u00e1k k\u00e9sz\u00edt\u00e9s\u00e9hez, mivel h\u0151szigetel\u0151 szerepe van. Ez a nercbunda bunda term\u00e9szetes s\u00f6t\u00e9tbarna (mahag\u00f3ni) sz\u00edn\u0171, t\u00fckr\u00f6z\u0151d\u00e9sekkel, amelyeknek m\u00e9lys\u00e9get \u00e9s kifinomults\u00e1got k\u00f6lcs\u00f6n\u00f6z. A ruhadarab [&hellip;]<\/p>\n","protected":false},"featured_media":91887,"comment_status":"open","ping_status":"closed","template":"","meta":{"_acf_changed":false,"om_disable_all_campaigns":false,"inline_featured_image":false,"_monsterinsights_skip_tracking":false,"_monsterinsights_sitenote_active":false,"_monsterinsights_sitenote_note":"","_monsterinsights_sitenote_category":0},"product_brand":[],"product_cat":[846,766,769,741,770],"product_tag":[],"class_list":{"0":"post-91886","1":"product","2":"type-product","3":"status-publish","4":"has-post-thumbnail","6":"product_cat-2019-2020-kollekcio","7":"product_cat-bundas-kabatok-es-bundas-dzsekik-noknek","8":"product_cat-nerc-szorme","9":"product_cat-nok","10":"product_cat-vidra-bundak-vidra-zsekik","12":"first","13":"instock","14":"taxable","15":"shipping-taxable","16":"purchasable","17":"product-type-variable","18":"has-default-attributes","19":"wvs-archive-product-wrapper"},"acf":{"categorie_feed":""},"aioseo_notices":[],"_links":{"self":[{"href":"https:\/\/aavesa.com\/hu\/wp-json\/wp\/v2\/product\/91886","targetHints":{"allow":["GET"]}}],"collection":[{"href":"https:\/\/aavesa.com\/hu\/wp-json\/wp\/v2\/product"}],"about":[{"href":"https:\/\/aavesa.com\/hu\/wp-json\/wp\/v2\/types\/product"}],"replies":[{"embeddable":true,"href":"https:\/\/aavesa.com\/hu\/wp-json\/wp\/v2\/comments?post=91886"}],"wp:featuredmedia":[{"embeddable":true,"href":"https:\/\/aavesa.com\/hu\/wp-json\/wp\/v2\/media\/91887"}],"wp:attachment":[{"href":"https:\/\/aavesa.com\/hu\/wp-json\/wp\/v2\/media?parent=91886"}],"wp:term":[{"taxonomy":"product_brand","embeddable":true,"href":"https:\/\/aavesa.com\/hu\/wp-json\/wp\/v2\/product_brand?post=91886"},{"taxonomy":"product_cat","embeddable":true,"href":"https:\/\/aavesa.com\/hu\/wp-json\/wp\/v2\/product_cat?post=91886"},{"taxonomy":"product_tag","embeddable":true,"href":"https:\/\/aavesa.com\/hu\/wp-json\/wp\/v2\/product_tag?post=91886"}],"curies":[{"name":"wp","href":"https:\/\/api.w.org\/{rel}","templated":true}]}}