

{"id":91891,"date":"2024-07-26T16:25:23","date_gmt":"2024-07-26T16:25:23","guid":{"rendered":"https:\/\/new.aavesa.com\/produs\/mink-premes-kabat-mosomedve-gallerral-he005\/"},"modified":"2025-11-17T06:29:22","modified_gmt":"2025-11-17T06:29:22","slug":"mink-premes-kabat-mosomedve-gallerral-he005","status":"publish","type":"product","link":"https:\/\/aavesa.com\/hu\/product\/mink-premes-kabat-mosomedve-gallerral-he005\/","title":{"rendered":"Mink pr\u00e9mes kab\u00e1t mos\u00f3medve gall\u00e9rral HE005"},"content":{"rendered":"<p>Ez a mos\u00f3medve gall\u00e9rral ell\u00e1tott nercbunda kab\u00e1t egy olyan ruhadarab, amely modern st\u00edlus\u00e1val t\u0171nik ki, amelyhez nonkonformista elemeket adnak hozz\u00e1. Ide\u00e1lis kab\u00e1t, hogy t\u00f6bb \u00f6r\u00f6met adjon az \u0151szi vagy t\u00e9li hideg napoknak, ez a kab\u00e1t modern, k\u00e9nyelmes \u00e9s k\u00fcl\u00f6nleges a modellje r\u00e9v\u00e9n. A mos\u00f3medve sz\u0151rm\u00e9b\u0151l k\u00e9sz\u00fclt terjedelmes gall\u00e9r seg\u00edt meg\u0151rizni a meleget, \u00e9s extra n\u0151iess\u00e9get k\u00f6lcs\u00f6n\u00f6z a kab\u00e1tnak. Az egyszer\u0171 zsin\u00f3r, amely a der\u00e9kr\u00e9szen h\u00faz\u00f3dik, kiemeli visel\u0151je sziluettj\u00e9t, \u00e9s laz\u00e1v\u00e1 \u00e9s laz\u00e1v\u00e1 teszi a darabot. A kab\u00e1t h\u00e1tulj\u00e1n tal\u00e1lhat\u00f3, sz\u00edvvel \u00e9s csillagokkal d\u00edsz\u00edtett minta minden hideg napr\u00f3l el\u0171zi az egyhang\u00fas\u00e1got. A ruhadarab hossza 60 cm.     <\/p>\n","protected":false},"excerpt":{"rendered":"<p>Ez a mos\u00f3medve gall\u00e9rral ell\u00e1tott nercbunda kab\u00e1t egy olyan ruhadarab, amely modern st\u00edlus\u00e1val t\u0171nik ki, amelyhez nonkonformista elemeket adnak hozz\u00e1. Ide\u00e1lis kab\u00e1t, hogy t\u00f6bb \u00f6r\u00f6met adjon az \u0151szi vagy t\u00e9li hideg napoknak, ez a kab\u00e1t modern, k\u00e9nyelmes \u00e9s k\u00fcl\u00f6nleges a modellje r\u00e9v\u00e9n. A mos\u00f3medve sz\u0151rm\u00e9b\u0151l k\u00e9sz\u00fclt terjedelmes gall\u00e9r seg\u00edt meg\u0151rizni a meleget, \u00e9s extra n\u0151iess\u00e9get [&hellip;]<\/p>\n","protected":false},"featured_media":91892,"comment_status":"open","ping_status":"closed","template":"","meta":{"_acf_changed":false,"om_disable_all_campaigns":false,"inline_featured_image":false,"_monsterinsights_skip_tracking":false,"_monsterinsights_sitenote_active":false,"_monsterinsights_sitenote_note":"","_monsterinsights_sitenote_category":0},"product_brand":[],"product_cat":[846,766,769,741,770],"product_tag":[],"class_list":{"0":"post-91891","1":"product","2":"type-product","3":"status-publish","4":"has-post-thumbnail","6":"product_cat-2019-2020-kollekcio","7":"product_cat-bundas-kabatok-es-bundas-dzsekik-noknek","8":"product_cat-nerc-szorme","9":"product_cat-nok","10":"product_cat-vidra-bundak-vidra-zsekik","12":"first","13":"outofstock","14":"taxable","15":"shipping-taxable","16":"product-type-variable","17":"has-default-attributes","18":"wvs-archive-product-wrapper"},"acf":{"categorie_feed":""},"aioseo_notices":[],"_links":{"self":[{"href":"https:\/\/aavesa.com\/hu\/wp-json\/wp\/v2\/product\/91891","targetHints":{"allow":["GET"]}}],"collection":[{"href":"https:\/\/aavesa.com\/hu\/wp-json\/wp\/v2\/product"}],"about":[{"href":"https:\/\/aavesa.com\/hu\/wp-json\/wp\/v2\/types\/product"}],"replies":[{"embeddable":true,"href":"https:\/\/aavesa.com\/hu\/wp-json\/wp\/v2\/comments?post=91891"}],"wp:featuredmedia":[{"embeddable":true,"href":"https:\/\/aavesa.com\/hu\/wp-json\/wp\/v2\/media\/91892"}],"wp:attachment":[{"href":"https:\/\/aavesa.com\/hu\/wp-json\/wp\/v2\/media?parent=91891"}],"wp:term":[{"taxonomy":"product_brand","embeddable":true,"href":"https:\/\/aavesa.com\/hu\/wp-json\/wp\/v2\/product_brand?post=91891"},{"taxonomy":"product_cat","embeddable":true,"href":"https:\/\/aavesa.com\/hu\/wp-json\/wp\/v2\/product_cat?post=91891"},{"taxonomy":"product_tag","embeddable":true,"href":"https:\/\/aavesa.com\/hu\/wp-json\/wp\/v2\/product_tag?post=91891"}],"curies":[{"name":"wp","href":"https:\/\/api.w.org\/{rel}","templated":true}]}}