

{"id":91902,"date":"2024-07-26T16:31:50","date_gmt":"2024-07-26T16:31:50","guid":{"rendered":"https:\/\/new.aavesa.com\/produs\/mink-szorme-kabat-ht002\/"},"modified":"2025-11-17T06:27:40","modified_gmt":"2025-11-17T06:27:40","slug":"mink-szorme-kabat-ht002","status":"publish","type":"product","link":"https:\/\/aavesa.com\/hu\/product\/mink-szorme-kabat-ht002\/","title":{"rendered":"Mink sz\u0151rme kab\u00e1t HT002"},"content":{"rendered":"<p>A melegs\u00e9g \u00e9s a k\u00e9nyelem az eleganci\u00e1val p\u00e1rosul ennek a nercbund\u00e1nak k\u00f6sz\u00f6nhet\u0151en. A <a href=\"https:\/\/aavesa.com\/hu\/nok\/vidra-bundak-vidra-zsekik\/\">nercbunda<\/a> puha tapint\u00e1s\u00fa \u00e9s nagyon finom text\u00far\u00e1j\u00fa, pazar megjelen\u00e9s\u0171.  Ez a n\u0151i sz\u0151rme kab\u00e1t vonz\u00f3 barna \u00e1rnyalat\u00fa \u00e9s klasszikus szab\u00e1s\u00fa, \u00f6vvel, amely kiemeli a visel\u0151 der\u00e9kvonal\u00e1t.<\/p>\n","protected":false},"excerpt":{"rendered":"<p>A melegs\u00e9g \u00e9s a k\u00e9nyelem az eleganci\u00e1val p\u00e1rosul ennek a nercbund\u00e1nak k\u00f6sz\u00f6nhet\u0151en. A nercbunda puha tapint\u00e1s\u00fa \u00e9s nagyon finom text\u00far\u00e1j\u00fa, pazar megjelen\u00e9s\u0171. Ez a n\u0151i sz\u0151rme kab\u00e1t vonz\u00f3 barna \u00e1rnyalat\u00fa \u00e9s klasszikus szab\u00e1s\u00fa, \u00f6vvel, amely kiemeli a visel\u0151 der\u00e9kvonal\u00e1t.<\/p>\n","protected":false},"featured_media":91903,"comment_status":"closed","ping_status":"closed","template":"","meta":{"_acf_changed":false,"om_disable_all_campaigns":false,"inline_featured_image":false,"_monsterinsights_skip_tracking":false,"_monsterinsights_sitenote_active":false,"_monsterinsights_sitenote_note":"","_monsterinsights_sitenote_category":0},"product_brand":[],"product_cat":[848,766,769,741,770],"product_tag":[],"class_list":{"0":"post-91902","1":"product","2":"type-product","3":"status-publish","4":"has-post-thumbnail","6":"product_cat-2021-2022-es-kollekcio","7":"product_cat-bundas-kabatok-es-bundas-dzsekik-noknek","8":"product_cat-nerc-szorme","9":"product_cat-nok","10":"product_cat-vidra-bundak-vidra-zsekik","12":"first","13":"instock","14":"taxable","15":"shipping-taxable","16":"purchasable","17":"product-type-variable","18":"has-default-attributes","19":"wvs-archive-product-wrapper"},"acf":{"categorie_feed":""},"aioseo_notices":[],"_links":{"self":[{"href":"https:\/\/aavesa.com\/hu\/wp-json\/wp\/v2\/product\/91902","targetHints":{"allow":["GET"]}}],"collection":[{"href":"https:\/\/aavesa.com\/hu\/wp-json\/wp\/v2\/product"}],"about":[{"href":"https:\/\/aavesa.com\/hu\/wp-json\/wp\/v2\/types\/product"}],"replies":[{"embeddable":true,"href":"https:\/\/aavesa.com\/hu\/wp-json\/wp\/v2\/comments?post=91902"}],"wp:featuredmedia":[{"embeddable":true,"href":"https:\/\/aavesa.com\/hu\/wp-json\/wp\/v2\/media\/91903"}],"wp:attachment":[{"href":"https:\/\/aavesa.com\/hu\/wp-json\/wp\/v2\/media?parent=91902"}],"wp:term":[{"taxonomy":"product_brand","embeddable":true,"href":"https:\/\/aavesa.com\/hu\/wp-json\/wp\/v2\/product_brand?post=91902"},{"taxonomy":"product_cat","embeddable":true,"href":"https:\/\/aavesa.com\/hu\/wp-json\/wp\/v2\/product_cat?post=91902"},{"taxonomy":"product_tag","embeddable":true,"href":"https:\/\/aavesa.com\/hu\/wp-json\/wp\/v2\/product_tag?post=91902"}],"curies":[{"name":"wp","href":"https:\/\/api.w.org\/{rel}","templated":true}]}}