

{"id":91915,"date":"2024-07-26T16:31:30","date_gmt":"2024-07-26T16:31:30","guid":{"rendered":"https:\/\/new.aavesa.com\/produs\/mink-szorme-dzseki-hm027\/"},"modified":"2025-11-17T06:27:44","modified_gmt":"2025-11-17T06:27:44","slug":"mink-szorme-dzseki-hm027","status":"publish","type":"product","link":"https:\/\/aavesa.com\/hu\/product\/mink-szorme-dzseki-hm027\/","title":{"rendered":"Mink sz\u0151rme dzseki HM027"},"content":{"rendered":"<p>A <a rel=\"nofollow\" href=\"https:\/\/aavesa.com\/hu\/nok\/vidra-bundak-vidra-zsekik\/\">kiv\u00e1l\u00f3 min\u0151s\u00e9g\u0171 nercbunda kab\u00e1t<\/a> kiv\u00e9teles ruhadarab, k\u00fcl\u00f6nleges eleganci\u00e1t, de a hideg napokon kiv\u00e1l\u00f3 k\u00e9nyelmet is ny\u00fajt. Ez a kab\u00e1t a legnagyobb gondoss\u00e1ggal k\u00e9sz\u00fclt, hogy a sz\u0151rme darabok t\u00f6k\u00e9letesen kombin\u00e1l\u00f3djanak. A kab\u00e1t z\u00e1r\u00e1sa k\u00f6nnyen haszn\u00e1lhat\u00f3 kapcsokkal \u00e9s alul h\u00faz\u00f3zsin\u00f3rral k\u00e9sz\u00fclt, amely kiv\u00e1l\u00f3 v\u00e9delmet ny\u00fajt. A kab\u00e1t hossza 63 cm.   <\/p>\n","protected":false},"excerpt":{"rendered":"<p>A kiv\u00e1l\u00f3 min\u0151s\u00e9g\u0171 nercbunda kab\u00e1t kiv\u00e9teles ruhadarab, k\u00fcl\u00f6nleges eleganci\u00e1t, de a hideg napokon kiv\u00e1l\u00f3 k\u00e9nyelmet is ny\u00fajt. Ez a kab\u00e1t a legnagyobb gondoss\u00e1ggal k\u00e9sz\u00fclt, hogy a sz\u0151rme darabok t\u00f6k\u00e9letesen kombin\u00e1l\u00f3djanak. A kab\u00e1t z\u00e1r\u00e1sa k\u00f6nnyen haszn\u00e1lhat\u00f3 kapcsokkal \u00e9s alul h\u00faz\u00f3zsin\u00f3rral k\u00e9sz\u00fclt, amely kiv\u00e1l\u00f3 v\u00e9delmet ny\u00fajt. A kab\u00e1t hossza 63 cm.<\/p>\n","protected":false},"featured_media":91916,"comment_status":"closed","ping_status":"closed","template":"","meta":{"_acf_changed":false,"om_disable_all_campaigns":false,"inline_featured_image":false,"_monsterinsights_skip_tracking":false,"_monsterinsights_sitenote_active":false,"_monsterinsights_sitenote_note":"","_monsterinsights_sitenote_category":0},"product_brand":[],"product_cat":[848,766,769,741,770],"product_tag":[],"class_list":{"0":"post-91915","1":"product","2":"type-product","3":"status-publish","4":"has-post-thumbnail","6":"product_cat-2021-2022-es-kollekcio","7":"product_cat-bundas-kabatok-es-bundas-dzsekik-noknek","8":"product_cat-nerc-szorme","9":"product_cat-nok","10":"product_cat-vidra-bundak-vidra-zsekik","12":"first","13":"instock","14":"taxable","15":"shipping-taxable","16":"purchasable","17":"product-type-variable","18":"has-default-attributes","19":"wvs-archive-product-wrapper"},"acf":{"categorie_feed":""},"aioseo_notices":[],"_links":{"self":[{"href":"https:\/\/aavesa.com\/hu\/wp-json\/wp\/v2\/product\/91915","targetHints":{"allow":["GET"]}}],"collection":[{"href":"https:\/\/aavesa.com\/hu\/wp-json\/wp\/v2\/product"}],"about":[{"href":"https:\/\/aavesa.com\/hu\/wp-json\/wp\/v2\/types\/product"}],"replies":[{"embeddable":true,"href":"https:\/\/aavesa.com\/hu\/wp-json\/wp\/v2\/comments?post=91915"}],"wp:featuredmedia":[{"embeddable":true,"href":"https:\/\/aavesa.com\/hu\/wp-json\/wp\/v2\/media\/91916"}],"wp:attachment":[{"href":"https:\/\/aavesa.com\/hu\/wp-json\/wp\/v2\/media?parent=91915"}],"wp:term":[{"taxonomy":"product_brand","embeddable":true,"href":"https:\/\/aavesa.com\/hu\/wp-json\/wp\/v2\/product_brand?post=91915"},{"taxonomy":"product_cat","embeddable":true,"href":"https:\/\/aavesa.com\/hu\/wp-json\/wp\/v2\/product_cat?post=91915"},{"taxonomy":"product_tag","embeddable":true,"href":"https:\/\/aavesa.com\/hu\/wp-json\/wp\/v2\/product_tag?post=91915"}],"curies":[{"name":"wp","href":"https:\/\/api.w.org\/{rel}","templated":true}]}}