

{"id":91920,"date":"2024-07-26T16:25:23","date_gmt":"2024-07-26T16:25:23","guid":{"rendered":"https:\/\/new.aavesa.com\/produs\/megfordithato-nyirokabat-2007\/"},"modified":"2026-04-13T09:17:25","modified_gmt":"2026-04-13T11:17:25","slug":"megfordithato-nyirokabat-2007","status":"publish","type":"product","link":"https:\/\/aavesa.com\/hu\/product\/megfordithato-nyirokabat-2007\/","title":{"rendered":"Megford\u00edthat\u00f3 ny\u00edr\u00f3kab\u00e1t 2007"},"content":{"rendered":"<p>A merin\u00f3b\u00e1r\u00e1ny sz\u0151rme hagyom\u00e1nyos anyag kab\u00e1tok \u00e9s ruh\u00e1k k\u00e9sz\u00edt\u00e9s\u00e9hez a hideg \u00e9vszakra.<br \/>\nEz a merin\u00f3b\u00e1r\u00e1ny sz\u0151rm\u00e9b\u0151l k\u00e9sz\u00fclt,<a href=\"https:\/\/aavesa.com\/hu\/nok\/noi-shearling-kabatok\/\">megford\u00edthat\u00f3 shearling kab\u00e1t<\/a> egy j\u00f3 ruhadarab, amellyel \u00e9lvezheti a telet. Ez a kab\u00e1t tele van eleganci\u00e1val \u00e9s n\u0151iess\u00e9ggel, klasszikus, id\u0151tlen \u00f6lt\u00f6z\u00e9k\u00e9vel kiemelkedik, \u00edgy b\u00e1rmilyen koroszt\u00e1ly sz\u00e1m\u00e1ra alkalmas. A der\u00e9k k\u00f6r\u00fcli zsin\u00f3r seg\u00edt kiemelni a visel\u0151je derek\u00e1t, ami egy eleg\u00e1ns, de egyben praktikus elem. A k\u00e9t zseb fokozza a hordoz\u00f3 k\u00e9nyelm\u00e9t. A kab\u00e1t hossza 116 cm.  <\/p>\n","protected":false},"excerpt":{"rendered":"<p>A merin\u00f3b\u00e1r\u00e1ny sz\u0151rme hagyom\u00e1nyos anyag kab\u00e1tok \u00e9s ruh\u00e1k k\u00e9sz\u00edt\u00e9s\u00e9hez a hideg \u00e9vszakra. Ez a merin\u00f3b\u00e1r\u00e1ny sz\u0151rm\u00e9b\u0151l k\u00e9sz\u00fclt,megford\u00edthat\u00f3 shearling kab\u00e1t egy j\u00f3 ruhadarab, amellyel \u00e9lvezheti a telet. Ez a kab\u00e1t tele van eleganci\u00e1val \u00e9s n\u0151iess\u00e9ggel, klasszikus, id\u0151tlen \u00f6lt\u00f6z\u00e9k\u00e9vel kiemelkedik, \u00edgy b\u00e1rmilyen koroszt\u00e1ly sz\u00e1m\u00e1ra alkalmas. A der\u00e9k k\u00f6r\u00fcli zsin\u00f3r seg\u00edt kiemelni a visel\u0151je derek\u00e1t, ami egy eleg\u00e1ns, [&hellip;]<\/p>\n","protected":false},"featured_media":91921,"comment_status":"open","ping_status":"closed","template":"","meta":{"_acf_changed":false,"om_disable_all_campaigns":false,"inline_featured_image":false,"_monsterinsights_skip_tracking":false,"_monsterinsights_sitenote_active":false,"_monsterinsights_sitenote_note":"","_monsterinsights_sitenote_category":0},"product_brand":[],"product_cat":[846,778,779,741],"product_tag":[],"class_list":{"0":"post-91920","1":"product","2":"type-product","3":"status-publish","4":"has-post-thumbnail","6":"product_cat-2019-2020-kollekcio","7":"product_cat-baranybor-kabatok-hu","8":"product_cat-noi-shearling-kabatok","9":"product_cat-nok","11":"first","12":"instock","13":"taxable","14":"shipping-taxable","15":"purchasable","16":"product-type-variable","17":"has-default-attributes","18":"wvs-archive-product-wrapper"},"acf":{"categorie_feed":""},"aioseo_notices":[],"_links":{"self":[{"href":"https:\/\/aavesa.com\/hu\/wp-json\/wp\/v2\/product\/91920","targetHints":{"allow":["GET"]}}],"collection":[{"href":"https:\/\/aavesa.com\/hu\/wp-json\/wp\/v2\/product"}],"about":[{"href":"https:\/\/aavesa.com\/hu\/wp-json\/wp\/v2\/types\/product"}],"replies":[{"embeddable":true,"href":"https:\/\/aavesa.com\/hu\/wp-json\/wp\/v2\/comments?post=91920"}],"wp:featuredmedia":[{"embeddable":true,"href":"https:\/\/aavesa.com\/hu\/wp-json\/wp\/v2\/media\/91921"}],"wp:attachment":[{"href":"https:\/\/aavesa.com\/hu\/wp-json\/wp\/v2\/media?parent=91920"}],"wp:term":[{"taxonomy":"product_brand","embeddable":true,"href":"https:\/\/aavesa.com\/hu\/wp-json\/wp\/v2\/product_brand?post=91920"},{"taxonomy":"product_cat","embeddable":true,"href":"https:\/\/aavesa.com\/hu\/wp-json\/wp\/v2\/product_cat?post=91920"},{"taxonomy":"product_tag","embeddable":true,"href":"https:\/\/aavesa.com\/hu\/wp-json\/wp\/v2\/product_tag?post=91920"}],"curies":[{"name":"wp","href":"https:\/\/api.w.org\/{rel}","templated":true}]}}