

{"id":91945,"date":"2024-07-26T16:31:50","date_gmt":"2024-07-26T16:31:50","guid":{"rendered":"https:\/\/new.aavesa.com\/produs\/mink-szorme-kabat-ht001\/"},"modified":"2025-11-17T06:27:40","modified_gmt":"2025-11-17T06:27:40","slug":"mink-szorme-kabat-ht001","status":"publish","type":"product","link":"https:\/\/aavesa.com\/hu\/product\/mink-szorme-kabat-ht001\/","title":{"rendered":"Mink sz\u0151rme kab\u00e1t HT001"},"content":{"rendered":"<p><a href=\"https:\/\/aavesa.com\/hu\/nok\/vidra-bundak-vidra-zsekik\/\">A term\u00e9szetes nercbunda egy<\/a> olyan figyelemre m\u00e9lt\u00f3 megjelen\u00e9s\u0171 ruhadarab, amely minden n\u0151t k\u00fcl\u00f6nleges \u00e9rz\u00e9ssel t\u00f6lt el. Ez a meleg \u00e9s eleg\u00e1ns sz\u0151rmebunda sok k\u00e9nyelmet \u00e9s egy csipetnyi st\u00edlust biztos\u00edt visel\u0151j\u00e9nek. A kab\u00e1t sz\u00edne teljesen egyedi, ami m\u00e9g nehezebb\u00e9 teszi a mell\u0151z\u00e9s\u00e9t.  <\/p>\n","protected":false},"excerpt":{"rendered":"<p>A term\u00e9szetes nercbunda egy olyan figyelemre m\u00e9lt\u00f3 megjelen\u00e9s\u0171 ruhadarab, amely minden n\u0151t k\u00fcl\u00f6nleges \u00e9rz\u00e9ssel t\u00f6lt el. Ez a meleg \u00e9s eleg\u00e1ns sz\u0151rmebunda sok k\u00e9nyelmet \u00e9s egy csipetnyi st\u00edlust biztos\u00edt visel\u0151j\u00e9nek. A kab\u00e1t sz\u00edne teljesen egyedi, ami m\u00e9g nehezebb\u00e9 teszi a mell\u0151z\u00e9s\u00e9t.<\/p>\n","protected":false},"featured_media":91946,"comment_status":"closed","ping_status":"closed","template":"","meta":{"_acf_changed":false,"om_disable_all_campaigns":false,"inline_featured_image":false,"_monsterinsights_skip_tracking":false,"_monsterinsights_sitenote_active":false,"_monsterinsights_sitenote_note":"","_monsterinsights_sitenote_category":0},"product_brand":[],"product_cat":[848,766,769,741,770],"product_tag":[],"class_list":{"0":"post-91945","1":"product","2":"type-product","3":"status-publish","4":"has-post-thumbnail","6":"product_cat-2021-2022-es-kollekcio","7":"product_cat-bundas-kabatok-es-bundas-dzsekik-noknek","8":"product_cat-nerc-szorme","9":"product_cat-nok","10":"product_cat-vidra-bundak-vidra-zsekik","12":"first","13":"instock","14":"taxable","15":"shipping-taxable","16":"purchasable","17":"product-type-variable","18":"has-default-attributes","19":"wvs-archive-product-wrapper"},"acf":{"categorie_feed":""},"aioseo_notices":[],"_links":{"self":[{"href":"https:\/\/aavesa.com\/hu\/wp-json\/wp\/v2\/product\/91945","targetHints":{"allow":["GET"]}}],"collection":[{"href":"https:\/\/aavesa.com\/hu\/wp-json\/wp\/v2\/product"}],"about":[{"href":"https:\/\/aavesa.com\/hu\/wp-json\/wp\/v2\/types\/product"}],"replies":[{"embeddable":true,"href":"https:\/\/aavesa.com\/hu\/wp-json\/wp\/v2\/comments?post=91945"}],"wp:featuredmedia":[{"embeddable":true,"href":"https:\/\/aavesa.com\/hu\/wp-json\/wp\/v2\/media\/91946"}],"wp:attachment":[{"href":"https:\/\/aavesa.com\/hu\/wp-json\/wp\/v2\/media?parent=91945"}],"wp:term":[{"taxonomy":"product_brand","embeddable":true,"href":"https:\/\/aavesa.com\/hu\/wp-json\/wp\/v2\/product_brand?post=91945"},{"taxonomy":"product_cat","embeddable":true,"href":"https:\/\/aavesa.com\/hu\/wp-json\/wp\/v2\/product_cat?post=91945"},{"taxonomy":"product_tag","embeddable":true,"href":"https:\/\/aavesa.com\/hu\/wp-json\/wp\/v2\/product_tag?post=91945"}],"curies":[{"name":"wp","href":"https:\/\/api.w.org\/{rel}","templated":true}]}}