

{"id":91960,"date":"2024-07-26T16:31:30","date_gmt":"2024-07-26T16:31:30","guid":{"rendered":"https:\/\/new.aavesa.com\/produs\/hosszu-mink-szorme-kabat-hm026\/"},"modified":"2025-11-17T06:27:45","modified_gmt":"2025-11-17T06:27:45","slug":"hosszu-mink-szorme-kabat-hm026","status":"publish","type":"product","link":"https:\/\/aavesa.com\/hu\/product\/hosszu-mink-szorme-kabat-hm026\/","title":{"rendered":"Hossz\u00fa mink sz\u0151rme kab\u00e1t HM026"},"content":{"rendered":"<p>A <a href=\"https:\/\/aavesa.com\/hu\/nok\/vidra-bundak-vidra-zsekik\/\">hossz\u00fa nercbunda<\/a> l\u00e1tv\u00e1nyos, n\u0151ies \u00e9s eleg\u00e1ns. Egy bunda, amely csillog\u00e1s\u00e1val minden szemet mag\u00e1ra vonz &#8211; meleg, modern, de ugyanakkor eleg\u00e1ns is. Ez a term\u00e9szetes nercbunda bunda nagyon k\u00f6nny\u0171 \u00e9s k\u00e9nyelmes a gondosan kiv\u00e1lasztott b\u0151r\u00f6knek \u00e9s a finom anyagnak k\u00f6sz\u00f6nhet\u0151en. A kapucni \u00e9s a k\u00e9t zseb extra v\u00e9delmet ny\u00fajt a fagy ellen. Ez a modell h\u00f6lgyeknek \u00e9s fiatal h\u00f6lgyeknek egyar\u00e1nt alkalmas. A kab\u00e1t klipszekkel z\u00e1r\u00f3dik. A hossza 95 cm.      <\/p>\n","protected":false},"excerpt":{"rendered":"<p>A hossz\u00fa nercbunda l\u00e1tv\u00e1nyos, n\u0151ies \u00e9s eleg\u00e1ns. Egy bunda, amely csillog\u00e1s\u00e1val minden szemet mag\u00e1ra vonz &#8211; meleg, modern, de ugyanakkor eleg\u00e1ns is. Ez a term\u00e9szetes nercbunda bunda nagyon k\u00f6nny\u0171 \u00e9s k\u00e9nyelmes a gondosan kiv\u00e1lasztott b\u0151r\u00f6knek \u00e9s a finom anyagnak k\u00f6sz\u00f6nhet\u0151en. A kapucni \u00e9s a k\u00e9t zseb extra v\u00e9delmet ny\u00fajt a fagy ellen. Ez a modell [&hellip;]<\/p>\n","protected":false},"featured_media":91961,"comment_status":"closed","ping_status":"closed","template":"","meta":{"_acf_changed":false,"om_disable_all_campaigns":false,"inline_featured_image":false,"_monsterinsights_skip_tracking":false,"_monsterinsights_sitenote_active":false,"_monsterinsights_sitenote_note":"","_monsterinsights_sitenote_category":0},"product_brand":[],"product_cat":[848,766,769,741,770],"product_tag":[],"class_list":{"0":"post-91960","1":"product","2":"type-product","3":"status-publish","4":"has-post-thumbnail","6":"product_cat-2021-2022-es-kollekcio","7":"product_cat-bundas-kabatok-es-bundas-dzsekik-noknek","8":"product_cat-nerc-szorme","9":"product_cat-nok","10":"product_cat-vidra-bundak-vidra-zsekik","12":"first","13":"instock","14":"taxable","15":"shipping-taxable","16":"purchasable","17":"product-type-variable","18":"has-default-attributes","19":"wvs-archive-product-wrapper"},"acf":{"categorie_feed":""},"aioseo_notices":[],"_links":{"self":[{"href":"https:\/\/aavesa.com\/hu\/wp-json\/wp\/v2\/product\/91960","targetHints":{"allow":["GET"]}}],"collection":[{"href":"https:\/\/aavesa.com\/hu\/wp-json\/wp\/v2\/product"}],"about":[{"href":"https:\/\/aavesa.com\/hu\/wp-json\/wp\/v2\/types\/product"}],"replies":[{"embeddable":true,"href":"https:\/\/aavesa.com\/hu\/wp-json\/wp\/v2\/comments?post=91960"}],"wp:featuredmedia":[{"embeddable":true,"href":"https:\/\/aavesa.com\/hu\/wp-json\/wp\/v2\/media\/91961"}],"wp:attachment":[{"href":"https:\/\/aavesa.com\/hu\/wp-json\/wp\/v2\/media?parent=91960"}],"wp:term":[{"taxonomy":"product_brand","embeddable":true,"href":"https:\/\/aavesa.com\/hu\/wp-json\/wp\/v2\/product_brand?post=91960"},{"taxonomy":"product_cat","embeddable":true,"href":"https:\/\/aavesa.com\/hu\/wp-json\/wp\/v2\/product_cat?post=91960"},{"taxonomy":"product_tag","embeddable":true,"href":"https:\/\/aavesa.com\/hu\/wp-json\/wp\/v2\/product_tag?post=91960"}],"curies":[{"name":"wp","href":"https:\/\/api.w.org\/{rel}","templated":true}]}}